{"id":2548,"date":"2021-04-12T10:48:54","date_gmt":"2021-04-12T08:48:54","guid":{"rendered":"https:\/\/gaekko.de\/es\/?page_id=2548"},"modified":"2022-02-20T12:51:09","modified_gmt":"2022-02-20T11:51:09","slug":"consejero","status":"publish","type":"page","link":"https:\/\/gaekko.de\/es\/consejero\/","title":{"rendered":"Consejero"},"content":{"rendered":"\t\t<div data-elementor-type=\"wp-page\" data-elementor-id=\"2548\" class=\"elementor elementor-2548\" data-elementor-post-type=\"page\">\n\t\t\t\t\t\t<section class=\"elementor-section elementor-top-section elementor-element elementor-element-124d124 elementor-section-boxed elementor-section-height-default elementor-section-height-default\" data-id=\"124d124\" data-element_type=\"section\">\n\t\t\t\t\t\t<div class=\"elementor-container elementor-column-gap-default\">\n\t\t\t\t\t<div class=\"elementor-column elementor-col-100 elementor-top-column elementor-element elementor-element-9582744\" data-id=\"9582744\" data-element_type=\"column\">\n\t\t\t<div class=\"elementor-widget-wrap elementor-element-populated\">\n\t\t\t\t\t\t<div class=\"elementor-element elementor-element-84180ac elementor-widget elementor-widget-heading\" data-id=\"84180ac\" data-element_type=\"widget\" data-widget_type=\"heading.default\">\n\t\t\t\t<div class=\"elementor-widget-container\">\n\t\t\t\t\t<h1 class=\"elementor-heading-title elementor-size-default\">Consejero<\/h1>\t\t\t\t<\/div>\n\t\t\t\t<\/div>\n\t\t\t\t<div class=\"elementor-element elementor-element-1fa66bd elementor-widget-divider--view-line elementor-widget elementor-widget-divider\" data-id=\"1fa66bd\" data-element_type=\"widget\" data-widget_type=\"divider.default\">\n\t\t\t\t<div class=\"elementor-widget-container\">\n\t\t\t\t\t\t\t<div class=\"elementor-divider\">\n\t\t\t<span class=\"elementor-divider-separator\">\n\t\t\t\t\t\t<\/span>\n\t\t<\/div>\n\t\t\t\t\t\t<\/div>\n\t\t\t\t<\/div>\n\t\t\t\t<div class=\"elementor-element elementor-element-6056c5f elementor-widget-divider--view-line elementor-widget elementor-widget-divider\" data-id=\"6056c5f\" data-element_type=\"widget\" data-widget_type=\"divider.default\">\n\t\t\t\t<div class=\"elementor-widget-container\">\n\t\t\t\t\t\t\t<div class=\"elementor-divider\">\n\t\t\t<span class=\"elementor-divider-separator\">\n\t\t\t\t\t\t<\/span>\n\t\t<\/div>\n\t\t\t\t\t\t<\/div>\n\t\t\t\t<\/div>\n\t\t\t\t\t<\/div>\n\t\t<\/div>\n\t\t\t\t\t<\/div>\n\t\t<\/section>\n\t\t\t\t<section class=\"elementor-section elementor-top-section elementor-element elementor-element-6dc0b521 elementor-section-boxed elementor-section-height-default elementor-section-height-default\" data-id=\"6dc0b521\" data-element_type=\"section\">\n\t\t\t\t\t\t<div class=\"elementor-container elementor-column-gap-default\">\n\t\t\t\t\t<div class=\"elementor-column elementor-col-100 elementor-top-column elementor-element elementor-element-73128b30\" data-id=\"73128b30\" data-element_type=\"column\" data-settings=\"{&quot;background_background&quot;:&quot;gradient&quot;}\">\n\t\t\t<div class=\"elementor-widget-wrap elementor-element-populated\">\n\t\t\t\t\t\t<div class=\"elementor-element elementor-element-247efc2e elementor-widget elementor-widget-text-editor\" data-id=\"247efc2e\" data-element_type=\"widget\" data-widget_type=\"text-editor.default\">\n\t\t\t\t<div class=\"elementor-widget-container\">\n\t\t\t\t\t\t\t\t\t<p>\u00bfNo eres muy h\u00e1bil en el trabajo manual y siempre has querido saber c\u00f3mo colgar un cuadro en la pared de forma r\u00e1pida y sencilla? \u00bfQuiz\u00e1s solo desea inspirarse y est\u00e1 buscando nuevas formas de adjuntar sus im\u00e1genes?<\/p><p>Colgar cuadros correctamente es un arte en s\u00ed mismo. En nuestra gu\u00eda te mostramos varias opciones para colgar que har\u00e1n que tus fotos sean grandes. Le ense\u00f1amos los conceptos b\u00e1sicos para colgar fotograf\u00edas y le mostramos c\u00f3mo colocar fotograf\u00edas, impresiones o pinturas correctamente para que queden bien.<\/p><p>GAEKKO es el especialista en el campo de la colocaci\u00f3n de cuadros. O en resumen: \u00a1puedes colgar fotos con GAEKKO!<\/p>\t\t\t\t\t\t\t\t<\/div>\n\t\t\t\t<\/div>\n\t\t\t\t\t<\/div>\n\t\t<\/div>\n\t\t\t\t\t<\/div>\n\t\t<\/section>\n\t\t\t\t<section class=\"elementor-section elementor-top-section elementor-element elementor-element-dae86bd elementor-section-boxed elementor-section-height-default elementor-section-height-default\" data-id=\"dae86bd\" data-element_type=\"section\">\n\t\t\t\t\t\t<div class=\"elementor-container elementor-column-gap-default\">\n\t\t\t\t\t<div class=\"elementor-column elementor-col-100 elementor-top-column elementor-element elementor-element-835610b\" data-id=\"835610b\" data-element_type=\"column\">\n\t\t\t<div class=\"elementor-widget-wrap\">\n\t\t\t\t\t\t\t<\/div>\n\t\t<\/div>\n\t\t\t\t\t<\/div>\n\t\t<\/section>\n\t\t\t\t<\/div>\n\t\t","protected":false},"excerpt":{"rendered":"<p>Consejero \u00bfNo eres muy h\u00e1bil en el trabajo manual y siempre has querido saber c\u00f3mo colgar un cuadro en la pared de forma r\u00e1pida y sencilla? \u00bfQuiz\u00e1s solo desea inspirarse y est\u00e1 buscando nuevas formas de adjuntar sus im\u00e1genes? Colgar cuadros correctamente es un arte en s\u00ed mismo. En nuestra gu\u00eda te mostramos varias opciones [&hellip;]<\/p>\n","protected":false},"author":1,"featured_media":0,"parent":0,"menu_order":0,"comment_status":"closed","ping_status":"closed","template":"elementor_header_footer","meta":{"site-sidebar-layout":"no-sidebar","site-content-layout":"page-builder","ast-site-content-layout":"default","site-content-style":"default","site-sidebar-style":"default","ast-global-header-display":"","ast-banner-title-visibility":"","ast-main-header-display":"","ast-hfb-above-header-display":"","ast-hfb-below-header-display":"","ast-hfb-mobile-header-display":"","site-post-title":"disabled","ast-breadcrumbs-content":"disabled","ast-featured-img":"disabled","footer-sml-layout":"","ast-disable-related-posts":"","theme-transparent-header-meta":"default","adv-header-id-meta":"","stick-header-meta":"","header-above-stick-meta":"","header-main-stick-meta":"","header-below-stick-meta":"","astra-migrate-meta-layouts":"default","ast-page-background-enabled":"default","ast-page-background-meta":{"desktop":{"background-color":"","background-image":"","background-repeat":"repeat","background-position":"center center","background-size":"auto","background-attachment":"scroll","background-type":"","background-media":"","overlay-type":"","overlay-color":"","overlay-opacity":"","overlay-gradient":""},"tablet":{"background-color":"","background-image":"","background-repeat":"repeat","background-position":"center center","background-size":"auto","background-attachment":"scroll","background-type":"","background-media":"","overlay-type":"","overlay-color":"","overlay-opacity":"","overlay-gradient":""},"mobile":{"background-color":"","background-image":"","background-repeat":"repeat","background-position":"center center","background-size":"auto","background-attachment":"scroll","background-type":"","background-media":"","overlay-type":"","overlay-color":"","overlay-opacity":"","overlay-gradient":""}},"ast-content-background-meta":{"desktop":{"background-color":"var(--ast-global-color-5)","background-image":"","background-repeat":"repeat","background-position":"center center","background-size":"auto","background-attachment":"scroll","background-type":"","background-media":"","overlay-type":"","overlay-color":"","overlay-opacity":"","overlay-gradient":""},"tablet":{"background-color":"var(--ast-global-color-5)","background-image":"","background-repeat":"repeat","background-position":"center center","background-size":"auto","background-attachment":"scroll","background-type":"","background-media":"","overlay-type":"","overlay-color":"","overlay-opacity":"","overlay-gradient":""},"mobile":{"background-color":"var(--ast-global-color-5)","background-image":"","background-repeat":"repeat","background-position":"center center","background-size":"auto","background-attachment":"scroll","background-type":"","background-media":"","overlay-type":"","overlay-color":"","overlay-opacity":"","overlay-gradient":""}},"footnotes":""},"class_list":["post-2548","page","type-page","status-publish","hentry"],"yoast_head":"<!-- This site is optimized with the Yoast SEO Premium plugin v23.9 (Yoast SEO v26.1.1) - https:\/\/yoast.com\/wordpress\/plugins\/seo\/ -->\n<title>Consejero - GAEKKO Colgador de cuadros - Colgador para cuadros<\/title>\n<meta name=\"robots\" content=\"index, follow, max-snippet:-1, max-image-preview:large, max-video-preview:-1\" \/>\n<link rel=\"canonical\" href=\"https:\/\/gaekko.de\/es\/consejero\/\" \/>\n<meta property=\"og:locale\" content=\"es_ES\" \/>\n<meta property=\"og:type\" content=\"article\" \/>\n<meta property=\"og:title\" content=\"Consejero\" \/>\n<meta property=\"og:description\" content=\"Consejero \u00bfNo eres muy h\u00e1bil en el trabajo manual y siempre has querido saber c\u00f3mo colgar un cuadro en la pared de forma r\u00e1pida y sencilla? \u00bfQuiz\u00e1s solo desea inspirarse y est\u00e1 buscando nuevas formas de adjuntar sus im\u00e1genes? Colgar cuadros correctamente es un arte en s\u00ed mismo. En nuestra gu\u00eda te mostramos varias opciones [&hellip;]\" \/>\n<meta property=\"og:url\" content=\"https:\/\/gaekko.de\/es\/consejero\/\" \/>\n<meta property=\"og:site_name\" content=\"GAEKKO Colgador de cuadros - Colgador para cuadros\" \/>\n<meta property=\"article:publisher\" content=\"https:\/\/www.facebook.com\/GAEKKO.de\" \/>\n<meta property=\"article:modified_time\" content=\"2022-02-20T11:51:09+00:00\" \/>\n<meta name=\"twitter:card\" content=\"summary_large_image\" \/>\n<meta name=\"twitter:site\" content=\"@gaekko_de\" \/>\n<meta name=\"twitter:label1\" content=\"Tiempo de lectura\" \/>\n\t<meta name=\"twitter:data1\" content=\"1 minuto\" \/>\n<script type=\"application\/ld+json\" class=\"yoast-schema-graph\">{\"@context\":\"https:\/\/schema.org\",\"@graph\":[{\"@type\":\"WebPage\",\"@id\":\"https:\/\/gaekko.de\/es\/consejero\/\",\"url\":\"https:\/\/gaekko.de\/es\/consejero\/\",\"name\":\"Consejero - GAEKKO Colgador de cuadros - Colgador para cuadros\",\"isPartOf\":{\"@id\":\"https:\/\/gaekko.de\/es\/#website\"},\"datePublished\":\"2021-04-12T08:48:54+00:00\",\"dateModified\":\"2022-02-20T11:51:09+00:00\",\"breadcrumb\":{\"@id\":\"https:\/\/gaekko.de\/es\/consejero\/#breadcrumb\"},\"inLanguage\":\"es\",\"potentialAction\":[{\"@type\":\"ReadAction\",\"target\":[\"https:\/\/gaekko.de\/es\/consejero\/\"]}]},{\"@type\":\"BreadcrumbList\",\"@id\":\"https:\/\/gaekko.de\/es\/consejero\/#breadcrumb\",\"itemListElement\":[{\"@type\":\"ListItem\",\"position\":1,\"name\":\"Startseite\",\"item\":\"https:\/\/gaekko.de\/es\/\"},{\"@type\":\"ListItem\",\"position\":2,\"name\":\"Consejero\"}]},{\"@type\":\"WebSite\",\"@id\":\"https:\/\/gaekko.de\/es\/#website\",\"url\":\"https:\/\/gaekko.de\/es\/\",\"name\":\"GAEKKO Colgador de cuadros - Colgador para cuadros\",\"description\":\"\u00bfQuieres colgar un cuadro? Descubra nuestros productos para pegar, atornillar o clavar cuadros en la pared. \u00a1Para saber m\u00e1s haga click aqu\u00ed!\",\"publisher\":{\"@id\":\"https:\/\/gaekko.de\/es\/#organization\"},\"potentialAction\":[{\"@type\":\"SearchAction\",\"target\":{\"@type\":\"EntryPoint\",\"urlTemplate\":\"https:\/\/gaekko.de\/es\/?s={search_term_string}\"},\"query-input\":{\"@type\":\"PropertyValueSpecification\",\"valueRequired\":true,\"valueName\":\"search_term_string\"}}],\"inLanguage\":\"es\"},{\"@type\":\"Organization\",\"@id\":\"https:\/\/gaekko.de\/es\/#organization\",\"name\":\"GAEKKO Colgador de cuadros - Colgador para cuadros\",\"url\":\"https:\/\/gaekko.de\/es\/\",\"logo\":{\"@type\":\"ImageObject\",\"inLanguage\":\"es\",\"@id\":\"https:\/\/gaekko.de\/es\/#\/schema\/logo\/image\/\",\"url\":\"https:\/\/gaekko.de\/es\/wp-content\/uploads\/sites\/10\/2021\/07\/cropped-logo-fit-1.png\",\"contentUrl\":\"https:\/\/gaekko.de\/es\/wp-content\/uploads\/sites\/10\/2021\/07\/cropped-logo-fit-1.png\",\"width\":300,\"height\":60,\"caption\":\"GAEKKO Colgador de cuadros - Colgador para cuadros\"},\"image\":{\"@id\":\"https:\/\/gaekko.de\/es\/#\/schema\/logo\/image\/\"},\"sameAs\":[\"https:\/\/www.facebook.com\/GAEKKO.de\",\"https:\/\/x.com\/gaekko_de\",\"https:\/\/www.instagram.com\/gaekko.de\"]}]}<\/script>\n<!-- \/ Yoast SEO Premium plugin. -->","yoast_head_json":{"title":"Consejero - GAEKKO Colgador de cuadros - Colgador para cuadros","robots":{"index":"index","follow":"follow","max-snippet":"max-snippet:-1","max-image-preview":"max-image-preview:large","max-video-preview":"max-video-preview:-1"},"canonical":"https:\/\/gaekko.de\/es\/consejero\/","og_locale":"es_ES","og_type":"article","og_title":"Consejero","og_description":"Consejero \u00bfNo eres muy h\u00e1bil en el trabajo manual y siempre has querido saber c\u00f3mo colgar un cuadro en la pared de forma r\u00e1pida y sencilla? \u00bfQuiz\u00e1s solo desea inspirarse y est\u00e1 buscando nuevas formas de adjuntar sus im\u00e1genes? Colgar cuadros correctamente es un arte en s\u00ed mismo. En nuestra gu\u00eda te mostramos varias opciones [&hellip;]","og_url":"https:\/\/gaekko.de\/es\/consejero\/","og_site_name":"GAEKKO Colgador de cuadros - Colgador para cuadros","article_publisher":"https:\/\/www.facebook.com\/GAEKKO.de","article_modified_time":"2022-02-20T11:51:09+00:00","twitter_card":"summary_large_image","twitter_site":"@gaekko_de","twitter_misc":{"Tiempo de lectura":"1 minuto"},"schema":{"@context":"https:\/\/schema.org","@graph":[{"@type":"WebPage","@id":"https:\/\/gaekko.de\/es\/consejero\/","url":"https:\/\/gaekko.de\/es\/consejero\/","name":"Consejero - GAEKKO Colgador de cuadros - Colgador para cuadros","isPartOf":{"@id":"https:\/\/gaekko.de\/es\/#website"},"datePublished":"2021-04-12T08:48:54+00:00","dateModified":"2022-02-20T11:51:09+00:00","breadcrumb":{"@id":"https:\/\/gaekko.de\/es\/consejero\/#breadcrumb"},"inLanguage":"es","potentialAction":[{"@type":"ReadAction","target":["https:\/\/gaekko.de\/es\/consejero\/"]}]},{"@type":"BreadcrumbList","@id":"https:\/\/gaekko.de\/es\/consejero\/#breadcrumb","itemListElement":[{"@type":"ListItem","position":1,"name":"Startseite","item":"https:\/\/gaekko.de\/es\/"},{"@type":"ListItem","position":2,"name":"Consejero"}]},{"@type":"WebSite","@id":"https:\/\/gaekko.de\/es\/#website","url":"https:\/\/gaekko.de\/es\/","name":"GAEKKO Colgador de cuadros - Colgador para cuadros","description":"\u00bfQuieres colgar un cuadro? Descubra nuestros productos para pegar, atornillar o clavar cuadros en la pared. \u00a1Para saber m\u00e1s haga click aqu\u00ed!","publisher":{"@id":"https:\/\/gaekko.de\/es\/#organization"},"potentialAction":[{"@type":"SearchAction","target":{"@type":"EntryPoint","urlTemplate":"https:\/\/gaekko.de\/es\/?s={search_term_string}"},"query-input":{"@type":"PropertyValueSpecification","valueRequired":true,"valueName":"search_term_string"}}],"inLanguage":"es"},{"@type":"Organization","@id":"https:\/\/gaekko.de\/es\/#organization","name":"GAEKKO Colgador de cuadros - Colgador para cuadros","url":"https:\/\/gaekko.de\/es\/","logo":{"@type":"ImageObject","inLanguage":"es","@id":"https:\/\/gaekko.de\/es\/#\/schema\/logo\/image\/","url":"https:\/\/gaekko.de\/es\/wp-content\/uploads\/sites\/10\/2021\/07\/cropped-logo-fit-1.png","contentUrl":"https:\/\/gaekko.de\/es\/wp-content\/uploads\/sites\/10\/2021\/07\/cropped-logo-fit-1.png","width":300,"height":60,"caption":"GAEKKO Colgador de cuadros - Colgador para cuadros"},"image":{"@id":"https:\/\/gaekko.de\/es\/#\/schema\/logo\/image\/"},"sameAs":["https:\/\/www.facebook.com\/GAEKKO.de","https:\/\/x.com\/gaekko_de","https:\/\/www.instagram.com\/gaekko.de"]}]}},"_links":{"self":[{"href":"https:\/\/gaekko.de\/es\/wp-json\/wp\/v2\/pages\/2548","targetHints":{"allow":["GET"]}}],"collection":[{"href":"https:\/\/gaekko.de\/es\/wp-json\/wp\/v2\/pages"}],"about":[{"href":"https:\/\/gaekko.de\/es\/wp-json\/wp\/v2\/types\/page"}],"author":[{"embeddable":true,"href":"https:\/\/gaekko.de\/es\/wp-json\/wp\/v2\/users\/1"}],"replies":[{"embeddable":true,"href":"https:\/\/gaekko.de\/es\/wp-json\/wp\/v2\/comments?post=2548"}],"version-history":[{"count":11,"href":"https:\/\/gaekko.de\/es\/wp-json\/wp\/v2\/pages\/2548\/revisions"}],"predecessor-version":[{"id":16522,"href":"https:\/\/gaekko.de\/es\/wp-json\/wp\/v2\/pages\/2548\/revisions\/16522"}],"wp:attachment":[{"href":"https:\/\/gaekko.de\/es\/wp-json\/wp\/v2\/media?parent=2548"}],"curies":[{"name":"wp","href":"https:\/\/api.w.org\/{rel}","templated":true}]}}