{"id":749,"date":"2021-04-08T18:23:21","date_gmt":"2021-04-08T16:23:21","guid":{"rendered":"https:\/\/gaekko.de\/es\/?page_id=749"},"modified":"2024-01-14T08:48:02","modified_gmt":"2024-01-14T07:48:02","slug":"colgar-foto","status":"publish","type":"page","link":"https:\/\/gaekko.de\/es\/colgar-foto\/","title":{"rendered":"Colgador para cuadros"},"content":{"rendered":"\t\t<div data-elementor-type=\"wp-page\" data-elementor-id=\"749\" class=\"elementor elementor-749\" data-elementor-post-type=\"page\">\n\t\t\t\t\t\t<section class=\"elementor-section elementor-top-section elementor-element elementor-element-8f2be57 elementor-section-boxed elementor-section-height-default elementor-section-height-default\" data-id=\"8f2be57\" data-element_type=\"section\">\n\t\t\t\t\t\t<div class=\"elementor-container elementor-column-gap-default\">\n\t\t\t\t\t<div class=\"elementor-column elementor-col-100 elementor-top-column elementor-element elementor-element-753dfea\" data-id=\"753dfea\" data-element_type=\"column\">\n\t\t\t<div class=\"elementor-widget-wrap elementor-element-populated\">\n\t\t\t\t\t\t<div class=\"elementor-element elementor-element-3a6095c elementor-widget elementor-widget-heading\" data-id=\"3a6095c\" data-element_type=\"widget\" data-widget_type=\"heading.default\">\n\t\t\t\t<div class=\"elementor-widget-container\">\n\t\t\t\t\t<h2 class=\"elementor-heading-title elementor-size-default\"><h2 data-elementor-setting-key=\"title\" data-pen-placeholder=\"Teclea aqu\u00ed...\" style=\"font-style: normal;font-weight: var( --e-global-typography-primary-font-weight )\">NUESTROS COLGADOR PARA CUADROS<\/h2><\/h2>\t\t\t\t<\/div>\n\t\t\t\t<\/div>\n\t\t\t\t<div class=\"elementor-element elementor-element-3cbdfd5 elementor-widget-divider--view-line elementor-widget elementor-widget-divider\" data-id=\"3cbdfd5\" data-element_type=\"widget\" data-widget_type=\"divider.default\">\n\t\t\t\t<div class=\"elementor-widget-container\">\n\t\t\t\t\t\t\t<div class=\"elementor-divider\">\n\t\t\t<span class=\"elementor-divider-separator\">\n\t\t\t\t\t\t<\/span>\n\t\t<\/div>\n\t\t\t\t\t\t<\/div>\n\t\t\t\t<\/div>\n\t\t\t\t<div class=\"elementor-element elementor-element-42154c8 elementor-widget-divider--view-line elementor-widget elementor-widget-divider\" data-id=\"42154c8\" data-element_type=\"widget\" data-widget_type=\"divider.default\">\n\t\t\t\t<div class=\"elementor-widget-container\">\n\t\t\t\t\t\t\t<div class=\"elementor-divider\">\n\t\t\t<span class=\"elementor-divider-separator\">\n\t\t\t\t\t\t<\/span>\n\t\t<\/div>\n\t\t\t\t\t\t<\/div>\n\t\t\t\t<\/div>\n\t\t\t\t\t<\/div>\n\t\t<\/div>\n\t\t\t\t\t<\/div>\n\t\t<\/section>\n\t\t\t\t<section class=\"elementor-section elementor-top-section elementor-element elementor-element-9087dcd elementor-section-boxed elementor-section-height-default elementor-section-height-default\" data-id=\"9087dcd\" data-element_type=\"section\">\n\t\t\t\t\t\t<div class=\"elementor-container elementor-column-gap-default\">\n\t\t\t\t\t<div class=\"elementor-column elementor-col-33 elementor-top-column elementor-element elementor-element-d439a27\" data-id=\"d439a27\" data-element_type=\"column\">\n\t\t\t<div class=\"elementor-widget-wrap\">\n\t\t\t\t\t\t\t<\/div>\n\t\t<\/div>\n\t\t\t\t<div class=\"elementor-column elementor-col-33 elementor-top-column elementor-element elementor-element-ed90771\" data-id=\"ed90771\" data-element_type=\"column\">\n\t\t\t<div class=\"elementor-widget-wrap\">\n\t\t\t\t\t\t\t<\/div>\n\t\t<\/div>\n\t\t\t\t<div class=\"elementor-column elementor-col-33 elementor-top-column elementor-element elementor-element-d45425e\" data-id=\"d45425e\" data-element_type=\"column\">\n\t\t\t<div class=\"elementor-widget-wrap\">\n\t\t\t\t\t\t\t<\/div>\n\t\t<\/div>\n\t\t\t\t\t<\/div>\n\t\t<\/section>\n\t\t\t\t<section class=\"elementor-section elementor-top-section elementor-element elementor-element-aa9ed7c elementor-section-height-min-height elementor-section-boxed elementor-section-height-default elementor-section-items-middle\" data-id=\"aa9ed7c\" data-element_type=\"section\">\n\t\t\t\t\t\t<div class=\"elementor-container elementor-column-gap-default\">\n\t\t\t\t\t<div class=\"elementor-column elementor-col-25 elementor-top-column elementor-element elementor-element-331173c\" data-id=\"331173c\" data-element_type=\"column\">\n\t\t\t<div class=\"elementor-widget-wrap\">\n\t\t\t\t\t\t\t<\/div>\n\t\t<\/div>\n\t\t\t\t<div class=\"elementor-column elementor-col-25 elementor-top-column elementor-element elementor-element-f5756cd\" data-id=\"f5756cd\" data-element_type=\"column\">\n\t\t\t<div class=\"elementor-widget-wrap\">\n\t\t\t\t\t\t\t<\/div>\n\t\t<\/div>\n\t\t\t\t<div class=\"elementor-column elementor-col-25 elementor-top-column elementor-element elementor-element-1dd6e86\" data-id=\"1dd6e86\" data-element_type=\"column\">\n\t\t\t<div class=\"elementor-widget-wrap\">\n\t\t\t\t\t\t\t<\/div>\n\t\t<\/div>\n\t\t\t\t<div class=\"elementor-column elementor-col-25 elementor-top-column elementor-element elementor-element-04a9640\" data-id=\"04a9640\" data-element_type=\"column\">\n\t\t\t<div class=\"elementor-widget-wrap\">\n\t\t\t\t\t\t\t<\/div>\n\t\t<\/div>\n\t\t\t\t\t<\/div>\n\t\t<\/section>\n\t\t\t\t<section class=\"elementor-section elementor-top-section elementor-element elementor-element-ebc1410 elementor-section-boxed elementor-section-height-default elementor-section-height-default\" data-id=\"ebc1410\" data-element_type=\"section\">\n\t\t\t\t\t\t<div class=\"elementor-container elementor-column-gap-default\">\n\t\t\t\t\t<div class=\"elementor-column elementor-col-100 elementor-top-column elementor-element elementor-element-8f9e293\" data-id=\"8f9e293\" data-element_type=\"column\">\n\t\t\t<div class=\"elementor-widget-wrap elementor-element-populated\">\n\t\t\t\t\t\t<div class=\"elementor-element elementor-element-59e8627 elementor-widget elementor-widget-spacer\" data-id=\"59e8627\" data-element_type=\"widget\" data-widget_type=\"spacer.default\">\n\t\t\t\t<div class=\"elementor-widget-container\">\n\t\t\t\t\t\t\t<div class=\"elementor-spacer\">\n\t\t\t<div class=\"elementor-spacer-inner\"><\/div>\n\t\t<\/div>\n\t\t\t\t\t\t<\/div>\n\t\t\t\t<\/div>\n\t\t\t\t<div class=\"elementor-element elementor-element-1a5a688 elementor-widget elementor-widget-spacer\" data-id=\"1a5a688\" data-element_type=\"widget\" data-widget_type=\"spacer.default\">\n\t\t\t\t<div class=\"elementor-widget-container\">\n\t\t\t\t\t\t\t<div class=\"elementor-spacer\">\n\t\t\t<div class=\"elementor-spacer-inner\"><\/div>\n\t\t<\/div>\n\t\t\t\t\t\t<\/div>\n\t\t\t\t<\/div>\n\t\t\t\t\t<\/div>\n\t\t<\/div>\n\t\t\t\t\t<\/div>\n\t\t<\/section>\n\t\t\t\t<section class=\"elementor-section elementor-top-section elementor-element elementor-element-4985f37 elementor-section-boxed elementor-section-height-default elementor-section-height-default\" data-id=\"4985f37\" data-element_type=\"section\">\n\t\t\t\t\t\t<div class=\"elementor-container elementor-column-gap-default\">\n\t\t\t\t\t<div class=\"elementor-column elementor-col-100 elementor-top-column elementor-element elementor-element-2c970f5\" data-id=\"2c970f5\" data-element_type=\"column\">\n\t\t\t<div class=\"elementor-widget-wrap elementor-element-populated\">\n\t\t\t\t\t\t<div class=\"elementor-element elementor-element-f71b2d5 elementor-widget elementor-widget-woocommerce-breadcrumb\" data-id=\"f71b2d5\" data-element_type=\"widget\" data-widget_type=\"woocommerce-breadcrumb.default\">\n\t\t\t\t<div class=\"elementor-widget-container\">\n\t\t\t\t\t<nav class=\"woocommerce-breadcrumb\" aria-label=\"Breadcrumb\">Inicio<\/nav>\t\t\t\t<\/div>\n\t\t\t\t<\/div>\n\t\t\t\t\t<\/div>\n\t\t<\/div>\n\t\t\t\t\t<\/div>\n\t\t<\/section>\n\t\t\t\t<\/div>\n\t\t","protected":false},"excerpt":{"rendered":"<p>NUESTROS COLGADOR PARA CUADROS GaleriaGAEKKO EL SOPORTE DE LA IMAGEN PARA EL ALUMINIO, EL VIDRIO ACR\u00cdLICO Y EL FOREX &nbsp; LienzoGAEKKO LA PERCHA PARA LIENZOS Y BASTIDORES TENSADOS &nbsp; MarcoGAEKKO EL PORTAFOTOS PARA TODAS LAS FOTOS ENMARCADAS &nbsp; FotoGAEKKO LA PERCHA PARA FOTOS Y POSTALES (autoadhesivo) &nbsp; P\u00f3sterGAEKKO LA PERCHA PARA P\u00d3STERS E IMPRESIONES ART\u00cdSTICAS [&hellip;]<\/p>\n","protected":false},"author":1,"featured_media":0,"parent":0,"menu_order":0,"comment_status":"closed","ping_status":"closed","template":"elementor_header_footer","meta":{"site-sidebar-layout":"no-sidebar","site-content-layout":"page-builder","ast-site-content-layout":"full-width-container","site-content-style":"unboxed","site-sidebar-style":"unboxed","ast-global-header-display":"","ast-banner-title-visibility":"","ast-main-header-display":"","ast-hfb-above-header-display":"","ast-hfb-below-header-display":"","ast-hfb-mobile-header-display":"","site-post-title":"disabled","ast-breadcrumbs-content":"disabled","ast-featured-img":"disabled","footer-sml-layout":"","ast-disable-related-posts":"","theme-transparent-header-meta":"default","adv-header-id-meta":"","stick-header-meta":"","header-above-stick-meta":"","header-main-stick-meta":"","header-below-stick-meta":"","astra-migrate-meta-layouts":"set","ast-page-background-enabled":"default","ast-page-background-meta":{"desktop":{"background-color":"","background-image":"","background-repeat":"repeat","background-position":"center center","background-size":"auto","background-attachment":"scroll","background-type":"","background-media":"","overlay-type":"","overlay-color":"","overlay-opacity":"","overlay-gradient":""},"tablet":{"background-color":"","background-image":"","background-repeat":"repeat","background-position":"center center","background-size":"auto","background-attachment":"scroll","background-type":"","background-media":"","overlay-type":"","overlay-color":"","overlay-opacity":"","overlay-gradient":""},"mobile":{"background-color":"","background-image":"","background-repeat":"repeat","background-position":"center center","background-size":"auto","background-attachment":"scroll","background-type":"","background-media":"","overlay-type":"","overlay-color":"","overlay-opacity":"","overlay-gradient":""}},"ast-content-background-meta":{"desktop":{"background-color":"var(--ast-global-color-5)","background-image":"","background-repeat":"repeat","background-position":"center center","background-size":"auto","background-attachment":"scroll","background-type":"","background-media":"","overlay-type":"","overlay-color":"","overlay-opacity":"","overlay-gradient":""},"tablet":{"background-color":"var(--ast-global-color-5)","background-image":"","background-repeat":"repeat","background-position":"center center","background-size":"auto","background-attachment":"scroll","background-type":"","background-media":"","overlay-type":"","overlay-color":"","overlay-opacity":"","overlay-gradient":""},"mobile":{"background-color":"var(--ast-global-color-5)","background-image":"","background-repeat":"repeat","background-position":"center center","background-size":"auto","background-attachment":"scroll","background-type":"","background-media":"","overlay-type":"","overlay-color":"","overlay-opacity":"","overlay-gradient":""}},"footnotes":""},"class_list":["post-749","page","type-page","status-publish","hentry"],"yoast_head":"<!-- This site is optimized with the Yoast SEO Premium plugin v23.9 (Yoast SEO v26.1.1) - https:\/\/yoast.com\/wordpress\/plugins\/seo\/ -->\n<title>Colgador para cuadros - GAEKKO Colgador de cuadros - Colgador para cuadros<\/title>\n<meta name=\"robots\" content=\"index, follow, max-snippet:-1, max-image-preview:large, max-video-preview:-1\" \/>\n<link rel=\"canonical\" href=\"https:\/\/gaekko.de\/es\/colgar-foto\/\" \/>\n<meta property=\"og:locale\" content=\"es_ES\" \/>\n<meta property=\"og:type\" content=\"article\" \/>\n<meta property=\"og:title\" content=\"Colgador para cuadros\" \/>\n<meta property=\"og:description\" content=\"NUESTROS COLGADOR PARA CUADROS GaleriaGAEKKO EL SOPORTE DE LA IMAGEN PARA EL ALUMINIO, EL VIDRIO ACR\u00cdLICO Y EL FOREX &nbsp; LienzoGAEKKO LA PERCHA PARA LIENZOS Y BASTIDORES TENSADOS &nbsp; MarcoGAEKKO EL PORTAFOTOS PARA TODAS LAS FOTOS ENMARCADAS &nbsp; FotoGAEKKO LA PERCHA PARA FOTOS Y POSTALES (autoadhesivo) &nbsp; P\u00f3sterGAEKKO LA PERCHA PARA P\u00d3STERS E IMPRESIONES ART\u00cdSTICAS [&hellip;]\" \/>\n<meta property=\"og:url\" content=\"https:\/\/gaekko.de\/es\/colgar-foto\/\" \/>\n<meta property=\"og:site_name\" content=\"GAEKKO Colgador de cuadros - Colgador para cuadros\" \/>\n<meta property=\"article:publisher\" content=\"https:\/\/www.facebook.com\/GAEKKO.de\" \/>\n<meta property=\"article:modified_time\" content=\"2024-01-14T07:48:02+00:00\" \/>\n<meta property=\"og:image\" content=\"https:\/\/gaekko.de\/wp-content\/uploads\/2021\/07\/cuadros-alu-dibond-colgar-sin-taladro-colgador-autoadhesivo.jpg\" \/>\n<meta name=\"twitter:card\" content=\"summary_large_image\" \/>\n<meta name=\"twitter:site\" content=\"@gaekko_de\" \/>\n<script type=\"application\/ld+json\" class=\"yoast-schema-graph\">{\"@context\":\"https:\/\/schema.org\",\"@graph\":[{\"@type\":\"WebPage\",\"@id\":\"https:\/\/gaekko.de\/es\/colgar-foto\/\",\"url\":\"https:\/\/gaekko.de\/es\/colgar-foto\/\",\"name\":\"Colgador para cuadros - GAEKKO Colgador de cuadros - Colgador para cuadros\",\"isPartOf\":{\"@id\":\"https:\/\/gaekko.de\/es\/#website\"},\"primaryImageOfPage\":{\"@id\":\"https:\/\/gaekko.de\/es\/colgar-foto\/#primaryimage\"},\"image\":{\"@id\":\"https:\/\/gaekko.de\/es\/colgar-foto\/#primaryimage\"},\"thumbnailUrl\":\"https:\/\/gaekko.de\/wp-content\/uploads\/2021\/07\/cuadros-alu-dibond-colgar-sin-taladro-colgador-autoadhesivo.jpg\",\"datePublished\":\"2021-04-08T16:23:21+00:00\",\"dateModified\":\"2024-01-14T07:48:02+00:00\",\"breadcrumb\":{\"@id\":\"https:\/\/gaekko.de\/es\/colgar-foto\/#breadcrumb\"},\"inLanguage\":\"es\",\"potentialAction\":[{\"@type\":\"ReadAction\",\"target\":[\"https:\/\/gaekko.de\/es\/colgar-foto\/\"]}]},{\"@type\":\"ImageObject\",\"inLanguage\":\"es\",\"@id\":\"https:\/\/gaekko.de\/es\/colgar-foto\/#primaryimage\",\"url\":\"https:\/\/gaekko.de\/wp-content\/uploads\/2021\/07\/cuadros-alu-dibond-colgar-sin-taladro-colgador-autoadhesivo.jpg\",\"contentUrl\":\"https:\/\/gaekko.de\/wp-content\/uploads\/2021\/07\/cuadros-alu-dibond-colgar-sin-taladro-colgador-autoadhesivo.jpg\"},{\"@type\":\"BreadcrumbList\",\"@id\":\"https:\/\/gaekko.de\/es\/colgar-foto\/#breadcrumb\",\"itemListElement\":[{\"@type\":\"ListItem\",\"position\":1,\"name\":\"Startseite\",\"item\":\"https:\/\/gaekko.de\/es\/\"},{\"@type\":\"ListItem\",\"position\":2,\"name\":\"Colgador para cuadros\"}]},{\"@type\":\"WebSite\",\"@id\":\"https:\/\/gaekko.de\/es\/#website\",\"url\":\"https:\/\/gaekko.de\/es\/\",\"name\":\"GAEKKO Colgador de cuadros - Colgador para cuadros\",\"description\":\"\u00bfQuieres colgar un cuadro? Descubra nuestros productos para pegar, atornillar o clavar cuadros en la pared. \u00a1Para saber m\u00e1s haga click aqu\u00ed!\",\"publisher\":{\"@id\":\"https:\/\/gaekko.de\/es\/#organization\"},\"potentialAction\":[{\"@type\":\"SearchAction\",\"target\":{\"@type\":\"EntryPoint\",\"urlTemplate\":\"https:\/\/gaekko.de\/es\/?s={search_term_string}\"},\"query-input\":{\"@type\":\"PropertyValueSpecification\",\"valueRequired\":true,\"valueName\":\"search_term_string\"}}],\"inLanguage\":\"es\"},{\"@type\":\"Organization\",\"@id\":\"https:\/\/gaekko.de\/es\/#organization\",\"name\":\"GAEKKO Colgador de cuadros - Colgador para cuadros\",\"url\":\"https:\/\/gaekko.de\/es\/\",\"logo\":{\"@type\":\"ImageObject\",\"inLanguage\":\"es\",\"@id\":\"https:\/\/gaekko.de\/es\/#\/schema\/logo\/image\/\",\"url\":\"https:\/\/gaekko.de\/es\/wp-content\/uploads\/sites\/10\/2021\/07\/cropped-logo-fit-1.png\",\"contentUrl\":\"https:\/\/gaekko.de\/es\/wp-content\/uploads\/sites\/10\/2021\/07\/cropped-logo-fit-1.png\",\"width\":300,\"height\":60,\"caption\":\"GAEKKO Colgador de cuadros - Colgador para cuadros\"},\"image\":{\"@id\":\"https:\/\/gaekko.de\/es\/#\/schema\/logo\/image\/\"},\"sameAs\":[\"https:\/\/www.facebook.com\/GAEKKO.de\",\"https:\/\/x.com\/gaekko_de\",\"https:\/\/www.instagram.com\/gaekko.de\"]}]}<\/script>\n<!-- \/ Yoast SEO Premium plugin. -->","yoast_head_json":{"title":"Colgador para cuadros - GAEKKO Colgador de cuadros - Colgador para cuadros","robots":{"index":"index","follow":"follow","max-snippet":"max-snippet:-1","max-image-preview":"max-image-preview:large","max-video-preview":"max-video-preview:-1"},"canonical":"https:\/\/gaekko.de\/es\/colgar-foto\/","og_locale":"es_ES","og_type":"article","og_title":"Colgador para cuadros","og_description":"NUESTROS COLGADOR PARA CUADROS GaleriaGAEKKO EL SOPORTE DE LA IMAGEN PARA EL ALUMINIO, EL VIDRIO ACR\u00cdLICO Y EL FOREX &nbsp; LienzoGAEKKO LA PERCHA PARA LIENZOS Y BASTIDORES TENSADOS &nbsp; MarcoGAEKKO EL PORTAFOTOS PARA TODAS LAS FOTOS ENMARCADAS &nbsp; FotoGAEKKO LA PERCHA PARA FOTOS Y POSTALES (autoadhesivo) &nbsp; P\u00f3sterGAEKKO LA PERCHA PARA P\u00d3STERS E IMPRESIONES ART\u00cdSTICAS [&hellip;]","og_url":"https:\/\/gaekko.de\/es\/colgar-foto\/","og_site_name":"GAEKKO Colgador de cuadros - Colgador para cuadros","article_publisher":"https:\/\/www.facebook.com\/GAEKKO.de","article_modified_time":"2024-01-14T07:48:02+00:00","og_image":[{"url":"https:\/\/gaekko.de\/wp-content\/uploads\/2021\/07\/cuadros-alu-dibond-colgar-sin-taladro-colgador-autoadhesivo.jpg","type":"","width":"","height":""}],"twitter_card":"summary_large_image","twitter_site":"@gaekko_de","schema":{"@context":"https:\/\/schema.org","@graph":[{"@type":"WebPage","@id":"https:\/\/gaekko.de\/es\/colgar-foto\/","url":"https:\/\/gaekko.de\/es\/colgar-foto\/","name":"Colgador para cuadros - GAEKKO Colgador de cuadros - Colgador para cuadros","isPartOf":{"@id":"https:\/\/gaekko.de\/es\/#website"},"primaryImageOfPage":{"@id":"https:\/\/gaekko.de\/es\/colgar-foto\/#primaryimage"},"image":{"@id":"https:\/\/gaekko.de\/es\/colgar-foto\/#primaryimage"},"thumbnailUrl":"https:\/\/gaekko.de\/wp-content\/uploads\/2021\/07\/cuadros-alu-dibond-colgar-sin-taladro-colgador-autoadhesivo.jpg","datePublished":"2021-04-08T16:23:21+00:00","dateModified":"2024-01-14T07:48:02+00:00","breadcrumb":{"@id":"https:\/\/gaekko.de\/es\/colgar-foto\/#breadcrumb"},"inLanguage":"es","potentialAction":[{"@type":"ReadAction","target":["https:\/\/gaekko.de\/es\/colgar-foto\/"]}]},{"@type":"ImageObject","inLanguage":"es","@id":"https:\/\/gaekko.de\/es\/colgar-foto\/#primaryimage","url":"https:\/\/gaekko.de\/wp-content\/uploads\/2021\/07\/cuadros-alu-dibond-colgar-sin-taladro-colgador-autoadhesivo.jpg","contentUrl":"https:\/\/gaekko.de\/wp-content\/uploads\/2021\/07\/cuadros-alu-dibond-colgar-sin-taladro-colgador-autoadhesivo.jpg"},{"@type":"BreadcrumbList","@id":"https:\/\/gaekko.de\/es\/colgar-foto\/#breadcrumb","itemListElement":[{"@type":"ListItem","position":1,"name":"Startseite","item":"https:\/\/gaekko.de\/es\/"},{"@type":"ListItem","position":2,"name":"Colgador para cuadros"}]},{"@type":"WebSite","@id":"https:\/\/gaekko.de\/es\/#website","url":"https:\/\/gaekko.de\/es\/","name":"GAEKKO Colgador de cuadros - Colgador para cuadros","description":"\u00bfQuieres colgar un cuadro? Descubra nuestros productos para pegar, atornillar o clavar cuadros en la pared. \u00a1Para saber m\u00e1s haga click aqu\u00ed!","publisher":{"@id":"https:\/\/gaekko.de\/es\/#organization"},"potentialAction":[{"@type":"SearchAction","target":{"@type":"EntryPoint","urlTemplate":"https:\/\/gaekko.de\/es\/?s={search_term_string}"},"query-input":{"@type":"PropertyValueSpecification","valueRequired":true,"valueName":"search_term_string"}}],"inLanguage":"es"},{"@type":"Organization","@id":"https:\/\/gaekko.de\/es\/#organization","name":"GAEKKO Colgador de cuadros - Colgador para cuadros","url":"https:\/\/gaekko.de\/es\/","logo":{"@type":"ImageObject","inLanguage":"es","@id":"https:\/\/gaekko.de\/es\/#\/schema\/logo\/image\/","url":"https:\/\/gaekko.de\/es\/wp-content\/uploads\/sites\/10\/2021\/07\/cropped-logo-fit-1.png","contentUrl":"https:\/\/gaekko.de\/es\/wp-content\/uploads\/sites\/10\/2021\/07\/cropped-logo-fit-1.png","width":300,"height":60,"caption":"GAEKKO Colgador de cuadros - Colgador para cuadros"},"image":{"@id":"https:\/\/gaekko.de\/es\/#\/schema\/logo\/image\/"},"sameAs":["https:\/\/www.facebook.com\/GAEKKO.de","https:\/\/x.com\/gaekko_de","https:\/\/www.instagram.com\/gaekko.de"]}]}},"_links":{"self":[{"href":"https:\/\/gaekko.de\/es\/wp-json\/wp\/v2\/pages\/749","targetHints":{"allow":["GET"]}}],"collection":[{"href":"https:\/\/gaekko.de\/es\/wp-json\/wp\/v2\/pages"}],"about":[{"href":"https:\/\/gaekko.de\/es\/wp-json\/wp\/v2\/types\/page"}],"author":[{"embeddable":true,"href":"https:\/\/gaekko.de\/es\/wp-json\/wp\/v2\/users\/1"}],"replies":[{"embeddable":true,"href":"https:\/\/gaekko.de\/es\/wp-json\/wp\/v2\/comments?post=749"}],"version-history":[{"count":10,"href":"https:\/\/gaekko.de\/es\/wp-json\/wp\/v2\/pages\/749\/revisions"}],"predecessor-version":[{"id":17532,"href":"https:\/\/gaekko.de\/es\/wp-json\/wp\/v2\/pages\/749\/revisions\/17532"}],"wp:attachment":[{"href":"https:\/\/gaekko.de\/es\/wp-json\/wp\/v2\/media?parent=749"}],"curies":[{"name":"wp","href":"https:\/\/api.w.org\/{rel}","templated":true}]}}