{"id":10381,"date":"2021-07-01T11:20:15","date_gmt":"2021-07-01T09:20:15","guid":{"rendered":"https:\/\/gaekko.de\/it\/?page_id=10381"},"modified":"2022-01-07T15:21:39","modified_gmt":"2022-01-07T14:21:39","slug":"condizioni-di-utilizzo","status":"publish","type":"page","link":"https:\/\/gaekko.de\/it\/condizioni-di-utilizzo\/","title":{"rendered":"Condizioni di utilizzo"},"content":{"rendered":"<h2>Condizioni generali di contratto<\/h2>\n<p>&nbsp;<\/p>\n<p>1. Ambito<\/p>\n<p>I seguenti termini e condizioni si applicano a tutti gli ordini effettuati tramite il nostro negozio online da consumatori e imprenditori.<\/p>\n<p>Un consumatore \u00e8 qualsiasi persona fisica che conclude un negozio giuridico per scopi che non sono prevalentemente n\u00e9 commerciali n\u00e9 autonomi. Un imprenditore \u00e8 una persona fisica o giuridica o una societ\u00e0 di persone giuridiche che, al momento della conclusione di un negozio giuridico, agisce nell&#8217;esercizio della propria attivit\u00e0 commerciale o professionale indipendente.<\/p>\n<p>Per quanto riguarda gli imprenditori, questi termini e condizioni si applicano anche ai futuri rapporti commerciali senza che sia necessario consultarli nuovamente. Se l&#8217;imprenditore utilizza termini e condizioni generali contrastanti o complementari, la loro validit\u00e0 \u00e8 contraddetta; diventano parte del contratto solo se abbiamo espressamente acconsentito a ci\u00f2.<\/p>\n<p>2. Partner contrattuale, conclusione del contratto<\/p>\n<p>Il contratto di acquisto \u00e8 concluso con &#8211; GAEKKO UG (RESPONSABILIT\u00c0 LIMITATA), GEl\u00dfLERSTRA\u00dfE 32 in 66123 SAARBR\u00dcCKEN, supporto [@] gaekko.de.<\/p>\n<p>La presentazione dei prodotti nel negozio online non \u00e8 un&#8217;offerta legalmente vincolante, ma un catalogo online non vincolante.Puoi inizialmente inserire i nostri prodotti nel carrello senza impegno e correggere i tuoi dati in qualsiasi momento prima di inviare il tuo ordine vincolante utilizzando le informazioni fornite nel processo di ordinazione e utilizzare gli strumenti di correzione illustrati. Facendo clic sul pulsante dell&#8217;ordine, si effettua un ordine vincolante per la merce nel carrello. La conferma della ricezione dell&#8217;ordine avviene contestualmente all&#8217;accettazione dell&#8217;ordine subito dopo l&#8217;invio tramite e-mail automatizzata. Con questa e-mail di conferma il contratto di acquisto \u00e8 concluso.<\/p>\n<p>Un contratto vincolante pu\u00f2 anche essere concluso in anticipo come segue:<br \/>\nSe hai scelto la modalit\u00e0 di pagamento PayPal, il contratto \u00e8 concluso quando confermi l&#8217;ordine di pagamento a PayPal.<br \/>\nLa lingua a disposizione per la conclusione del contratto \u00e8 il tedesco.<br \/>\nSalviamo il testo del contratto e ti inviamo i dati dell&#8217;ordine e i nostri termini e condizioni via e-mail. Puoi anche visualizzare i termini e le condizioni qui in questa pagina in qualsiasi momento. Puoi visualizzare i tuoi ordini passati nel nostro login cliente.<\/p>\n<p>3. Termini di consegna<\/p>\n<p>La spedizione verr\u00e0 effettuata per posta entro un massimo di 14 giorni.<\/p>\n<p>4. Pagamento<\/p>\n<p>Nel nostro negozio sono disponibili i seguenti metodi di pagamento:<\/p>\n<p>trasferimento<br \/>\nSe scegli la modalit\u00e0 di pagamento con bonifico, ti forniremo le nostre coordinate bancarie nella conferma d&#8217;ordine e consegneremo la merce dopo aver ricevuto il pagamento.<\/p>\n<p>Bonifico bancario istantaneo<br \/>\nSe scegli il metodo di pagamento Sofort-\u00dcberweisung, invieremo la merce direttamente con l&#8217;opzione Sofort-\u00dcberweisung.<\/p>\n<p>Paypal<br \/>\nPaghi l&#8217;importo della fattura tramite il provider online PayPal. In linea di principio, devi essere registrato l\u00ec o registrarti prima, legittimare con i tuoi dati di accesso e confermarci le istruzioni di pagamento (ad eccezione, se applicabile, accesso ospite). Riceverai maggiori informazioni durante il processo di ordinazione. Consegniamo direttamente.<\/p>\n<p>5. Diritto di recesso<\/p>\n<p>I consumatori hanno il diritto legale di cancellazione come descritto nella politica di cancellazione. Agli imprenditori non \u00e8 concesso un diritto di recesso volontario.<\/p>\n<p>6. Riserva di propriet\u00e0<\/p>\n<p>La merce rimane di nostra propriet\u00e0 fino al completo pagamento.<\/p>\n<p>Per gli imprenditori vale anche quanto segue: ci riserviamo la propriet\u00e0 della merce fino al completo pagamento di tutti i crediti derivanti da un rapporto commerciale in corso. \u00c8 possibile rivendere i beni riservati nel normale svolgimento dell&#8217;attivit\u00e0; Assegnate tutti i crediti derivanti da questa rivendita &#8211; indipendentemente da una combinazione o mescolanza della merce riservata con un nuovo articolo &#8211; per l&#8217;importo dell&#8217;importo della fattura a noi in anticipo e accettiamo questa cessione. Rimani autorizzato a riscuotere i crediti, ma potremmo anche riscuoterli noi stessi se non rispetti i tuoi obblighi di pagamento.<\/p>\n<p>7. Disposizioni finali<\/p>\n<p>Se sei un imprenditore, si applica la legge tedesca ad esclusione della legge sulle vendite delle Nazioni Unite.<\/p>\n<p>Se sei un commerciante ai sensi del Codice commerciale, una persona giuridica di diritto pubblico o un fondo speciale di diritto pubblico, il foro competente esclusivo per tutte le controversie derivanti dai rapporti contrattuali tra noi e te \u00e8 la nostra sede di attivit\u00e0.<\/p>\n","protected":false},"excerpt":{"rendered":"<p>Condizioni generali di contratto &nbsp; 1. Ambito I seguenti termini e condizioni si applicano a tutti gli ordini effettuati tramite il nostro negozio online da consumatori e imprenditori. Un consumatore \u00e8 qualsiasi persona fisica che conclude un negozio giuridico per scopi che non sono prevalentemente n\u00e9 commerciali n\u00e9 autonomi. Un imprenditore \u00e8 una persona fisica [&hellip;]<\/p>\n","protected":false},"author":1,"featured_media":0,"parent":0,"menu_order":0,"comment_status":"closed","ping_status":"closed","template":"elementor_header_footer","meta":{"site-sidebar-layout":"no-sidebar","site-content-layout":"content-boxed-container","ast-site-content-layout":"default","site-content-style":"default","site-sidebar-style":"default","ast-global-header-display":"","ast-banner-title-visibility":"","ast-main-header-display":"","ast-hfb-above-header-display":"","ast-hfb-below-header-display":"","ast-hfb-mobile-header-display":"","site-post-title":"","ast-breadcrumbs-content":"disabled","ast-featured-img":"","footer-sml-layout":"","ast-disable-related-posts":"","theme-transparent-header-meta":"default","adv-header-id-meta":"","stick-header-meta":"","header-above-stick-meta":"","header-main-stick-meta":"","header-below-stick-meta":"","astra-migrate-meta-layouts":"default","ast-page-background-enabled":"default","ast-page-background-meta":{"desktop":{"background-color":"","background-image":"","background-repeat":"repeat","background-position":"center center","background-size":"auto","background-attachment":"scroll","background-type":"","background-media":"","overlay-type":"","overlay-color":"","overlay-opacity":"","overlay-gradient":""},"tablet":{"background-color":"","background-image":"","background-repeat":"repeat","background-position":"center center","background-size":"auto","background-attachment":"scroll","background-type":"","background-media":"","overlay-type":"","overlay-color":"","overlay-opacity":"","overlay-gradient":""},"mobile":{"background-color":"","background-image":"","background-repeat":"repeat","background-position":"center center","background-size":"auto","background-attachment":"scroll","background-type":"","background-media":"","overlay-type":"","overlay-color":"","overlay-opacity":"","overlay-gradient":""}},"ast-content-background-meta":{"desktop":{"background-color":"var(--ast-global-color-5)","background-image":"","background-repeat":"repeat","background-position":"center center","background-size":"auto","background-attachment":"scroll","background-type":"","background-media":"","overlay-type":"","overlay-color":"","overlay-opacity":"","overlay-gradient":""},"tablet":{"background-color":"var(--ast-global-color-5)","background-image":"","background-repeat":"repeat","background-position":"center center","background-size":"auto","background-attachment":"scroll","background-type":"","background-media":"","overlay-type":"","overlay-color":"","overlay-opacity":"","overlay-gradient":""},"mobile":{"background-color":"var(--ast-global-color-5)","background-image":"","background-repeat":"repeat","background-position":"center center","background-size":"auto","background-attachment":"scroll","background-type":"","background-media":"","overlay-type":"","overlay-color":"","overlay-opacity":"","overlay-gradient":""}},"footnotes":""},"class_list":["post-10381","page","type-page","status-publish","hentry"],"yoast_head":"<!-- This site is optimized with the Yoast SEO Premium plugin v23.9 (Yoast SEO v26.1.1) - https:\/\/yoast.com\/wordpress\/plugins\/seo\/ -->\n<title>Condizioni di utilizzo - GAEKKO Ganci appendi quadri - Appendere quadri con GAEKKO<\/title>\n<meta name=\"robots\" content=\"index, follow, max-snippet:-1, max-image-preview:large, max-video-preview:-1\" \/>\n<link rel=\"canonical\" href=\"https:\/\/gaekko.de\/it\/condizioni-di-utilizzo\/\" \/>\n<meta property=\"og:locale\" content=\"it_IT\" \/>\n<meta property=\"og:type\" content=\"article\" \/>\n<meta property=\"og:title\" content=\"Condizioni di utilizzo\" \/>\n<meta property=\"og:description\" content=\"Condizioni generali di contratto &nbsp; 1. Ambito I seguenti termini e condizioni si applicano a tutti gli ordini effettuati tramite il nostro negozio online da consumatori e imprenditori. Un consumatore \u00e8 qualsiasi persona fisica che conclude un negozio giuridico per scopi che non sono prevalentemente n\u00e9 commerciali n\u00e9 autonomi. Un imprenditore \u00e8 una persona fisica [&hellip;]\" \/>\n<meta property=\"og:url\" content=\"https:\/\/gaekko.de\/it\/condizioni-di-utilizzo\/\" \/>\n<meta property=\"og:site_name\" content=\"GAEKKO Ganci appendi quadri - Appendere quadri con GAEKKO\" \/>\n<meta property=\"article:publisher\" content=\"https:\/\/www.facebook.com\/GAEKKO.de\" \/>\n<meta property=\"article:modified_time\" content=\"2022-01-07T14:21:39+00:00\" \/>\n<meta name=\"twitter:card\" content=\"summary_large_image\" \/>\n<meta name=\"twitter:site\" content=\"@gaekko_de\" \/>\n<meta name=\"twitter:label1\" content=\"Tempo di lettura stimato\" \/>\n\t<meta name=\"twitter:data1\" content=\"3 minuti\" \/>\n<script type=\"application\/ld+json\" class=\"yoast-schema-graph\">{\"@context\":\"https:\/\/schema.org\",\"@graph\":[{\"@type\":\"WebPage\",\"@id\":\"https:\/\/gaekko.de\/it\/condizioni-di-utilizzo\/\",\"url\":\"https:\/\/gaekko.de\/it\/condizioni-di-utilizzo\/\",\"name\":\"Condizioni di utilizzo - GAEKKO Ganci appendi quadri - Appendere quadri con GAEKKO\",\"isPartOf\":{\"@id\":\"https:\/\/gaekko.de\/it\/#website\"},\"datePublished\":\"2021-07-01T09:20:15+00:00\",\"dateModified\":\"2022-01-07T14:21:39+00:00\",\"breadcrumb\":{\"@id\":\"https:\/\/gaekko.de\/it\/condizioni-di-utilizzo\/#breadcrumb\"},\"inLanguage\":\"it-IT\",\"potentialAction\":[{\"@type\":\"ReadAction\",\"target\":[\"https:\/\/gaekko.de\/it\/condizioni-di-utilizzo\/\"]}]},{\"@type\":\"BreadcrumbList\",\"@id\":\"https:\/\/gaekko.de\/it\/condizioni-di-utilizzo\/#breadcrumb\",\"itemListElement\":[{\"@type\":\"ListItem\",\"position\":1,\"name\":\"Startseite\",\"item\":\"https:\/\/gaekko.de\/it\/\"},{\"@type\":\"ListItem\",\"position\":2,\"name\":\"Condizioni di utilizzo\"}]},{\"@type\":\"WebSite\",\"@id\":\"https:\/\/gaekko.de\/it\/#website\",\"url\":\"https:\/\/gaekko.de\/it\/\",\"name\":\"GAEKKO Ganci appendi quadri - Appendere quadri con GAEKKO\",\"description\":\"Vuoi appendere una foto? Scopri i nostri prodotti per incollare, avvitare o inchiodare quadri a parete. Per saperne di pi\u00f9, clicca qui!\",\"publisher\":{\"@id\":\"https:\/\/gaekko.de\/it\/#organization\"},\"potentialAction\":[{\"@type\":\"SearchAction\",\"target\":{\"@type\":\"EntryPoint\",\"urlTemplate\":\"https:\/\/gaekko.de\/it\/?s={search_term_string}\"},\"query-input\":{\"@type\":\"PropertyValueSpecification\",\"valueRequired\":true,\"valueName\":\"search_term_string\"}}],\"inLanguage\":\"it-IT\"},{\"@type\":\"Organization\",\"@id\":\"https:\/\/gaekko.de\/it\/#organization\",\"name\":\"GAEKKO Ganci appendi quadri - Appendere quadri con GAEKKO\",\"url\":\"https:\/\/gaekko.de\/it\/\",\"logo\":{\"@type\":\"ImageObject\",\"inLanguage\":\"it-IT\",\"@id\":\"https:\/\/gaekko.de\/it\/#\/schema\/logo\/image\/\",\"url\":\"https:\/\/gaekko.de\/it\/wp-content\/uploads\/sites\/8\/2021\/07\/cropped-logo-fit-1.png\",\"contentUrl\":\"https:\/\/gaekko.de\/it\/wp-content\/uploads\/sites\/8\/2021\/07\/cropped-logo-fit-1.png\",\"width\":300,\"height\":60,\"caption\":\"GAEKKO Ganci appendi quadri - Appendere quadri con GAEKKO\"},\"image\":{\"@id\":\"https:\/\/gaekko.de\/it\/#\/schema\/logo\/image\/\"},\"sameAs\":[\"https:\/\/www.facebook.com\/GAEKKO.de\",\"https:\/\/x.com\/gaekko_de\",\"https:\/\/www.instagram.com\/gaekko.de\"]}]}<\/script>\n<!-- \/ Yoast SEO Premium plugin. -->","yoast_head_json":{"title":"Condizioni di utilizzo - GAEKKO Ganci appendi quadri - Appendere quadri con GAEKKO","robots":{"index":"index","follow":"follow","max-snippet":"max-snippet:-1","max-image-preview":"max-image-preview:large","max-video-preview":"max-video-preview:-1"},"canonical":"https:\/\/gaekko.de\/it\/condizioni-di-utilizzo\/","og_locale":"it_IT","og_type":"article","og_title":"Condizioni di utilizzo","og_description":"Condizioni generali di contratto &nbsp; 1. Ambito I seguenti termini e condizioni si applicano a tutti gli ordini effettuati tramite il nostro negozio online da consumatori e imprenditori. Un consumatore \u00e8 qualsiasi persona fisica che conclude un negozio giuridico per scopi che non sono prevalentemente n\u00e9 commerciali n\u00e9 autonomi. Un imprenditore \u00e8 una persona fisica [&hellip;]","og_url":"https:\/\/gaekko.de\/it\/condizioni-di-utilizzo\/","og_site_name":"GAEKKO Ganci appendi quadri - Appendere quadri con GAEKKO","article_publisher":"https:\/\/www.facebook.com\/GAEKKO.de","article_modified_time":"2022-01-07T14:21:39+00:00","twitter_card":"summary_large_image","twitter_site":"@gaekko_de","twitter_misc":{"Tempo di lettura stimato":"3 minuti"},"schema":{"@context":"https:\/\/schema.org","@graph":[{"@type":"WebPage","@id":"https:\/\/gaekko.de\/it\/condizioni-di-utilizzo\/","url":"https:\/\/gaekko.de\/it\/condizioni-di-utilizzo\/","name":"Condizioni di utilizzo - GAEKKO Ganci appendi quadri - Appendere quadri con GAEKKO","isPartOf":{"@id":"https:\/\/gaekko.de\/it\/#website"},"datePublished":"2021-07-01T09:20:15+00:00","dateModified":"2022-01-07T14:21:39+00:00","breadcrumb":{"@id":"https:\/\/gaekko.de\/it\/condizioni-di-utilizzo\/#breadcrumb"},"inLanguage":"it-IT","potentialAction":[{"@type":"ReadAction","target":["https:\/\/gaekko.de\/it\/condizioni-di-utilizzo\/"]}]},{"@type":"BreadcrumbList","@id":"https:\/\/gaekko.de\/it\/condizioni-di-utilizzo\/#breadcrumb","itemListElement":[{"@type":"ListItem","position":1,"name":"Startseite","item":"https:\/\/gaekko.de\/it\/"},{"@type":"ListItem","position":2,"name":"Condizioni di utilizzo"}]},{"@type":"WebSite","@id":"https:\/\/gaekko.de\/it\/#website","url":"https:\/\/gaekko.de\/it\/","name":"GAEKKO Ganci appendi quadri - Appendere quadri con GAEKKO","description":"Vuoi appendere una foto? Scopri i nostri prodotti per incollare, avvitare o inchiodare quadri a parete. Per saperne di pi\u00f9, clicca qui!","publisher":{"@id":"https:\/\/gaekko.de\/it\/#organization"},"potentialAction":[{"@type":"SearchAction","target":{"@type":"EntryPoint","urlTemplate":"https:\/\/gaekko.de\/it\/?s={search_term_string}"},"query-input":{"@type":"PropertyValueSpecification","valueRequired":true,"valueName":"search_term_string"}}],"inLanguage":"it-IT"},{"@type":"Organization","@id":"https:\/\/gaekko.de\/it\/#organization","name":"GAEKKO Ganci appendi quadri - Appendere quadri con GAEKKO","url":"https:\/\/gaekko.de\/it\/","logo":{"@type":"ImageObject","inLanguage":"it-IT","@id":"https:\/\/gaekko.de\/it\/#\/schema\/logo\/image\/","url":"https:\/\/gaekko.de\/it\/wp-content\/uploads\/sites\/8\/2021\/07\/cropped-logo-fit-1.png","contentUrl":"https:\/\/gaekko.de\/it\/wp-content\/uploads\/sites\/8\/2021\/07\/cropped-logo-fit-1.png","width":300,"height":60,"caption":"GAEKKO Ganci appendi quadri - Appendere quadri con GAEKKO"},"image":{"@id":"https:\/\/gaekko.de\/it\/#\/schema\/logo\/image\/"},"sameAs":["https:\/\/www.facebook.com\/GAEKKO.de","https:\/\/x.com\/gaekko_de","https:\/\/www.instagram.com\/gaekko.de"]}]}},"_links":{"self":[{"href":"https:\/\/gaekko.de\/it\/wp-json\/wp\/v2\/pages\/10381","targetHints":{"allow":["GET"]}}],"collection":[{"href":"https:\/\/gaekko.de\/it\/wp-json\/wp\/v2\/pages"}],"about":[{"href":"https:\/\/gaekko.de\/it\/wp-json\/wp\/v2\/types\/page"}],"author":[{"embeddable":true,"href":"https:\/\/gaekko.de\/it\/wp-json\/wp\/v2\/users\/1"}],"replies":[{"embeddable":true,"href":"https:\/\/gaekko.de\/it\/wp-json\/wp\/v2\/comments?post=10381"}],"version-history":[{"count":8,"href":"https:\/\/gaekko.de\/it\/wp-json\/wp\/v2\/pages\/10381\/revisions"}],"predecessor-version":[{"id":15670,"href":"https:\/\/gaekko.de\/it\/wp-json\/wp\/v2\/pages\/10381\/revisions\/15670"}],"wp:attachment":[{"href":"https:\/\/gaekko.de\/it\/wp-json\/wp\/v2\/media?parent=10381"}],"curies":[{"name":"wp","href":"https:\/\/api.w.org\/{rel}","templated":true}]}}