{"id":7974,"date":"2021-06-04T17:15:52","date_gmt":"2021-06-04T15:15:52","guid":{"rendered":"https:\/\/gaekko.de\/it\/?page_id=7974"},"modified":"2021-12-29T18:47:07","modified_gmt":"2021-12-29T17:47:07","slug":"manuale","status":"publish","type":"page","link":"https:\/\/gaekko.de\/it\/manuale\/","title":{"rendered":"Manuale"},"content":{"rendered":"\t\t<div data-elementor-type=\"wp-page\" data-elementor-id=\"7974\" class=\"elementor elementor-7974\" data-elementor-post-type=\"page\">\n\t\t\t\t\t\t<section class=\"elementor-section elementor-top-section elementor-element elementor-element-d53b013 elementor-section-boxed elementor-section-height-default elementor-section-height-default\" data-id=\"d53b013\" data-element_type=\"section\">\n\t\t\t\t\t\t<div class=\"elementor-container elementor-column-gap-default\">\n\t\t\t\t\t<div class=\"elementor-column elementor-col-100 elementor-top-column elementor-element elementor-element-91b916b\" data-id=\"91b916b\" data-element_type=\"column\">\n\t\t\t<div class=\"elementor-widget-wrap elementor-element-populated\">\n\t\t\t\t\t\t<div class=\"elementor-element elementor-element-9e4fedb elementor-widget elementor-widget-heading\" data-id=\"9e4fedb\" data-element_type=\"widget\" data-widget_type=\"heading.default\">\n\t\t\t\t<div class=\"elementor-widget-container\">\n\t\t\t\t\t<h1 class=\"elementor-heading-title elementor-size-default\">Anleitungen: Welche Bilderart m\u00f6chtest Du aufh\u00e4ngen?<\/h1>\t\t\t\t<\/div>\n\t\t\t\t<\/div>\n\t\t\t\t<div class=\"elementor-element elementor-element-d17819b elementor-widget-divider--view-line elementor-widget elementor-widget-divider\" data-id=\"d17819b\" data-element_type=\"widget\" data-widget_type=\"divider.default\">\n\t\t\t\t<div class=\"elementor-widget-container\">\n\t\t\t\t\t\t\t<div class=\"elementor-divider\">\n\t\t\t<span class=\"elementor-divider-separator\">\n\t\t\t\t\t\t<\/span>\n\t\t<\/div>\n\t\t\t\t\t\t<\/div>\n\t\t\t\t<\/div>\n\t\t\t\t<div class=\"elementor-element elementor-element-7962046 elementor-widget-divider--view-line elementor-widget elementor-widget-divider\" data-id=\"7962046\" data-element_type=\"widget\" data-widget_type=\"divider.default\">\n\t\t\t\t<div class=\"elementor-widget-container\">\n\t\t\t\t\t\t\t<div class=\"elementor-divider\">\n\t\t\t<span class=\"elementor-divider-separator\">\n\t\t\t\t\t\t<\/span>\n\t\t<\/div>\n\t\t\t\t\t\t<\/div>\n\t\t\t\t<\/div>\n\t\t\t\t\t<\/div>\n\t\t<\/div>\n\t\t\t\t\t<\/div>\n\t\t<\/section>\n\t\t\t\t<section class=\"elementor-section elementor-top-section elementor-element elementor-element-1d6487a elementor-section-boxed elementor-section-height-default elementor-section-height-default\" data-id=\"1d6487a\" data-element_type=\"section\">\n\t\t\t\t\t\t<div class=\"elementor-container elementor-column-gap-default\">\n\t\t\t\t\t<div class=\"elementor-column elementor-col-100 elementor-top-column elementor-element elementor-element-0e4668f\" data-id=\"0e4668f\" data-element_type=\"column\">\n\t\t\t<div class=\"elementor-widget-wrap elementor-element-populated\">\n\t\t\t\t\t\t<div class=\"elementor-element elementor-element-ab8d077 elementor-widget elementor-widget-progress\" data-id=\"ab8d077\" data-element_type=\"widget\" data-widget_type=\"progress.default\">\n\t\t\t\t<div class=\"elementor-widget-container\">\n\t\t\t\t\t\t\t\t<span class=\"elementor-title\" id=\"elementor-progress-bar-ab8d077\">\n\t\t\t\tBitte ausw\u00e4hlen ...\t\t\t<\/span>\n\t\t\n\t\t<div aria-labelledby=\"elementor-progress-bar-ab8d077\" class=\"elementor-progress-wrapper\" role=\"progressbar\" aria-valuemin=\"0\" aria-valuemax=\"100\" aria-valuenow=\"80\" aria-valuetext=\"80% (Du hast es fast geschafft!)\">\n\t\t\t<div class=\"elementor-progress-bar\" data-max=\"80\">\n\t\t\t\t<span class=\"elementor-progress-text\">Du hast es fast geschafft!<\/span>\n\t\t\t\t\t\t\t\t\t<span class=\"elementor-progress-percentage\">80%<\/span>\n\t\t\t\t\t\t\t<\/div>\n\t\t<\/div>\n\t\t\t\t\t\t<\/div>\n\t\t\t\t<\/div>\n\t\t\t\t<section class=\"elementor-section elementor-inner-section elementor-element elementor-element-c95ffad elementor-section-boxed elementor-section-height-default elementor-section-height-default\" data-id=\"c95ffad\" data-element_type=\"section\">\n\t\t\t\t\t\t<div class=\"elementor-container elementor-column-gap-default\">\n\t\t\t\t\t<div class=\"elementor-column elementor-col-20 elementor-inner-column elementor-element elementor-element-ca20a95\" data-id=\"ca20a95\" data-element_type=\"column\">\n\t\t\t<div class=\"elementor-widget-wrap\">\n\t\t\t\t\t\t\t<\/div>\n\t\t<\/div>\n\t\t\t\t<div class=\"elementor-column elementor-col-20 elementor-inner-column elementor-element elementor-element-3616e46\" data-id=\"3616e46\" data-element_type=\"column\">\n\t\t\t<div class=\"elementor-widget-wrap\">\n\t\t\t\t\t\t\t<\/div>\n\t\t<\/div>\n\t\t\t\t<div class=\"elementor-column elementor-col-20 elementor-inner-column elementor-element elementor-element-fce4db6 elementor-hidden-phone\" data-id=\"fce4db6\" data-element_type=\"column\">\n\t\t\t<div class=\"elementor-widget-wrap\">\n\t\t\t\t\t\t\t<\/div>\n\t\t<\/div>\n\t\t\t\t<div class=\"elementor-column elementor-col-20 elementor-inner-column elementor-element elementor-element-b9cbe87\" data-id=\"b9cbe87\" data-element_type=\"column\">\n\t\t\t<div class=\"elementor-widget-wrap\">\n\t\t\t\t\t\t\t<\/div>\n\t\t<\/div>\n\t\t\t\t<div class=\"elementor-column elementor-col-20 elementor-inner-column elementor-element elementor-element-5cda7d3 elementor-hidden-phone\" data-id=\"5cda7d3\" data-element_type=\"column\">\n\t\t\t<div class=\"elementor-widget-wrap\">\n\t\t\t\t\t\t\t<\/div>\n\t\t<\/div>\n\t\t\t\t\t<\/div>\n\t\t<\/section>\n\t\t\t\t<section class=\"elementor-section elementor-inner-section elementor-element elementor-element-a202670 elementor-section-boxed elementor-section-height-default elementor-section-height-default\" data-id=\"a202670\" data-element_type=\"section\">\n\t\t\t\t\t\t<div class=\"elementor-container elementor-column-gap-default\">\n\t\t\t\t\t<div class=\"elementor-column elementor-col-20 elementor-inner-column elementor-element elementor-element-ad4408a elementor-hidden-phone\" data-id=\"ad4408a\" data-element_type=\"column\">\n\t\t\t<div class=\"elementor-widget-wrap\">\n\t\t\t\t\t\t\t<\/div>\n\t\t<\/div>\n\t\t\t\t<div class=\"elementor-column elementor-col-20 elementor-inner-column elementor-element elementor-element-3812a86\" data-id=\"3812a86\" data-element_type=\"column\">\n\t\t\t<div class=\"elementor-widget-wrap\">\n\t\t\t\t\t\t\t<\/div>\n\t\t<\/div>\n\t\t\t\t<div class=\"elementor-column elementor-col-20 elementor-inner-column elementor-element elementor-element-c39de51 elementor-hidden-phone\" data-id=\"c39de51\" data-element_type=\"column\">\n\t\t\t<div class=\"elementor-widget-wrap\">\n\t\t\t\t\t\t\t<\/div>\n\t\t<\/div>\n\t\t\t\t<div class=\"elementor-column elementor-col-20 elementor-inner-column elementor-element elementor-element-aac33c3\" data-id=\"aac33c3\" data-element_type=\"column\">\n\t\t\t<div class=\"elementor-widget-wrap\">\n\t\t\t\t\t\t\t<\/div>\n\t\t<\/div>\n\t\t\t\t<div class=\"elementor-column elementor-col-20 elementor-inner-column elementor-element elementor-element-aac0d15 elementor-hidden-phone\" data-id=\"aac0d15\" data-element_type=\"column\">\n\t\t\t<div class=\"elementor-widget-wrap\">\n\t\t\t\t\t\t\t<\/div>\n\t\t<\/div>\n\t\t\t\t\t<\/div>\n\t\t<\/section>\n\t\t\t\t<section class=\"elementor-section elementor-inner-section elementor-element elementor-element-8449310 elementor-section-boxed elementor-section-height-default elementor-section-height-default\" data-id=\"8449310\" data-element_type=\"section\">\n\t\t\t\t\t\t<div class=\"elementor-container elementor-column-gap-default\">\n\t\t\t\t\t<div class=\"elementor-column elementor-col-33 elementor-inner-column elementor-element elementor-element-27a0d21 elementor-hidden-phone\" data-id=\"27a0d21\" data-element_type=\"column\">\n\t\t\t<div class=\"elementor-widget-wrap\">\n\t\t\t\t\t\t\t<\/div>\n\t\t<\/div>\n\t\t\t\t<div class=\"elementor-column elementor-col-33 elementor-inner-column elementor-element elementor-element-62021f8\" data-id=\"62021f8\" data-element_type=\"column\">\n\t\t\t<div class=\"elementor-widget-wrap\">\n\t\t\t\t\t\t\t<\/div>\n\t\t<\/div>\n\t\t\t\t<div class=\"elementor-column elementor-col-33 elementor-inner-column elementor-element elementor-element-15e8e89\" data-id=\"15e8e89\" data-element_type=\"column\">\n\t\t\t<div class=\"elementor-widget-wrap\">\n\t\t\t\t\t\t\t<\/div>\n\t\t<\/div>\n\t\t\t\t\t<\/div>\n\t\t<\/section>\n\t\t\t\t\t<\/div>\n\t\t<\/div>\n\t\t\t\t\t<\/div>\n\t\t<\/section>\n\t\t\t\t<section class=\"elementor-section elementor-top-section elementor-element elementor-element-16d9309 elementor-section-boxed elementor-section-height-default elementor-section-height-default\" data-id=\"16d9309\" data-element_type=\"section\">\n\t\t\t\t\t\t<div class=\"elementor-container elementor-column-gap-default\">\n\t\t\t\t\t<div class=\"elementor-column elementor-col-100 elementor-top-column elementor-element elementor-element-7082d25\" data-id=\"7082d25\" data-element_type=\"column\">\n\t\t\t<div class=\"elementor-widget-wrap elementor-element-populated\">\n\t\t\t\t\t\t<div class=\"elementor-element elementor-element-0cf8754 elementor-widget elementor-widget-spacer\" data-id=\"0cf8754\" data-element_type=\"widget\" data-widget_type=\"spacer.default\">\n\t\t\t\t<div class=\"elementor-widget-container\">\n\t\t\t\t\t\t\t<div class=\"elementor-spacer\">\n\t\t\t<div class=\"elementor-spacer-inner\"><\/div>\n\t\t<\/div>\n\t\t\t\t\t\t<\/div>\n\t\t\t\t<\/div>\n\t\t\t\t\t<\/div>\n\t\t<\/div>\n\t\t\t\t\t<\/div>\n\t\t<\/section>\n\t\t\t\t<section class=\"elementor-section elementor-top-section elementor-element elementor-element-881fc1b elementor-section-boxed elementor-section-height-default elementor-section-height-default\" data-id=\"881fc1b\" data-element_type=\"section\">\n\t\t\t\t\t\t<div class=\"elementor-container elementor-column-gap-default\">\n\t\t\t\t\t<div class=\"elementor-column elementor-col-33 elementor-top-column elementor-element elementor-element-f41699f\" data-id=\"f41699f\" data-element_type=\"column\">\n\t\t\t<div class=\"elementor-widget-wrap\">\n\t\t\t\t\t\t\t<\/div>\n\t\t<\/div>\n\t\t\t\t<div class=\"elementor-column elementor-col-33 elementor-top-column elementor-element elementor-element-b51a9f2\" data-id=\"b51a9f2\" data-element_type=\"column\">\n\t\t\t<div class=\"elementor-widget-wrap elementor-element-populated\">\n\t\t\t\t\t\t<div class=\"elementor-element elementor-element-f86c42e elementor-align-center elementor-widget elementor-widget-lottie\" data-id=\"f86c42e\" data-element_type=\"widget\" data-settings=\"{&quot;source_json&quot;:{&quot;url&quot;:&quot;https:\\\/\\\/gaekko.de\\\/wp-content\\\/uploads\\\/2021\\\/04\\\/2833-green-monster.json&quot;,&quot;id&quot;:&quot;3347&quot;,&quot;size&quot;:&quot;&quot;},&quot;loop&quot;:&quot;yes&quot;,&quot;caption_source&quot;:&quot;title&quot;,&quot;source&quot;:&quot;media_file&quot;,&quot;link_to&quot;:&quot;none&quot;,&quot;trigger&quot;:&quot;arriving_to_viewport&quot;,&quot;viewport&quot;:{&quot;unit&quot;:&quot;%&quot;,&quot;size&quot;:&quot;&quot;,&quot;sizes&quot;:{&quot;start&quot;:0,&quot;end&quot;:100}},&quot;play_speed&quot;:{&quot;unit&quot;:&quot;px&quot;,&quot;size&quot;:1,&quot;sizes&quot;:[]},&quot;start_point&quot;:{&quot;unit&quot;:&quot;%&quot;,&quot;size&quot;:0,&quot;sizes&quot;:[]},&quot;end_point&quot;:{&quot;unit&quot;:&quot;%&quot;,&quot;size&quot;:100,&quot;sizes&quot;:[]},&quot;renderer&quot;:&quot;svg&quot;}\" data-widget_type=\"lottie.default\">\n\t\t\t\t<div class=\"elementor-widget-container\">\n\t\t\t\t\t<div class=\"e-lottie__container\"><div class=\"e-lottie__animation\"><\/div><\/div>\t\t\t\t<\/div>\n\t\t\t\t<\/div>\n\t\t\t\t\t<\/div>\n\t\t<\/div>\n\t\t\t\t<div class=\"elementor-column elementor-col-33 elementor-top-column elementor-element elementor-element-4892233\" data-id=\"4892233\" data-element_type=\"column\">\n\t\t\t<div class=\"elementor-widget-wrap\">\n\t\t\t\t\t\t\t<\/div>\n\t\t<\/div>\n\t\t\t\t\t<\/div>\n\t\t<\/section>\n\t\t\t\t<section class=\"elementor-section elementor-top-section elementor-element elementor-element-aeb1cc1 elementor-section-boxed elementor-section-height-default elementor-section-height-default\" data-id=\"aeb1cc1\" data-element_type=\"section\">\n\t\t\t\t\t\t<div class=\"elementor-container elementor-column-gap-default\">\n\t\t\t\t\t<div class=\"elementor-column elementor-col-100 elementor-top-column elementor-element elementor-element-d81bd73\" data-id=\"d81bd73\" data-element_type=\"column\">\n\t\t\t<div class=\"elementor-widget-wrap elementor-element-populated\">\n\t\t\t\t\t\t<div class=\"elementor-element elementor-element-517af70 elementor-widget elementor-widget-spacer\" data-id=\"517af70\" data-element_type=\"widget\" data-widget_type=\"spacer.default\">\n\t\t\t\t<div class=\"elementor-widget-container\">\n\t\t\t\t\t\t\t<div class=\"elementor-spacer\">\n\t\t\t<div class=\"elementor-spacer-inner\"><\/div>\n\t\t<\/div>\n\t\t\t\t\t\t<\/div>\n\t\t\t\t<\/div>\n\t\t\t\t<div class=\"elementor-element elementor-element-200844a elementor-widget elementor-widget-woocommerce-breadcrumb\" data-id=\"200844a\" data-element_type=\"widget\" data-widget_type=\"woocommerce-breadcrumb.default\">\n\t\t\t\t<div class=\"elementor-widget-container\">\n\t\t\t\t\t<nav class=\"woocommerce-breadcrumb\" aria-label=\"Breadcrumb\">Home<\/nav>\t\t\t\t<\/div>\n\t\t\t\t<\/div>\n\t\t\t\t\t<\/div>\n\t\t<\/div>\n\t\t\t\t\t<\/div>\n\t\t<\/section>\n\t\t\t\t<\/div>\n\t\t","protected":false},"excerpt":{"rendered":"<p>Anleitungen: Welche Bilderart m\u00f6chtest Du aufh\u00e4ngen? Bitte ausw\u00e4hlen &#8230; Du hast es fast geschafft! 80% Leinwandbilder &nbsp; Acrylglas- &amp; AluDibond-Bilder &nbsp; Poster &nbsp; Bilderrahmen &nbsp; Fotos &amp; Postkarten &nbsp; Pers\u00f6nlicher Kontakt Schreibe uns gerne eine E-Mail unter support@gaekko.de und wir bearbeiten dein Anliegen innerhalb von 24 Stunden. Mit GAEKKO h\u00e4ngt dein Bild sicher!<\/p>\n","protected":false},"author":1,"featured_media":0,"parent":0,"menu_order":0,"comment_status":"closed","ping_status":"closed","template":"elementor_header_footer","meta":{"site-sidebar-layout":"no-sidebar","site-content-layout":"page-builder","ast-site-content-layout":"default","site-content-style":"default","site-sidebar-style":"default","ast-global-header-display":"","ast-banner-title-visibility":"","ast-main-header-display":"","ast-hfb-above-header-display":"","ast-hfb-below-header-display":"","ast-hfb-mobile-header-display":"","site-post-title":"disabled","ast-breadcrumbs-content":"disabled","ast-featured-img":"disabled","footer-sml-layout":"","ast-disable-related-posts":"","theme-transparent-header-meta":"default","adv-header-id-meta":"","stick-header-meta":"","header-above-stick-meta":"","header-main-stick-meta":"","header-below-stick-meta":"","astra-migrate-meta-layouts":"default","ast-page-background-enabled":"default","ast-page-background-meta":{"desktop":{"background-color":"","background-image":"","background-repeat":"repeat","background-position":"center center","background-size":"auto","background-attachment":"scroll","background-type":"","background-media":"","overlay-type":"","overlay-color":"","overlay-opacity":"","overlay-gradient":""},"tablet":{"background-color":"","background-image":"","background-repeat":"repeat","background-position":"center center","background-size":"auto","background-attachment":"scroll","background-type":"","background-media":"","overlay-type":"","overlay-color":"","overlay-opacity":"","overlay-gradient":""},"mobile":{"background-color":"","background-image":"","background-repeat":"repeat","background-position":"center center","background-size":"auto","background-attachment":"scroll","background-type":"","background-media":"","overlay-type":"","overlay-color":"","overlay-opacity":"","overlay-gradient":""}},"ast-content-background-meta":{"desktop":{"background-color":"var(--ast-global-color-5)","background-image":"","background-repeat":"repeat","background-position":"center center","background-size":"auto","background-attachment":"scroll","background-type":"","background-media":"","overlay-type":"","overlay-color":"","overlay-opacity":"","overlay-gradient":""},"tablet":{"background-color":"var(--ast-global-color-5)","background-image":"","background-repeat":"repeat","background-position":"center center","background-size":"auto","background-attachment":"scroll","background-type":"","background-media":"","overlay-type":"","overlay-color":"","overlay-opacity":"","overlay-gradient":""},"mobile":{"background-color":"var(--ast-global-color-5)","background-image":"","background-repeat":"repeat","background-position":"center center","background-size":"auto","background-attachment":"scroll","background-type":"","background-media":"","overlay-type":"","overlay-color":"","overlay-opacity":"","overlay-gradient":""}},"footnotes":""},"class_list":["post-7974","page","type-page","status-publish","hentry"],"yoast_head":"<!-- This site is optimized with the Yoast SEO Premium plugin v23.9 (Yoast SEO v26.1.1) - https:\/\/yoast.com\/wordpress\/plugins\/seo\/ -->\n<title>Manuale - GAEKKO Ganci appendi quadri - Appendere quadri con GAEKKO<\/title>\n<meta name=\"robots\" content=\"index, follow, max-snippet:-1, max-image-preview:large, max-video-preview:-1\" \/>\n<link rel=\"canonical\" href=\"https:\/\/gaekko.de\/it\/manuale\/\" \/>\n<meta property=\"og:locale\" content=\"it_IT\" \/>\n<meta property=\"og:type\" content=\"article\" \/>\n<meta property=\"og:title\" content=\"Manuale\" \/>\n<meta property=\"og:description\" content=\"Anleitungen: Welche Bilderart m\u00f6chtest Du aufh\u00e4ngen? Bitte ausw\u00e4hlen &#8230; Du hast es fast geschafft! 80% Leinwandbilder &nbsp; Acrylglas- &amp; AluDibond-Bilder &nbsp; Poster &nbsp; Bilderrahmen &nbsp; Fotos &amp; Postkarten &nbsp; Pers\u00f6nlicher Kontakt Schreibe uns gerne eine E-Mail unter support@gaekko.de und wir bearbeiten dein Anliegen innerhalb von 24 Stunden. Mit GAEKKO h\u00e4ngt dein Bild sicher!\" \/>\n<meta property=\"og:url\" content=\"https:\/\/gaekko.de\/it\/manuale\/\" \/>\n<meta property=\"og:site_name\" content=\"GAEKKO Ganci appendi quadri - Appendere quadri con GAEKKO\" \/>\n<meta property=\"article:publisher\" content=\"https:\/\/www.facebook.com\/GAEKKO.de\" \/>\n<meta property=\"article:modified_time\" content=\"2021-12-29T17:47:07+00:00\" \/>\n<meta property=\"og:image\" content=\"https:\/\/gaekko.de\/it\/en\/wp-content\/uploads\/sites\/3\/2021\/07\/canvas-picture-hanging.jpg\" \/>\n<meta name=\"twitter:card\" content=\"summary_large_image\" \/>\n<meta name=\"twitter:site\" content=\"@gaekko_de\" \/>\n<script type=\"application\/ld+json\" class=\"yoast-schema-graph\">{\"@context\":\"https:\/\/schema.org\",\"@graph\":[{\"@type\":\"WebPage\",\"@id\":\"https:\/\/gaekko.de\/it\/manuale\/\",\"url\":\"https:\/\/gaekko.de\/it\/manuale\/\",\"name\":\"Manuale - GAEKKO Ganci appendi quadri - Appendere quadri con GAEKKO\",\"isPartOf\":{\"@id\":\"https:\/\/gaekko.de\/it\/#website\"},\"primaryImageOfPage\":{\"@id\":\"https:\/\/gaekko.de\/it\/manuale\/#primaryimage\"},\"image\":{\"@id\":\"https:\/\/gaekko.de\/it\/manuale\/#primaryimage\"},\"thumbnailUrl\":\"https:\/\/gaekko.de\/it\/en\/wp-content\/uploads\/sites\/3\/2021\/07\/canvas-picture-hanging.jpg\",\"datePublished\":\"2021-06-04T15:15:52+00:00\",\"dateModified\":\"2021-12-29T17:47:07+00:00\",\"breadcrumb\":{\"@id\":\"https:\/\/gaekko.de\/it\/manuale\/#breadcrumb\"},\"inLanguage\":\"it-IT\",\"potentialAction\":[{\"@type\":\"ReadAction\",\"target\":[\"https:\/\/gaekko.de\/it\/manuale\/\"]}]},{\"@type\":\"ImageObject\",\"inLanguage\":\"it-IT\",\"@id\":\"https:\/\/gaekko.de\/it\/manuale\/#primaryimage\",\"url\":\"https:\/\/gaekko.de\/it\/en\/wp-content\/uploads\/sites\/3\/2021\/07\/canvas-picture-hanging.jpg\",\"contentUrl\":\"https:\/\/gaekko.de\/it\/en\/wp-content\/uploads\/sites\/3\/2021\/07\/canvas-picture-hanging.jpg\"},{\"@type\":\"BreadcrumbList\",\"@id\":\"https:\/\/gaekko.de\/it\/manuale\/#breadcrumb\",\"itemListElement\":[{\"@type\":\"ListItem\",\"position\":1,\"name\":\"Startseite\",\"item\":\"https:\/\/gaekko.de\/it\/\"},{\"@type\":\"ListItem\",\"position\":2,\"name\":\"Manuale\"}]},{\"@type\":\"WebSite\",\"@id\":\"https:\/\/gaekko.de\/it\/#website\",\"url\":\"https:\/\/gaekko.de\/it\/\",\"name\":\"GAEKKO Ganci appendi quadri - Appendere quadri con GAEKKO\",\"description\":\"Vuoi appendere una foto? Scopri i nostri prodotti per incollare, avvitare o inchiodare quadri a parete. Per saperne di pi\u00f9, clicca qui!\",\"publisher\":{\"@id\":\"https:\/\/gaekko.de\/it\/#organization\"},\"potentialAction\":[{\"@type\":\"SearchAction\",\"target\":{\"@type\":\"EntryPoint\",\"urlTemplate\":\"https:\/\/gaekko.de\/it\/?s={search_term_string}\"},\"query-input\":{\"@type\":\"PropertyValueSpecification\",\"valueRequired\":true,\"valueName\":\"search_term_string\"}}],\"inLanguage\":\"it-IT\"},{\"@type\":\"Organization\",\"@id\":\"https:\/\/gaekko.de\/it\/#organization\",\"name\":\"GAEKKO Ganci appendi quadri - Appendere quadri con GAEKKO\",\"url\":\"https:\/\/gaekko.de\/it\/\",\"logo\":{\"@type\":\"ImageObject\",\"inLanguage\":\"it-IT\",\"@id\":\"https:\/\/gaekko.de\/it\/#\/schema\/logo\/image\/\",\"url\":\"https:\/\/gaekko.de\/it\/wp-content\/uploads\/sites\/8\/2021\/07\/cropped-logo-fit-1.png\",\"contentUrl\":\"https:\/\/gaekko.de\/it\/wp-content\/uploads\/sites\/8\/2021\/07\/cropped-logo-fit-1.png\",\"width\":300,\"height\":60,\"caption\":\"GAEKKO Ganci appendi quadri - Appendere quadri con GAEKKO\"},\"image\":{\"@id\":\"https:\/\/gaekko.de\/it\/#\/schema\/logo\/image\/\"},\"sameAs\":[\"https:\/\/www.facebook.com\/GAEKKO.de\",\"https:\/\/x.com\/gaekko_de\",\"https:\/\/www.instagram.com\/gaekko.de\"]}]}<\/script>\n<!-- \/ Yoast SEO Premium plugin. -->","yoast_head_json":{"title":"Manuale - GAEKKO Ganci appendi quadri - Appendere quadri con GAEKKO","robots":{"index":"index","follow":"follow","max-snippet":"max-snippet:-1","max-image-preview":"max-image-preview:large","max-video-preview":"max-video-preview:-1"},"canonical":"https:\/\/gaekko.de\/it\/manuale\/","og_locale":"it_IT","og_type":"article","og_title":"Manuale","og_description":"Anleitungen: Welche Bilderart m\u00f6chtest Du aufh\u00e4ngen? Bitte ausw\u00e4hlen &#8230; Du hast es fast geschafft! 80% Leinwandbilder &nbsp; Acrylglas- &amp; AluDibond-Bilder &nbsp; Poster &nbsp; Bilderrahmen &nbsp; Fotos &amp; Postkarten &nbsp; Pers\u00f6nlicher Kontakt Schreibe uns gerne eine E-Mail unter support@gaekko.de und wir bearbeiten dein Anliegen innerhalb von 24 Stunden. Mit GAEKKO h\u00e4ngt dein Bild sicher!","og_url":"https:\/\/gaekko.de\/it\/manuale\/","og_site_name":"GAEKKO Ganci appendi quadri - Appendere quadri con GAEKKO","article_publisher":"https:\/\/www.facebook.com\/GAEKKO.de","article_modified_time":"2021-12-29T17:47:07+00:00","og_image":[{"url":"https:\/\/gaekko.de\/it\/en\/wp-content\/uploads\/sites\/3\/2021\/07\/canvas-picture-hanging.jpg","type":"","width":"","height":""}],"twitter_card":"summary_large_image","twitter_site":"@gaekko_de","schema":{"@context":"https:\/\/schema.org","@graph":[{"@type":"WebPage","@id":"https:\/\/gaekko.de\/it\/manuale\/","url":"https:\/\/gaekko.de\/it\/manuale\/","name":"Manuale - GAEKKO Ganci appendi quadri - Appendere quadri con GAEKKO","isPartOf":{"@id":"https:\/\/gaekko.de\/it\/#website"},"primaryImageOfPage":{"@id":"https:\/\/gaekko.de\/it\/manuale\/#primaryimage"},"image":{"@id":"https:\/\/gaekko.de\/it\/manuale\/#primaryimage"},"thumbnailUrl":"https:\/\/gaekko.de\/it\/en\/wp-content\/uploads\/sites\/3\/2021\/07\/canvas-picture-hanging.jpg","datePublished":"2021-06-04T15:15:52+00:00","dateModified":"2021-12-29T17:47:07+00:00","breadcrumb":{"@id":"https:\/\/gaekko.de\/it\/manuale\/#breadcrumb"},"inLanguage":"it-IT","potentialAction":[{"@type":"ReadAction","target":["https:\/\/gaekko.de\/it\/manuale\/"]}]},{"@type":"ImageObject","inLanguage":"it-IT","@id":"https:\/\/gaekko.de\/it\/manuale\/#primaryimage","url":"https:\/\/gaekko.de\/it\/en\/wp-content\/uploads\/sites\/3\/2021\/07\/canvas-picture-hanging.jpg","contentUrl":"https:\/\/gaekko.de\/it\/en\/wp-content\/uploads\/sites\/3\/2021\/07\/canvas-picture-hanging.jpg"},{"@type":"BreadcrumbList","@id":"https:\/\/gaekko.de\/it\/manuale\/#breadcrumb","itemListElement":[{"@type":"ListItem","position":1,"name":"Startseite","item":"https:\/\/gaekko.de\/it\/"},{"@type":"ListItem","position":2,"name":"Manuale"}]},{"@type":"WebSite","@id":"https:\/\/gaekko.de\/it\/#website","url":"https:\/\/gaekko.de\/it\/","name":"GAEKKO Ganci appendi quadri - Appendere quadri con GAEKKO","description":"Vuoi appendere una foto? Scopri i nostri prodotti per incollare, avvitare o inchiodare quadri a parete. Per saperne di pi\u00f9, clicca qui!","publisher":{"@id":"https:\/\/gaekko.de\/it\/#organization"},"potentialAction":[{"@type":"SearchAction","target":{"@type":"EntryPoint","urlTemplate":"https:\/\/gaekko.de\/it\/?s={search_term_string}"},"query-input":{"@type":"PropertyValueSpecification","valueRequired":true,"valueName":"search_term_string"}}],"inLanguage":"it-IT"},{"@type":"Organization","@id":"https:\/\/gaekko.de\/it\/#organization","name":"GAEKKO Ganci appendi quadri - Appendere quadri con GAEKKO","url":"https:\/\/gaekko.de\/it\/","logo":{"@type":"ImageObject","inLanguage":"it-IT","@id":"https:\/\/gaekko.de\/it\/#\/schema\/logo\/image\/","url":"https:\/\/gaekko.de\/it\/wp-content\/uploads\/sites\/8\/2021\/07\/cropped-logo-fit-1.png","contentUrl":"https:\/\/gaekko.de\/it\/wp-content\/uploads\/sites\/8\/2021\/07\/cropped-logo-fit-1.png","width":300,"height":60,"caption":"GAEKKO Ganci appendi quadri - Appendere quadri con GAEKKO"},"image":{"@id":"https:\/\/gaekko.de\/it\/#\/schema\/logo\/image\/"},"sameAs":["https:\/\/www.facebook.com\/GAEKKO.de","https:\/\/x.com\/gaekko_de","https:\/\/www.instagram.com\/gaekko.de"]}]}},"_links":{"self":[{"href":"https:\/\/gaekko.de\/it\/wp-json\/wp\/v2\/pages\/7974","targetHints":{"allow":["GET"]}}],"collection":[{"href":"https:\/\/gaekko.de\/it\/wp-json\/wp\/v2\/pages"}],"about":[{"href":"https:\/\/gaekko.de\/it\/wp-json\/wp\/v2\/types\/page"}],"author":[{"embeddable":true,"href":"https:\/\/gaekko.de\/it\/wp-json\/wp\/v2\/users\/1"}],"replies":[{"embeddable":true,"href":"https:\/\/gaekko.de\/it\/wp-json\/wp\/v2\/comments?post=7974"}],"version-history":[{"count":2,"href":"https:\/\/gaekko.de\/it\/wp-json\/wp\/v2\/pages\/7974\/revisions"}],"predecessor-version":[{"id":15219,"href":"https:\/\/gaekko.de\/it\/wp-json\/wp\/v2\/pages\/7974\/revisions\/15219"}],"wp:attachment":[{"href":"https:\/\/gaekko.de\/it\/wp-json\/wp\/v2\/media?parent=7974"}],"curies":[{"name":"wp","href":"https:\/\/api.w.org\/{rel}","templated":true}]}}