{"id":2548,"date":"2021-04-12T10:48:54","date_gmt":"2021-04-12T08:48:54","guid":{"rendered":"https:\/\/gaekko.de\/pt\/?page_id=2548"},"modified":"2022-02-20T12:51:43","modified_gmt":"2022-02-20T11:51:43","slug":"conselheiro","status":"publish","type":"page","link":"https:\/\/gaekko.de\/pt\/conselheiro\/","title":{"rendered":"Conselheiro"},"content":{"rendered":"\t\t<div data-elementor-type=\"wp-page\" data-elementor-id=\"2548\" class=\"elementor elementor-2548\" data-elementor-post-type=\"page\">\n\t\t\t\t\t\t<section class=\"elementor-section elementor-top-section elementor-element elementor-element-124d124 elementor-section-boxed elementor-section-height-default elementor-section-height-default\" data-id=\"124d124\" data-element_type=\"section\">\n\t\t\t\t\t\t<div class=\"elementor-container elementor-column-gap-default\">\n\t\t\t\t\t<div class=\"elementor-column elementor-col-100 elementor-top-column elementor-element elementor-element-9582744\" data-id=\"9582744\" data-element_type=\"column\">\n\t\t\t<div class=\"elementor-widget-wrap elementor-element-populated\">\n\t\t\t\t\t\t<div class=\"elementor-element elementor-element-84180ac elementor-widget elementor-widget-heading\" data-id=\"84180ac\" data-element_type=\"widget\" data-widget_type=\"heading.default\">\n\t\t\t\t<div class=\"elementor-widget-container\">\n\t\t\t\t\t<h1 class=\"elementor-heading-title elementor-size-default\">Conselheiro<\/h1>\t\t\t\t<\/div>\n\t\t\t\t<\/div>\n\t\t\t\t<div class=\"elementor-element elementor-element-1fa66bd elementor-widget-divider--view-line elementor-widget elementor-widget-divider\" data-id=\"1fa66bd\" data-element_type=\"widget\" data-widget_type=\"divider.default\">\n\t\t\t\t<div class=\"elementor-widget-container\">\n\t\t\t\t\t\t\t<div class=\"elementor-divider\">\n\t\t\t<span class=\"elementor-divider-separator\">\n\t\t\t\t\t\t<\/span>\n\t\t<\/div>\n\t\t\t\t\t\t<\/div>\n\t\t\t\t<\/div>\n\t\t\t\t<div class=\"elementor-element elementor-element-6056c5f elementor-widget-divider--view-line elementor-widget elementor-widget-divider\" data-id=\"6056c5f\" data-element_type=\"widget\" data-widget_type=\"divider.default\">\n\t\t\t\t<div class=\"elementor-widget-container\">\n\t\t\t\t\t\t\t<div class=\"elementor-divider\">\n\t\t\t<span class=\"elementor-divider-separator\">\n\t\t\t\t\t\t<\/span>\n\t\t<\/div>\n\t\t\t\t\t\t<\/div>\n\t\t\t\t<\/div>\n\t\t\t\t\t<\/div>\n\t\t<\/div>\n\t\t\t\t\t<\/div>\n\t\t<\/section>\n\t\t\t\t<section class=\"elementor-section elementor-top-section elementor-element elementor-element-6dc0b521 elementor-section-boxed elementor-section-height-default elementor-section-height-default\" data-id=\"6dc0b521\" data-element_type=\"section\">\n\t\t\t\t\t\t<div class=\"elementor-container elementor-column-gap-default\">\n\t\t\t\t\t<div class=\"elementor-column elementor-col-100 elementor-top-column elementor-element elementor-element-73128b30\" data-id=\"73128b30\" data-element_type=\"column\" data-settings=\"{&quot;background_background&quot;:&quot;gradient&quot;}\">\n\t\t\t<div class=\"elementor-widget-wrap elementor-element-populated\">\n\t\t\t\t\t\t<div class=\"elementor-element elementor-element-247efc2e elementor-widget elementor-widget-text-editor\" data-id=\"247efc2e\" data-element_type=\"widget\" data-widget_type=\"text-editor.default\">\n\t\t\t\t<div class=\"elementor-widget-container\">\n\t\t\t\t\t\t\t\t\t<p>Voc\u00ea n\u00e3o \u00e9 particularmente h\u00e1bil no trabalho manual e sempre quis saber como pendurar um quadro na parede de forma r\u00e1pida e f\u00e1cil? Talvez voc\u00ea apenas queira se inspirar e esteja procurando novas maneiras de anexar suas fotos?<\/p><p>Pendurar fotos corretamente \u00e9 uma arte em si. Em nosso guia, mostramos v\u00e1rias op\u00e7\u00f5es de pendurar que deixar\u00e3o suas fotos grandes. Ensinamos a voc\u00ea o b\u00e1sico sobre pendurar fotos e mostramos como posicionar fotos, gravuras ou pinturas corretamente para que tenham seu pr\u00f3prio valor.<\/p><p>GAEKKO \u00e9 especialista na \u00e1rea da suspens\u00e3o de quadros. Ou em resumo: voc\u00ea pode pendurar fotos com GAEKKO!<\/p>\t\t\t\t\t\t\t\t<\/div>\n\t\t\t\t<\/div>\n\t\t\t\t\t<\/div>\n\t\t<\/div>\n\t\t\t\t\t<\/div>\n\t\t<\/section>\n\t\t\t\t<section class=\"elementor-section elementor-top-section elementor-element elementor-element-fe68364 elementor-section-boxed elementor-section-height-default elementor-section-height-default\" data-id=\"fe68364\" data-element_type=\"section\">\n\t\t\t\t\t\t<div class=\"elementor-container elementor-column-gap-default\">\n\t\t\t\t\t<div class=\"elementor-column elementor-col-100 elementor-top-column elementor-element elementor-element-28dc607\" data-id=\"28dc607\" data-element_type=\"column\">\n\t\t\t<div class=\"elementor-widget-wrap\">\n\t\t\t\t\t\t\t<\/div>\n\t\t<\/div>\n\t\t\t\t\t<\/div>\n\t\t<\/section>\n\t\t\t\t<\/div>\n\t\t","protected":false},"excerpt":{"rendered":"<p>Conselheiro Voc\u00ea n\u00e3o \u00e9 particularmente h\u00e1bil no trabalho manual e sempre quis saber como pendurar um quadro na parede de forma r\u00e1pida e f\u00e1cil? Talvez voc\u00ea apenas queira se inspirar e esteja procurando novas maneiras de anexar suas fotos? Pendurar fotos corretamente \u00e9 uma arte em si. Em nosso guia, mostramos v\u00e1rias op\u00e7\u00f5es de pendurar [&hellip;]<\/p>\n","protected":false},"author":1,"featured_media":0,"parent":0,"menu_order":0,"comment_status":"closed","ping_status":"closed","template":"elementor_header_footer","meta":{"site-sidebar-layout":"no-sidebar","site-content-layout":"page-builder","ast-site-content-layout":"default","site-content-style":"default","site-sidebar-style":"default","ast-global-header-display":"","ast-banner-title-visibility":"","ast-main-header-display":"","ast-hfb-above-header-display":"","ast-hfb-below-header-display":"","ast-hfb-mobile-header-display":"","site-post-title":"disabled","ast-breadcrumbs-content":"disabled","ast-featured-img":"disabled","footer-sml-layout":"","ast-disable-related-posts":"","theme-transparent-header-meta":"default","adv-header-id-meta":"","stick-header-meta":"","header-above-stick-meta":"","header-main-stick-meta":"","header-below-stick-meta":"","astra-migrate-meta-layouts":"default","ast-page-background-enabled":"default","ast-page-background-meta":{"desktop":{"background-color":"","background-image":"","background-repeat":"repeat","background-position":"center center","background-size":"auto","background-attachment":"scroll","background-type":"","background-media":"","overlay-type":"","overlay-color":"","overlay-opacity":"","overlay-gradient":""},"tablet":{"background-color":"","background-image":"","background-repeat":"repeat","background-position":"center center","background-size":"auto","background-attachment":"scroll","background-type":"","background-media":"","overlay-type":"","overlay-color":"","overlay-opacity":"","overlay-gradient":""},"mobile":{"background-color":"","background-image":"","background-repeat":"repeat","background-position":"center center","background-size":"auto","background-attachment":"scroll","background-type":"","background-media":"","overlay-type":"","overlay-color":"","overlay-opacity":"","overlay-gradient":""}},"ast-content-background-meta":{"desktop":{"background-color":"var(--ast-global-color-5)","background-image":"","background-repeat":"repeat","background-position":"center center","background-size":"auto","background-attachment":"scroll","background-type":"","background-media":"","overlay-type":"","overlay-color":"","overlay-opacity":"","overlay-gradient":""},"tablet":{"background-color":"var(--ast-global-color-5)","background-image":"","background-repeat":"repeat","background-position":"center center","background-size":"auto","background-attachment":"scroll","background-type":"","background-media":"","overlay-type":"","overlay-color":"","overlay-opacity":"","overlay-gradient":""},"mobile":{"background-color":"var(--ast-global-color-5)","background-image":"","background-repeat":"repeat","background-position":"center center","background-size":"auto","background-attachment":"scroll","background-type":"","background-media":"","overlay-type":"","overlay-color":"","overlay-opacity":"","overlay-gradient":""}},"footnotes":""},"class_list":["post-2548","page","type-page","status-publish","hentry"],"yoast_head":"<!-- This site is optimized with the Yoast SEO Premium plugin v23.9 (Yoast SEO v26.1.1) - https:\/\/yoast.com\/wordpress\/plugins\/seo\/ -->\n<title>Conselheiro - GAEKKO Pendurada quadros - Para pendurar fotos<\/title>\n<meta name=\"robots\" content=\"index, follow, max-snippet:-1, max-image-preview:large, max-video-preview:-1\" \/>\n<link rel=\"canonical\" href=\"https:\/\/gaekko.de\/pt\/conselheiro\/\" \/>\n<meta property=\"og:locale\" content=\"pt_PT\" \/>\n<meta property=\"og:type\" content=\"article\" \/>\n<meta property=\"og:title\" content=\"Conselheiro\" \/>\n<meta property=\"og:description\" content=\"Conselheiro Voc\u00ea n\u00e3o \u00e9 particularmente h\u00e1bil no trabalho manual e sempre quis saber como pendurar um quadro na parede de forma r\u00e1pida e f\u00e1cil? Talvez voc\u00ea apenas queira se inspirar e esteja procurando novas maneiras de anexar suas fotos? Pendurar fotos corretamente \u00e9 uma arte em si. Em nosso guia, mostramos v\u00e1rias op\u00e7\u00f5es de pendurar [&hellip;]\" \/>\n<meta property=\"og:url\" content=\"https:\/\/gaekko.de\/pt\/conselheiro\/\" \/>\n<meta property=\"og:site_name\" content=\"GAEKKO Pendurada quadros - Para pendurar fotos\" \/>\n<meta property=\"article:publisher\" content=\"https:\/\/www.facebook.com\/GAEKKO.de\" \/>\n<meta property=\"article:modified_time\" content=\"2022-02-20T11:51:43+00:00\" \/>\n<meta name=\"twitter:card\" content=\"summary_large_image\" \/>\n<meta name=\"twitter:site\" content=\"@gaekko_de\" \/>\n<meta name=\"twitter:label1\" content=\"Tempo estimado de leitura\" \/>\n\t<meta name=\"twitter:data1\" content=\"1 minuto\" \/>\n<script type=\"application\/ld+json\" class=\"yoast-schema-graph\">{\"@context\":\"https:\/\/schema.org\",\"@graph\":[{\"@type\":\"WebPage\",\"@id\":\"https:\/\/gaekko.de\/pt\/conselheiro\/\",\"url\":\"https:\/\/gaekko.de\/pt\/conselheiro\/\",\"name\":\"Conselheiro - GAEKKO Pendurada quadros - Para pendurar fotos\",\"isPartOf\":{\"@id\":\"https:\/\/gaekko.de\/pt\/#website\"},\"datePublished\":\"2021-04-12T08:48:54+00:00\",\"dateModified\":\"2022-02-20T11:51:43+00:00\",\"breadcrumb\":{\"@id\":\"https:\/\/gaekko.de\/pt\/conselheiro\/#breadcrumb\"},\"inLanguage\":\"pt-PT\",\"potentialAction\":[{\"@type\":\"ReadAction\",\"target\":[\"https:\/\/gaekko.de\/pt\/conselheiro\/\"]}]},{\"@type\":\"BreadcrumbList\",\"@id\":\"https:\/\/gaekko.de\/pt\/conselheiro\/#breadcrumb\",\"itemListElement\":[{\"@type\":\"ListItem\",\"position\":1,\"name\":\"Startseite\",\"item\":\"https:\/\/gaekko.de\/pt\/\"},{\"@type\":\"ListItem\",\"position\":2,\"name\":\"Conselheiro\"}]},{\"@type\":\"WebSite\",\"@id\":\"https:\/\/gaekko.de\/pt\/#website\",\"url\":\"https:\/\/gaekko.de\/pt\/\",\"name\":\"GAEKKO Pendurada quadros - Para pendurar fotos\",\"description\":\"Voc\u00ea gostaria de pendurar uma foto? Conhe\u00e7a os nossos produtos para colar, aparafusar ou pregar pinturas na parede. Para descobrir mais clique aqui!\",\"publisher\":{\"@id\":\"https:\/\/gaekko.de\/pt\/#organization\"},\"potentialAction\":[{\"@type\":\"SearchAction\",\"target\":{\"@type\":\"EntryPoint\",\"urlTemplate\":\"https:\/\/gaekko.de\/pt\/?s={search_term_string}\"},\"query-input\":{\"@type\":\"PropertyValueSpecification\",\"valueRequired\":true,\"valueName\":\"search_term_string\"}}],\"inLanguage\":\"pt-PT\"},{\"@type\":\"Organization\",\"@id\":\"https:\/\/gaekko.de\/pt\/#organization\",\"name\":\"GAEKKO Pendurada quadros - Para pendurar fotos\",\"url\":\"https:\/\/gaekko.de\/pt\/\",\"logo\":{\"@type\":\"ImageObject\",\"inLanguage\":\"pt-PT\",\"@id\":\"https:\/\/gaekko.de\/pt\/#\/schema\/logo\/image\/\",\"url\":\"https:\/\/gaekko.de\/pt\/wp-content\/uploads\/sites\/11\/2021\/07\/cropped-logo-fit-1.png\",\"contentUrl\":\"https:\/\/gaekko.de\/pt\/wp-content\/uploads\/sites\/11\/2021\/07\/cropped-logo-fit-1.png\",\"width\":300,\"height\":60,\"caption\":\"GAEKKO Pendurada quadros - Para pendurar fotos\"},\"image\":{\"@id\":\"https:\/\/gaekko.de\/pt\/#\/schema\/logo\/image\/\"},\"sameAs\":[\"https:\/\/www.facebook.com\/GAEKKO.de\",\"https:\/\/x.com\/gaekko_de\",\"https:\/\/www.instagram.com\/gaekko.de\"]}]}<\/script>\n<!-- \/ Yoast SEO Premium plugin. -->","yoast_head_json":{"title":"Conselheiro - GAEKKO Pendurada quadros - Para pendurar fotos","robots":{"index":"index","follow":"follow","max-snippet":"max-snippet:-1","max-image-preview":"max-image-preview:large","max-video-preview":"max-video-preview:-1"},"canonical":"https:\/\/gaekko.de\/pt\/conselheiro\/","og_locale":"pt_PT","og_type":"article","og_title":"Conselheiro","og_description":"Conselheiro Voc\u00ea n\u00e3o \u00e9 particularmente h\u00e1bil no trabalho manual e sempre quis saber como pendurar um quadro na parede de forma r\u00e1pida e f\u00e1cil? Talvez voc\u00ea apenas queira se inspirar e esteja procurando novas maneiras de anexar suas fotos? Pendurar fotos corretamente \u00e9 uma arte em si. Em nosso guia, mostramos v\u00e1rias op\u00e7\u00f5es de pendurar [&hellip;]","og_url":"https:\/\/gaekko.de\/pt\/conselheiro\/","og_site_name":"GAEKKO Pendurada quadros - Para pendurar fotos","article_publisher":"https:\/\/www.facebook.com\/GAEKKO.de","article_modified_time":"2022-02-20T11:51:43+00:00","twitter_card":"summary_large_image","twitter_site":"@gaekko_de","twitter_misc":{"Tempo estimado de leitura":"1 minuto"},"schema":{"@context":"https:\/\/schema.org","@graph":[{"@type":"WebPage","@id":"https:\/\/gaekko.de\/pt\/conselheiro\/","url":"https:\/\/gaekko.de\/pt\/conselheiro\/","name":"Conselheiro - GAEKKO Pendurada quadros - Para pendurar fotos","isPartOf":{"@id":"https:\/\/gaekko.de\/pt\/#website"},"datePublished":"2021-04-12T08:48:54+00:00","dateModified":"2022-02-20T11:51:43+00:00","breadcrumb":{"@id":"https:\/\/gaekko.de\/pt\/conselheiro\/#breadcrumb"},"inLanguage":"pt-PT","potentialAction":[{"@type":"ReadAction","target":["https:\/\/gaekko.de\/pt\/conselheiro\/"]}]},{"@type":"BreadcrumbList","@id":"https:\/\/gaekko.de\/pt\/conselheiro\/#breadcrumb","itemListElement":[{"@type":"ListItem","position":1,"name":"Startseite","item":"https:\/\/gaekko.de\/pt\/"},{"@type":"ListItem","position":2,"name":"Conselheiro"}]},{"@type":"WebSite","@id":"https:\/\/gaekko.de\/pt\/#website","url":"https:\/\/gaekko.de\/pt\/","name":"GAEKKO Pendurada quadros - Para pendurar fotos","description":"Voc\u00ea gostaria de pendurar uma foto? Conhe\u00e7a os nossos produtos para colar, aparafusar ou pregar pinturas na parede. Para descobrir mais clique aqui!","publisher":{"@id":"https:\/\/gaekko.de\/pt\/#organization"},"potentialAction":[{"@type":"SearchAction","target":{"@type":"EntryPoint","urlTemplate":"https:\/\/gaekko.de\/pt\/?s={search_term_string}"},"query-input":{"@type":"PropertyValueSpecification","valueRequired":true,"valueName":"search_term_string"}}],"inLanguage":"pt-PT"},{"@type":"Organization","@id":"https:\/\/gaekko.de\/pt\/#organization","name":"GAEKKO Pendurada quadros - Para pendurar fotos","url":"https:\/\/gaekko.de\/pt\/","logo":{"@type":"ImageObject","inLanguage":"pt-PT","@id":"https:\/\/gaekko.de\/pt\/#\/schema\/logo\/image\/","url":"https:\/\/gaekko.de\/pt\/wp-content\/uploads\/sites\/11\/2021\/07\/cropped-logo-fit-1.png","contentUrl":"https:\/\/gaekko.de\/pt\/wp-content\/uploads\/sites\/11\/2021\/07\/cropped-logo-fit-1.png","width":300,"height":60,"caption":"GAEKKO Pendurada quadros - Para pendurar fotos"},"image":{"@id":"https:\/\/gaekko.de\/pt\/#\/schema\/logo\/image\/"},"sameAs":["https:\/\/www.facebook.com\/GAEKKO.de","https:\/\/x.com\/gaekko_de","https:\/\/www.instagram.com\/gaekko.de"]}]}},"_links":{"self":[{"href":"https:\/\/gaekko.de\/pt\/wp-json\/wp\/v2\/pages\/2548","targetHints":{"allow":["GET"]}}],"collection":[{"href":"https:\/\/gaekko.de\/pt\/wp-json\/wp\/v2\/pages"}],"about":[{"href":"https:\/\/gaekko.de\/pt\/wp-json\/wp\/v2\/types\/page"}],"author":[{"embeddable":true,"href":"https:\/\/gaekko.de\/pt\/wp-json\/wp\/v2\/users\/1"}],"replies":[{"embeddable":true,"href":"https:\/\/gaekko.de\/pt\/wp-json\/wp\/v2\/comments?post=2548"}],"version-history":[{"count":10,"href":"https:\/\/gaekko.de\/pt\/wp-json\/wp\/v2\/pages\/2548\/revisions"}],"predecessor-version":[{"id":15742,"href":"https:\/\/gaekko.de\/pt\/wp-json\/wp\/v2\/pages\/2548\/revisions\/15742"}],"wp:attachment":[{"href":"https:\/\/gaekko.de\/pt\/wp-json\/wp\/v2\/media?parent=2548"}],"curies":[{"name":"wp","href":"https:\/\/api.w.org\/{rel}","templated":true}]}}