{"id":5843,"date":"2021-05-12T15:51:54","date_gmt":"2021-05-12T13:51:54","guid":{"rendered":"https:\/\/gaekko.de\/pt\/?page_id=5843"},"modified":"2022-01-09T12:26:31","modified_gmt":"2022-01-09T11:26:31","slug":"que-tipo-de-foto-voce-quer-pendurar","status":"publish","type":"page","link":"https:\/\/gaekko.de\/pt\/que-tipo-de-foto-voce-quer-pendurar\/","title":{"rendered":"Que tipo de foto voc\u00ea quer pendurar?"},"content":{"rendered":"\t\t<div data-elementor-type=\"wp-page\" data-elementor-id=\"5843\" class=\"elementor elementor-5843\" data-elementor-post-type=\"page\">\n\t\t\t\t\t\t<section class=\"elementor-section elementor-top-section elementor-element elementor-element-d53b013 elementor-section-boxed elementor-section-height-default elementor-section-height-default\" data-id=\"d53b013\" data-element_type=\"section\">\n\t\t\t\t\t\t<div class=\"elementor-container elementor-column-gap-default\">\n\t\t\t\t\t<div class=\"elementor-column elementor-col-100 elementor-top-column elementor-element elementor-element-91b916b\" data-id=\"91b916b\" data-element_type=\"column\">\n\t\t\t<div class=\"elementor-widget-wrap elementor-element-populated\">\n\t\t\t\t\t\t<div class=\"elementor-element elementor-element-9e4fedb elementor-widget elementor-widget-heading\" data-id=\"9e4fedb\" data-element_type=\"widget\" data-widget_type=\"heading.default\">\n\t\t\t\t<div class=\"elementor-widget-container\">\n\t\t\t\t\t<h1 class=\"elementor-heading-title elementor-size-default\">Que tipo de foto voc\u00ea quer pendurar?<\/h1>\t\t\t\t<\/div>\n\t\t\t\t<\/div>\n\t\t\t\t<div class=\"elementor-element elementor-element-d17819b elementor-widget-divider--view-line elementor-widget elementor-widget-divider\" data-id=\"d17819b\" data-element_type=\"widget\" data-widget_type=\"divider.default\">\n\t\t\t\t<div class=\"elementor-widget-container\">\n\t\t\t\t\t\t\t<div class=\"elementor-divider\">\n\t\t\t<span class=\"elementor-divider-separator\">\n\t\t\t\t\t\t<\/span>\n\t\t<\/div>\n\t\t\t\t\t\t<\/div>\n\t\t\t\t<\/div>\n\t\t\t\t<div class=\"elementor-element elementor-element-7962046 elementor-widget-divider--view-line elementor-widget elementor-widget-divider\" data-id=\"7962046\" data-element_type=\"widget\" data-widget_type=\"divider.default\">\n\t\t\t\t<div class=\"elementor-widget-container\">\n\t\t\t\t\t\t\t<div class=\"elementor-divider\">\n\t\t\t<span class=\"elementor-divider-separator\">\n\t\t\t\t\t\t<\/span>\n\t\t<\/div>\n\t\t\t\t\t\t<\/div>\n\t\t\t\t<\/div>\n\t\t\t\t\t<\/div>\n\t\t<\/div>\n\t\t\t\t\t<\/div>\n\t\t<\/section>\n\t\t\t\t<section class=\"elementor-section elementor-top-section elementor-element elementor-element-295bfb9 elementor-section-boxed elementor-section-height-default elementor-section-height-default\" data-id=\"295bfb9\" data-element_type=\"section\">\n\t\t\t\t\t\t<div class=\"elementor-container elementor-column-gap-default\">\n\t\t\t\t\t<div class=\"elementor-column elementor-col-100 elementor-top-column elementor-element elementor-element-b7b089c\" data-id=\"b7b089c\" data-element_type=\"column\">\n\t\t\t<div class=\"elementor-widget-wrap elementor-element-populated\">\n\t\t\t\t\t\t<div class=\"elementor-element elementor-element-a5a6187 elementor-widget elementor-widget-progress\" data-id=\"a5a6187\" data-element_type=\"widget\" data-widget_type=\"progress.default\">\n\t\t\t\t<div class=\"elementor-widget-container\">\n\t\t\t\t\t\t\t\t<span class=\"elementor-title\" id=\"elementor-progress-bar-a5a6187\">\n\t\t\t\tPor favor selecione ...\t\t\t<\/span>\n\t\t\n\t\t<div aria-labelledby=\"elementor-progress-bar-a5a6187\" class=\"elementor-progress-wrapper\" role=\"progressbar\" aria-valuemin=\"0\" aria-valuemax=\"100\" aria-valuenow=\"80\" aria-valuetext=\"80% (Voc\u00ea est\u00e1 quase l\u00e1!)\">\n\t\t\t<div class=\"elementor-progress-bar\" data-max=\"80\">\n\t\t\t\t<span class=\"elementor-progress-text\">Voc\u00ea est\u00e1 quase l\u00e1!<\/span>\n\t\t\t\t\t\t\t\t\t<span class=\"elementor-progress-percentage\">80%<\/span>\n\t\t\t\t\t\t\t<\/div>\n\t\t<\/div>\n\t\t\t\t\t\t<\/div>\n\t\t\t\t<\/div>\n\t\t\t\t<section class=\"elementor-section elementor-inner-section elementor-element elementor-element-31bd1c4 elementor-section-boxed elementor-section-height-default elementor-section-height-default\" data-id=\"31bd1c4\" data-element_type=\"section\">\n\t\t\t\t\t\t<div class=\"elementor-container elementor-column-gap-default\">\n\t\t\t\t\t<div class=\"elementor-column elementor-col-20 elementor-inner-column elementor-element elementor-element-9f0d801\" data-id=\"9f0d801\" data-element_type=\"column\">\n\t\t\t<div class=\"elementor-widget-wrap\">\n\t\t\t\t\t\t\t<\/div>\n\t\t<\/div>\n\t\t\t\t<div class=\"elementor-column elementor-col-20 elementor-inner-column elementor-element elementor-element-9acefa6\" data-id=\"9acefa6\" data-element_type=\"column\">\n\t\t\t<div class=\"elementor-widget-wrap\">\n\t\t\t\t\t\t\t<\/div>\n\t\t<\/div>\n\t\t\t\t<div class=\"elementor-column elementor-col-20 elementor-inner-column elementor-element elementor-element-95fd3af elementor-hidden-phone\" data-id=\"95fd3af\" data-element_type=\"column\">\n\t\t\t<div class=\"elementor-widget-wrap\">\n\t\t\t\t\t\t\t<\/div>\n\t\t<\/div>\n\t\t\t\t<div class=\"elementor-column elementor-col-20 elementor-inner-column elementor-element elementor-element-0712ebc\" data-id=\"0712ebc\" data-element_type=\"column\">\n\t\t\t<div class=\"elementor-widget-wrap\">\n\t\t\t\t\t\t\t<\/div>\n\t\t<\/div>\n\t\t\t\t<div class=\"elementor-column elementor-col-20 elementor-inner-column elementor-element elementor-element-99b7dc4 elementor-hidden-phone\" data-id=\"99b7dc4\" data-element_type=\"column\">\n\t\t\t<div class=\"elementor-widget-wrap\">\n\t\t\t\t\t\t\t<\/div>\n\t\t<\/div>\n\t\t\t\t\t<\/div>\n\t\t<\/section>\n\t\t\t\t<section class=\"elementor-section elementor-inner-section elementor-element elementor-element-795da6b elementor-section-boxed elementor-section-height-default elementor-section-height-default\" data-id=\"795da6b\" data-element_type=\"section\">\n\t\t\t\t\t\t<div class=\"elementor-container elementor-column-gap-default\">\n\t\t\t\t\t<div class=\"elementor-column elementor-col-20 elementor-inner-column elementor-element elementor-element-2e5b599 elementor-hidden-phone\" data-id=\"2e5b599\" data-element_type=\"column\">\n\t\t\t<div class=\"elementor-widget-wrap\">\n\t\t\t\t\t\t\t<\/div>\n\t\t<\/div>\n\t\t\t\t<div class=\"elementor-column elementor-col-20 elementor-inner-column elementor-element elementor-element-ba99efd\" data-id=\"ba99efd\" data-element_type=\"column\">\n\t\t\t<div class=\"elementor-widget-wrap\">\n\t\t\t\t\t\t\t<\/div>\n\t\t<\/div>\n\t\t\t\t<div class=\"elementor-column elementor-col-20 elementor-inner-column elementor-element elementor-element-8ad378a elementor-hidden-phone\" data-id=\"8ad378a\" data-element_type=\"column\">\n\t\t\t<div class=\"elementor-widget-wrap\">\n\t\t\t\t\t\t\t<\/div>\n\t\t<\/div>\n\t\t\t\t<div class=\"elementor-column elementor-col-20 elementor-inner-column elementor-element elementor-element-f45e2e3\" data-id=\"f45e2e3\" data-element_type=\"column\">\n\t\t\t<div class=\"elementor-widget-wrap\">\n\t\t\t\t\t\t\t<\/div>\n\t\t<\/div>\n\t\t\t\t<div class=\"elementor-column elementor-col-20 elementor-inner-column elementor-element elementor-element-88b7445 elementor-hidden-phone\" data-id=\"88b7445\" data-element_type=\"column\">\n\t\t\t<div class=\"elementor-widget-wrap\">\n\t\t\t\t\t\t\t<\/div>\n\t\t<\/div>\n\t\t\t\t\t<\/div>\n\t\t<\/section>\n\t\t\t\t<section class=\"elementor-section elementor-inner-section elementor-element elementor-element-96bb449 elementor-section-boxed elementor-section-height-default elementor-section-height-default\" data-id=\"96bb449\" data-element_type=\"section\">\n\t\t\t\t\t\t<div class=\"elementor-container elementor-column-gap-default\">\n\t\t\t\t\t<div class=\"elementor-column elementor-col-33 elementor-inner-column elementor-element elementor-element-1e77ca0 elementor-hidden-phone\" data-id=\"1e77ca0\" data-element_type=\"column\">\n\t\t\t<div class=\"elementor-widget-wrap\">\n\t\t\t\t\t\t\t<\/div>\n\t\t<\/div>\n\t\t\t\t<div class=\"elementor-column elementor-col-33 elementor-inner-column elementor-element elementor-element-774de9f\" data-id=\"774de9f\" data-element_type=\"column\">\n\t\t\t<div class=\"elementor-widget-wrap\">\n\t\t\t\t\t\t\t<\/div>\n\t\t<\/div>\n\t\t\t\t<div class=\"elementor-column elementor-col-33 elementor-inner-column elementor-element elementor-element-a6e47a1\" data-id=\"a6e47a1\" data-element_type=\"column\">\n\t\t\t<div class=\"elementor-widget-wrap\">\n\t\t\t\t\t\t\t<\/div>\n\t\t<\/div>\n\t\t\t\t\t<\/div>\n\t\t<\/section>\n\t\t\t\t\t<\/div>\n\t\t<\/div>\n\t\t\t\t\t<\/div>\n\t\t<\/section>\n\t\t\t\t<section class=\"elementor-section elementor-top-section elementor-element elementor-element-16d9309 elementor-section-boxed elementor-section-height-default elementor-section-height-default\" data-id=\"16d9309\" data-element_type=\"section\">\n\t\t\t\t\t\t<div class=\"elementor-container elementor-column-gap-default\">\n\t\t\t\t\t<div class=\"elementor-column elementor-col-100 elementor-top-column elementor-element elementor-element-7082d25\" data-id=\"7082d25\" data-element_type=\"column\">\n\t\t\t<div class=\"elementor-widget-wrap elementor-element-populated\">\n\t\t\t\t\t\t<div class=\"elementor-element elementor-element-0cf8754 elementor-widget elementor-widget-spacer\" data-id=\"0cf8754\" data-element_type=\"widget\" data-widget_type=\"spacer.default\">\n\t\t\t\t<div class=\"elementor-widget-container\">\n\t\t\t\t\t\t\t<div class=\"elementor-spacer\">\n\t\t\t<div class=\"elementor-spacer-inner\"><\/div>\n\t\t<\/div>\n\t\t\t\t\t\t<\/div>\n\t\t\t\t<\/div>\n\t\t\t\t\t<\/div>\n\t\t<\/div>\n\t\t\t\t\t<\/div>\n\t\t<\/section>\n\t\t\t\t<section class=\"elementor-section elementor-top-section elementor-element elementor-element-881fc1b elementor-section-boxed elementor-section-height-default elementor-section-height-default\" data-id=\"881fc1b\" data-element_type=\"section\">\n\t\t\t\t\t\t<div class=\"elementor-container elementor-column-gap-default\">\n\t\t\t\t\t<div class=\"elementor-column elementor-col-33 elementor-top-column elementor-element elementor-element-f41699f\" data-id=\"f41699f\" data-element_type=\"column\">\n\t\t\t<div class=\"elementor-widget-wrap\">\n\t\t\t\t\t\t\t<\/div>\n\t\t<\/div>\n\t\t\t\t<div class=\"elementor-column elementor-col-33 elementor-top-column elementor-element elementor-element-b51a9f2\" data-id=\"b51a9f2\" data-element_type=\"column\">\n\t\t\t<div class=\"elementor-widget-wrap elementor-element-populated\">\n\t\t\t\t\t\t<div class=\"elementor-element elementor-element-f86c42e elementor-align-center elementor-widget elementor-widget-lottie\" data-id=\"f86c42e\" data-element_type=\"widget\" data-settings=\"{&quot;source_json&quot;:{&quot;url&quot;:&quot;https:\\\/\\\/gaekko.de\\\/pt\\\/wp-content\\\/uploads\\\/sites\\\/11\\\/2021\\\/04\\\/2833-green-monster.json&quot;,&quot;id&quot;:3347,&quot;size&quot;:&quot;&quot;,&quot;alt&quot;:&quot;&quot;,&quot;source&quot;:&quot;library&quot;},&quot;loop&quot;:&quot;yes&quot;,&quot;caption_source&quot;:&quot;title&quot;,&quot;source&quot;:&quot;media_file&quot;,&quot;link_to&quot;:&quot;none&quot;,&quot;trigger&quot;:&quot;arriving_to_viewport&quot;,&quot;viewport&quot;:{&quot;unit&quot;:&quot;%&quot;,&quot;size&quot;:&quot;&quot;,&quot;sizes&quot;:{&quot;start&quot;:0,&quot;end&quot;:100}},&quot;play_speed&quot;:{&quot;unit&quot;:&quot;px&quot;,&quot;size&quot;:1,&quot;sizes&quot;:[]},&quot;start_point&quot;:{&quot;unit&quot;:&quot;%&quot;,&quot;size&quot;:0,&quot;sizes&quot;:[]},&quot;end_point&quot;:{&quot;unit&quot;:&quot;%&quot;,&quot;size&quot;:100,&quot;sizes&quot;:[]},&quot;renderer&quot;:&quot;svg&quot;}\" data-widget_type=\"lottie.default\">\n\t\t\t\t<div class=\"elementor-widget-container\">\n\t\t\t\t\t<div class=\"e-lottie__container\"><div class=\"e-lottie__animation\"><\/div><\/div>\t\t\t\t<\/div>\n\t\t\t\t<\/div>\n\t\t\t\t\t<\/div>\n\t\t<\/div>\n\t\t\t\t<div class=\"elementor-column elementor-col-33 elementor-top-column elementor-element elementor-element-4892233\" data-id=\"4892233\" data-element_type=\"column\">\n\t\t\t<div class=\"elementor-widget-wrap\">\n\t\t\t\t\t\t\t<\/div>\n\t\t<\/div>\n\t\t\t\t\t<\/div>\n\t\t<\/section>\n\t\t\t\t<section class=\"elementor-section elementor-top-section elementor-element elementor-element-aeb1cc1 elementor-section-boxed elementor-section-height-default elementor-section-height-default\" data-id=\"aeb1cc1\" data-element_type=\"section\">\n\t\t\t\t\t\t<div class=\"elementor-container elementor-column-gap-default\">\n\t\t\t\t\t<div class=\"elementor-column elementor-col-100 elementor-top-column elementor-element elementor-element-d81bd73\" data-id=\"d81bd73\" data-element_type=\"column\">\n\t\t\t<div class=\"elementor-widget-wrap elementor-element-populated\">\n\t\t\t\t\t\t<div class=\"elementor-element elementor-element-517af70 elementor-widget elementor-widget-spacer\" data-id=\"517af70\" data-element_type=\"widget\" data-widget_type=\"spacer.default\">\n\t\t\t\t<div class=\"elementor-widget-container\">\n\t\t\t\t\t\t\t<div class=\"elementor-spacer\">\n\t\t\t<div class=\"elementor-spacer-inner\"><\/div>\n\t\t<\/div>\n\t\t\t\t\t\t<\/div>\n\t\t\t\t<\/div>\n\t\t\t\t<div class=\"elementor-element elementor-element-200844a elementor-widget elementor-widget-woocommerce-breadcrumb\" data-id=\"200844a\" data-element_type=\"widget\" data-widget_type=\"woocommerce-breadcrumb.default\">\n\t\t\t\t<div class=\"elementor-widget-container\">\n\t\t\t\t\t<nav class=\"woocommerce-breadcrumb\" aria-label=\"Breadcrumb\">In\u00edcio<\/nav>\t\t\t\t<\/div>\n\t\t\t\t<\/div>\n\t\t\t\t\t<\/div>\n\t\t<\/div>\n\t\t\t\t\t<\/div>\n\t\t<\/section>\n\t\t\t\t<\/div>\n\t\t","protected":false},"excerpt":{"rendered":"<p>Que tipo de foto voc\u00ea quer pendurar? Por favor selecione &#8230; Voc\u00ea est\u00e1 quase l\u00e1! 80% IMPRESS\u00c3O EM TELA &nbsp; FOTOS EM ALUM\u00cdNIO, METACRILATO e madeira &nbsp; P\u00d3STER PAPEL FOTOGR\u00c1FICO &nbsp; Fotografias emolduradas &nbsp; fotos e Cart\u00f5es &nbsp; Contato pessoal Escreva-nos um email para support@gaekko.de e iremos processar o seu pedido dentro de 24 horas. [&hellip;]<\/p>\n","protected":false},"author":1,"featured_media":0,"parent":0,"menu_order":0,"comment_status":"closed","ping_status":"closed","template":"elementor_header_footer","meta":{"site-sidebar-layout":"no-sidebar","site-content-layout":"page-builder","ast-site-content-layout":"default","site-content-style":"default","site-sidebar-style":"default","ast-global-header-display":"","ast-banner-title-visibility":"","ast-main-header-display":"","ast-hfb-above-header-display":"","ast-hfb-below-header-display":"","ast-hfb-mobile-header-display":"","site-post-title":"disabled","ast-breadcrumbs-content":"disabled","ast-featured-img":"disabled","footer-sml-layout":"","ast-disable-related-posts":"","theme-transparent-header-meta":"default","adv-header-id-meta":"","stick-header-meta":"","header-above-stick-meta":"","header-main-stick-meta":"","header-below-stick-meta":"","astra-migrate-meta-layouts":"default","ast-page-background-enabled":"default","ast-page-background-meta":{"desktop":{"background-color":"","background-image":"","background-repeat":"repeat","background-position":"center center","background-size":"auto","background-attachment":"scroll","background-type":"","background-media":"","overlay-type":"","overlay-color":"","overlay-opacity":"","overlay-gradient":""},"tablet":{"background-color":"","background-image":"","background-repeat":"repeat","background-position":"center center","background-size":"auto","background-attachment":"scroll","background-type":"","background-media":"","overlay-type":"","overlay-color":"","overlay-opacity":"","overlay-gradient":""},"mobile":{"background-color":"","background-image":"","background-repeat":"repeat","background-position":"center center","background-size":"auto","background-attachment":"scroll","background-type":"","background-media":"","overlay-type":"","overlay-color":"","overlay-opacity":"","overlay-gradient":""}},"ast-content-background-meta":{"desktop":{"background-color":"var(--ast-global-color-5)","background-image":"","background-repeat":"repeat","background-position":"center center","background-size":"auto","background-attachment":"scroll","background-type":"","background-media":"","overlay-type":"","overlay-color":"","overlay-opacity":"","overlay-gradient":""},"tablet":{"background-color":"var(--ast-global-color-5)","background-image":"","background-repeat":"repeat","background-position":"center center","background-size":"auto","background-attachment":"scroll","background-type":"","background-media":"","overlay-type":"","overlay-color":"","overlay-opacity":"","overlay-gradient":""},"mobile":{"background-color":"var(--ast-global-color-5)","background-image":"","background-repeat":"repeat","background-position":"center center","background-size":"auto","background-attachment":"scroll","background-type":"","background-media":"","overlay-type":"","overlay-color":"","overlay-opacity":"","overlay-gradient":""}},"footnotes":""},"class_list":["post-5843","page","type-page","status-publish","hentry"],"yoast_head":"<!-- This site is optimized with the Yoast SEO Premium plugin v23.9 (Yoast SEO v26.1.1) - https:\/\/yoast.com\/wordpress\/plugins\/seo\/ -->\n<title>Que tipo de foto voc\u00ea quer pendurar? - GAEKKO Pendurada quadros - Para pendurar fotos<\/title>\n<meta name=\"robots\" content=\"index, follow, max-snippet:-1, max-image-preview:large, max-video-preview:-1\" \/>\n<link rel=\"canonical\" href=\"https:\/\/gaekko.de\/pt\/que-tipo-de-foto-voce-quer-pendurar\/\" \/>\n<meta property=\"og:locale\" content=\"pt_PT\" \/>\n<meta property=\"og:type\" content=\"article\" \/>\n<meta property=\"og:title\" content=\"Que tipo de foto voc\u00ea quer pendurar?\" \/>\n<meta property=\"og:description\" content=\"Que tipo de foto voc\u00ea quer pendurar? Por favor selecione &#8230; Voc\u00ea est\u00e1 quase l\u00e1! 80% IMPRESS\u00c3O EM TELA &nbsp; FOTOS EM ALUM\u00cdNIO, METACRILATO e madeira &nbsp; P\u00d3STER PAPEL FOTOGR\u00c1FICO &nbsp; Fotografias emolduradas &nbsp; fotos e Cart\u00f5es &nbsp; Contato pessoal Escreva-nos um email para support@gaekko.de e iremos processar o seu pedido dentro de 24 horas. [&hellip;]\" \/>\n<meta property=\"og:url\" content=\"https:\/\/gaekko.de\/pt\/que-tipo-de-foto-voce-quer-pendurar\/\" \/>\n<meta property=\"og:site_name\" content=\"GAEKKO Pendurada quadros - Para pendurar fotos\" \/>\n<meta property=\"article:publisher\" content=\"https:\/\/www.facebook.com\/GAEKKO.de\" \/>\n<meta property=\"article:modified_time\" content=\"2022-01-09T11:26:31+00:00\" \/>\n<meta property=\"og:image\" content=\"https:\/\/gaekko.de\/en\/wp-content\/uploads\/sites\/3\/2021\/07\/canvas-picture-hanging.jpg\" \/>\n<meta name=\"twitter:card\" content=\"summary_large_image\" \/>\n<meta name=\"twitter:site\" content=\"@gaekko_de\" \/>\n<script type=\"application\/ld+json\" class=\"yoast-schema-graph\">{\"@context\":\"https:\/\/schema.org\",\"@graph\":[{\"@type\":\"WebPage\",\"@id\":\"https:\/\/gaekko.de\/pt\/que-tipo-de-foto-voce-quer-pendurar\/\",\"url\":\"https:\/\/gaekko.de\/pt\/que-tipo-de-foto-voce-quer-pendurar\/\",\"name\":\"Que tipo de foto voc\u00ea quer pendurar? - GAEKKO Pendurada quadros - Para pendurar fotos\",\"isPartOf\":{\"@id\":\"https:\/\/gaekko.de\/pt\/#website\"},\"primaryImageOfPage\":{\"@id\":\"https:\/\/gaekko.de\/pt\/que-tipo-de-foto-voce-quer-pendurar\/#primaryimage\"},\"image\":{\"@id\":\"https:\/\/gaekko.de\/pt\/que-tipo-de-foto-voce-quer-pendurar\/#primaryimage\"},\"thumbnailUrl\":\"https:\/\/gaekko.de\/en\/wp-content\/uploads\/sites\/3\/2021\/07\/canvas-picture-hanging.jpg\",\"datePublished\":\"2021-05-12T13:51:54+00:00\",\"dateModified\":\"2022-01-09T11:26:31+00:00\",\"breadcrumb\":{\"@id\":\"https:\/\/gaekko.de\/pt\/que-tipo-de-foto-voce-quer-pendurar\/#breadcrumb\"},\"inLanguage\":\"pt-PT\",\"potentialAction\":[{\"@type\":\"ReadAction\",\"target\":[\"https:\/\/gaekko.de\/pt\/que-tipo-de-foto-voce-quer-pendurar\/\"]}]},{\"@type\":\"ImageObject\",\"inLanguage\":\"pt-PT\",\"@id\":\"https:\/\/gaekko.de\/pt\/que-tipo-de-foto-voce-quer-pendurar\/#primaryimage\",\"url\":\"https:\/\/gaekko.de\/en\/wp-content\/uploads\/sites\/3\/2021\/07\/canvas-picture-hanging.jpg\",\"contentUrl\":\"https:\/\/gaekko.de\/en\/wp-content\/uploads\/sites\/3\/2021\/07\/canvas-picture-hanging.jpg\"},{\"@type\":\"BreadcrumbList\",\"@id\":\"https:\/\/gaekko.de\/pt\/que-tipo-de-foto-voce-quer-pendurar\/#breadcrumb\",\"itemListElement\":[{\"@type\":\"ListItem\",\"position\":1,\"name\":\"Startseite\",\"item\":\"https:\/\/gaekko.de\/pt\/\"},{\"@type\":\"ListItem\",\"position\":2,\"name\":\"Que tipo de foto voc\u00ea quer pendurar?\"}]},{\"@type\":\"WebSite\",\"@id\":\"https:\/\/gaekko.de\/pt\/#website\",\"url\":\"https:\/\/gaekko.de\/pt\/\",\"name\":\"GAEKKO Pendurada quadros - Para pendurar fotos\",\"description\":\"Voc\u00ea gostaria de pendurar uma foto? Conhe\u00e7a os nossos produtos para colar, aparafusar ou pregar pinturas na parede. Para descobrir mais clique aqui!\",\"publisher\":{\"@id\":\"https:\/\/gaekko.de\/pt\/#organization\"},\"potentialAction\":[{\"@type\":\"SearchAction\",\"target\":{\"@type\":\"EntryPoint\",\"urlTemplate\":\"https:\/\/gaekko.de\/pt\/?s={search_term_string}\"},\"query-input\":{\"@type\":\"PropertyValueSpecification\",\"valueRequired\":true,\"valueName\":\"search_term_string\"}}],\"inLanguage\":\"pt-PT\"},{\"@type\":\"Organization\",\"@id\":\"https:\/\/gaekko.de\/pt\/#organization\",\"name\":\"GAEKKO Pendurada quadros - Para pendurar fotos\",\"url\":\"https:\/\/gaekko.de\/pt\/\",\"logo\":{\"@type\":\"ImageObject\",\"inLanguage\":\"pt-PT\",\"@id\":\"https:\/\/gaekko.de\/pt\/#\/schema\/logo\/image\/\",\"url\":\"https:\/\/gaekko.de\/pt\/wp-content\/uploads\/sites\/11\/2021\/07\/cropped-logo-fit-1.png\",\"contentUrl\":\"https:\/\/gaekko.de\/pt\/wp-content\/uploads\/sites\/11\/2021\/07\/cropped-logo-fit-1.png\",\"width\":300,\"height\":60,\"caption\":\"GAEKKO Pendurada quadros - Para pendurar fotos\"},\"image\":{\"@id\":\"https:\/\/gaekko.de\/pt\/#\/schema\/logo\/image\/\"},\"sameAs\":[\"https:\/\/www.facebook.com\/GAEKKO.de\",\"https:\/\/x.com\/gaekko_de\",\"https:\/\/www.instagram.com\/gaekko.de\"]}]}<\/script>\n<!-- \/ Yoast SEO Premium plugin. -->","yoast_head_json":{"title":"Que tipo de foto voc\u00ea quer pendurar? - GAEKKO Pendurada quadros - Para pendurar fotos","robots":{"index":"index","follow":"follow","max-snippet":"max-snippet:-1","max-image-preview":"max-image-preview:large","max-video-preview":"max-video-preview:-1"},"canonical":"https:\/\/gaekko.de\/pt\/que-tipo-de-foto-voce-quer-pendurar\/","og_locale":"pt_PT","og_type":"article","og_title":"Que tipo de foto voc\u00ea quer pendurar?","og_description":"Que tipo de foto voc\u00ea quer pendurar? Por favor selecione &#8230; Voc\u00ea est\u00e1 quase l\u00e1! 80% IMPRESS\u00c3O EM TELA &nbsp; FOTOS EM ALUM\u00cdNIO, METACRILATO e madeira &nbsp; P\u00d3STER PAPEL FOTOGR\u00c1FICO &nbsp; Fotografias emolduradas &nbsp; fotos e Cart\u00f5es &nbsp; Contato pessoal Escreva-nos um email para support@gaekko.de e iremos processar o seu pedido dentro de 24 horas. [&hellip;]","og_url":"https:\/\/gaekko.de\/pt\/que-tipo-de-foto-voce-quer-pendurar\/","og_site_name":"GAEKKO Pendurada quadros - Para pendurar fotos","article_publisher":"https:\/\/www.facebook.com\/GAEKKO.de","article_modified_time":"2022-01-09T11:26:31+00:00","og_image":[{"url":"https:\/\/gaekko.de\/en\/wp-content\/uploads\/sites\/3\/2021\/07\/canvas-picture-hanging.jpg","type":"","width":"","height":""}],"twitter_card":"summary_large_image","twitter_site":"@gaekko_de","schema":{"@context":"https:\/\/schema.org","@graph":[{"@type":"WebPage","@id":"https:\/\/gaekko.de\/pt\/que-tipo-de-foto-voce-quer-pendurar\/","url":"https:\/\/gaekko.de\/pt\/que-tipo-de-foto-voce-quer-pendurar\/","name":"Que tipo de foto voc\u00ea quer pendurar? - GAEKKO Pendurada quadros - Para pendurar fotos","isPartOf":{"@id":"https:\/\/gaekko.de\/pt\/#website"},"primaryImageOfPage":{"@id":"https:\/\/gaekko.de\/pt\/que-tipo-de-foto-voce-quer-pendurar\/#primaryimage"},"image":{"@id":"https:\/\/gaekko.de\/pt\/que-tipo-de-foto-voce-quer-pendurar\/#primaryimage"},"thumbnailUrl":"https:\/\/gaekko.de\/en\/wp-content\/uploads\/sites\/3\/2021\/07\/canvas-picture-hanging.jpg","datePublished":"2021-05-12T13:51:54+00:00","dateModified":"2022-01-09T11:26:31+00:00","breadcrumb":{"@id":"https:\/\/gaekko.de\/pt\/que-tipo-de-foto-voce-quer-pendurar\/#breadcrumb"},"inLanguage":"pt-PT","potentialAction":[{"@type":"ReadAction","target":["https:\/\/gaekko.de\/pt\/que-tipo-de-foto-voce-quer-pendurar\/"]}]},{"@type":"ImageObject","inLanguage":"pt-PT","@id":"https:\/\/gaekko.de\/pt\/que-tipo-de-foto-voce-quer-pendurar\/#primaryimage","url":"https:\/\/gaekko.de\/en\/wp-content\/uploads\/sites\/3\/2021\/07\/canvas-picture-hanging.jpg","contentUrl":"https:\/\/gaekko.de\/en\/wp-content\/uploads\/sites\/3\/2021\/07\/canvas-picture-hanging.jpg"},{"@type":"BreadcrumbList","@id":"https:\/\/gaekko.de\/pt\/que-tipo-de-foto-voce-quer-pendurar\/#breadcrumb","itemListElement":[{"@type":"ListItem","position":1,"name":"Startseite","item":"https:\/\/gaekko.de\/pt\/"},{"@type":"ListItem","position":2,"name":"Que tipo de foto voc\u00ea quer pendurar?"}]},{"@type":"WebSite","@id":"https:\/\/gaekko.de\/pt\/#website","url":"https:\/\/gaekko.de\/pt\/","name":"GAEKKO Pendurada quadros - Para pendurar fotos","description":"Voc\u00ea gostaria de pendurar uma foto? Conhe\u00e7a os nossos produtos para colar, aparafusar ou pregar pinturas na parede. Para descobrir mais clique aqui!","publisher":{"@id":"https:\/\/gaekko.de\/pt\/#organization"},"potentialAction":[{"@type":"SearchAction","target":{"@type":"EntryPoint","urlTemplate":"https:\/\/gaekko.de\/pt\/?s={search_term_string}"},"query-input":{"@type":"PropertyValueSpecification","valueRequired":true,"valueName":"search_term_string"}}],"inLanguage":"pt-PT"},{"@type":"Organization","@id":"https:\/\/gaekko.de\/pt\/#organization","name":"GAEKKO Pendurada quadros - Para pendurar fotos","url":"https:\/\/gaekko.de\/pt\/","logo":{"@type":"ImageObject","inLanguage":"pt-PT","@id":"https:\/\/gaekko.de\/pt\/#\/schema\/logo\/image\/","url":"https:\/\/gaekko.de\/pt\/wp-content\/uploads\/sites\/11\/2021\/07\/cropped-logo-fit-1.png","contentUrl":"https:\/\/gaekko.de\/pt\/wp-content\/uploads\/sites\/11\/2021\/07\/cropped-logo-fit-1.png","width":300,"height":60,"caption":"GAEKKO Pendurada quadros - Para pendurar fotos"},"image":{"@id":"https:\/\/gaekko.de\/pt\/#\/schema\/logo\/image\/"},"sameAs":["https:\/\/www.facebook.com\/GAEKKO.de","https:\/\/x.com\/gaekko_de","https:\/\/www.instagram.com\/gaekko.de"]}]}},"_links":{"self":[{"href":"https:\/\/gaekko.de\/pt\/wp-json\/wp\/v2\/pages\/5843","targetHints":{"allow":["GET"]}}],"collection":[{"href":"https:\/\/gaekko.de\/pt\/wp-json\/wp\/v2\/pages"}],"about":[{"href":"https:\/\/gaekko.de\/pt\/wp-json\/wp\/v2\/types\/page"}],"author":[{"embeddable":true,"href":"https:\/\/gaekko.de\/pt\/wp-json\/wp\/v2\/users\/1"}],"replies":[{"embeddable":true,"href":"https:\/\/gaekko.de\/pt\/wp-json\/wp\/v2\/comments?post=5843"}],"version-history":[{"count":11,"href":"https:\/\/gaekko.de\/pt\/wp-json\/wp\/v2\/pages\/5843\/revisions"}],"predecessor-version":[{"id":15399,"href":"https:\/\/gaekko.de\/pt\/wp-json\/wp\/v2\/pages\/5843\/revisions\/15399"}],"wp:attachment":[{"href":"https:\/\/gaekko.de\/pt\/wp-json\/wp\/v2\/media?parent=5843"}],"curies":[{"name":"wp","href":"https:\/\/api.w.org\/{rel}","templated":true}]}}