{"id":749,"date":"2021-04-08T18:23:21","date_gmt":"2021-04-08T16:23:21","guid":{"rendered":"https:\/\/gaekko.de\/pt\/?page_id=749"},"modified":"2024-01-14T08:52:20","modified_gmt":"2024-01-14T07:52:20","slug":"pendurar-fotografia","status":"publish","type":"page","link":"https:\/\/gaekko.de\/pt\/pendurar-fotografia\/","title":{"rendered":"Pendurada quadros"},"content":{"rendered":"\t\t<div data-elementor-type=\"wp-page\" data-elementor-id=\"749\" class=\"elementor elementor-749\" data-elementor-post-type=\"page\">\n\t\t\t\t\t\t<section class=\"elementor-section elementor-top-section elementor-element elementor-element-f564629 elementor-section-boxed elementor-section-height-default elementor-section-height-default\" data-id=\"f564629\" data-element_type=\"section\">\n\t\t\t\t\t\t<div class=\"elementor-container elementor-column-gap-default\">\n\t\t\t\t\t<div class=\"elementor-column elementor-col-100 elementor-top-column elementor-element elementor-element-de7fc68\" data-id=\"de7fc68\" data-element_type=\"column\">\n\t\t\t<div class=\"elementor-widget-wrap elementor-element-populated\">\n\t\t\t\t\t\t<div class=\"elementor-element elementor-element-dc5481e elementor-widget elementor-widget-heading\" data-id=\"dc5481e\" data-element_type=\"widget\" data-widget_type=\"heading.default\">\n\t\t\t\t<div class=\"elementor-widget-container\">\n\t\t\t\t\t<h1 class=\"elementor-heading-title elementor-size-default\">nossos pendurada quadros\n<\/h1>\t\t\t\t<\/div>\n\t\t\t\t<\/div>\n\t\t\t\t<div class=\"elementor-element elementor-element-c0595b8 elementor-widget-divider--view-line elementor-widget elementor-widget-divider\" data-id=\"c0595b8\" data-element_type=\"widget\" data-widget_type=\"divider.default\">\n\t\t\t\t<div class=\"elementor-widget-container\">\n\t\t\t\t\t\t\t<div class=\"elementor-divider\">\n\t\t\t<span class=\"elementor-divider-separator\">\n\t\t\t\t\t\t<\/span>\n\t\t<\/div>\n\t\t\t\t\t\t<\/div>\n\t\t\t\t<\/div>\n\t\t\t\t<div class=\"elementor-element elementor-element-d85e058 elementor-widget-divider--view-line elementor-widget elementor-widget-divider\" data-id=\"d85e058\" data-element_type=\"widget\" data-widget_type=\"divider.default\">\n\t\t\t\t<div class=\"elementor-widget-container\">\n\t\t\t\t\t\t\t<div class=\"elementor-divider\">\n\t\t\t<span class=\"elementor-divider-separator\">\n\t\t\t\t\t\t<\/span>\n\t\t<\/div>\n\t\t\t\t\t\t<\/div>\n\t\t\t\t<\/div>\n\t\t\t\t\t<\/div>\n\t\t<\/div>\n\t\t\t\t\t<\/div>\n\t\t<\/section>\n\t\t\t\t<section class=\"elementor-section elementor-top-section elementor-element elementor-element-1a8fb07 elementor-section-boxed elementor-section-height-default elementor-section-height-default\" data-id=\"1a8fb07\" data-element_type=\"section\">\n\t\t\t\t\t\t<div class=\"elementor-container elementor-column-gap-default\">\n\t\t\t\t\t<div class=\"elementor-column elementor-col-33 elementor-top-column elementor-element elementor-element-587b140\" data-id=\"587b140\" data-element_type=\"column\">\n\t\t\t<div class=\"elementor-widget-wrap\">\n\t\t\t\t\t\t\t<\/div>\n\t\t<\/div>\n\t\t\t\t<div class=\"elementor-column elementor-col-33 elementor-top-column elementor-element elementor-element-b981fdc\" data-id=\"b981fdc\" data-element_type=\"column\">\n\t\t\t<div class=\"elementor-widget-wrap\">\n\t\t\t\t\t\t\t<\/div>\n\t\t<\/div>\n\t\t\t\t<div class=\"elementor-column elementor-col-33 elementor-top-column elementor-element elementor-element-5192133\" data-id=\"5192133\" data-element_type=\"column\">\n\t\t\t<div class=\"elementor-widget-wrap\">\n\t\t\t\t\t\t\t<\/div>\n\t\t<\/div>\n\t\t\t\t\t<\/div>\n\t\t<\/section>\n\t\t\t\t<section class=\"elementor-section elementor-top-section elementor-element elementor-element-bcccbb6 elementor-section-height-min-height elementor-section-boxed elementor-section-height-default elementor-section-items-middle\" data-id=\"bcccbb6\" data-element_type=\"section\">\n\t\t\t\t\t\t<div class=\"elementor-container elementor-column-gap-default\">\n\t\t\t\t\t<div class=\"elementor-column elementor-col-25 elementor-top-column elementor-element elementor-element-ca26eaa\" data-id=\"ca26eaa\" data-element_type=\"column\">\n\t\t\t<div class=\"elementor-widget-wrap\">\n\t\t\t\t\t\t\t<\/div>\n\t\t<\/div>\n\t\t\t\t<div class=\"elementor-column elementor-col-25 elementor-top-column elementor-element elementor-element-c8e2cb7\" data-id=\"c8e2cb7\" data-element_type=\"column\">\n\t\t\t<div class=\"elementor-widget-wrap\">\n\t\t\t\t\t\t\t<\/div>\n\t\t<\/div>\n\t\t\t\t<div class=\"elementor-column elementor-col-25 elementor-top-column elementor-element elementor-element-e232ab5\" data-id=\"e232ab5\" data-element_type=\"column\">\n\t\t\t<div class=\"elementor-widget-wrap\">\n\t\t\t\t\t\t\t<\/div>\n\t\t<\/div>\n\t\t\t\t<div class=\"elementor-column elementor-col-25 elementor-top-column elementor-element elementor-element-29b63c2\" data-id=\"29b63c2\" data-element_type=\"column\">\n\t\t\t<div class=\"elementor-widget-wrap\">\n\t\t\t\t\t\t\t<\/div>\n\t\t<\/div>\n\t\t\t\t\t<\/div>\n\t\t<\/section>\n\t\t\t\t<section class=\"elementor-section elementor-top-section elementor-element elementor-element-ebc1410 elementor-section-boxed elementor-section-height-default elementor-section-height-default\" data-id=\"ebc1410\" data-element_type=\"section\">\n\t\t\t\t\t\t<div class=\"elementor-container elementor-column-gap-default\">\n\t\t\t\t\t<div class=\"elementor-column elementor-col-100 elementor-top-column elementor-element elementor-element-8f9e293\" data-id=\"8f9e293\" data-element_type=\"column\">\n\t\t\t<div class=\"elementor-widget-wrap elementor-element-populated\">\n\t\t\t\t\t\t<div class=\"elementor-element elementor-element-59e8627 elementor-widget elementor-widget-spacer\" data-id=\"59e8627\" data-element_type=\"widget\" data-widget_type=\"spacer.default\">\n\t\t\t\t<div class=\"elementor-widget-container\">\n\t\t\t\t\t\t\t<div class=\"elementor-spacer\">\n\t\t\t<div class=\"elementor-spacer-inner\"><\/div>\n\t\t<\/div>\n\t\t\t\t\t\t<\/div>\n\t\t\t\t<\/div>\n\t\t\t\t<div class=\"elementor-element elementor-element-1a5a688 elementor-widget elementor-widget-spacer\" data-id=\"1a5a688\" data-element_type=\"widget\" data-widget_type=\"spacer.default\">\n\t\t\t\t<div class=\"elementor-widget-container\">\n\t\t\t\t\t\t\t<div class=\"elementor-spacer\">\n\t\t\t<div class=\"elementor-spacer-inner\"><\/div>\n\t\t<\/div>\n\t\t\t\t\t\t<\/div>\n\t\t\t\t<\/div>\n\t\t\t\t\t<\/div>\n\t\t<\/div>\n\t\t\t\t\t<\/div>\n\t\t<\/section>\n\t\t\t\t<section class=\"elementor-section elementor-top-section elementor-element elementor-element-4985f37 elementor-section-boxed elementor-section-height-default elementor-section-height-default\" data-id=\"4985f37\" data-element_type=\"section\">\n\t\t\t\t\t\t<div class=\"elementor-container elementor-column-gap-default\">\n\t\t\t\t\t<div class=\"elementor-column elementor-col-100 elementor-top-column elementor-element elementor-element-2c970f5\" data-id=\"2c970f5\" data-element_type=\"column\">\n\t\t\t<div class=\"elementor-widget-wrap elementor-element-populated\">\n\t\t\t\t\t\t<div class=\"elementor-element elementor-element-f71b2d5 elementor-widget elementor-widget-woocommerce-breadcrumb\" data-id=\"f71b2d5\" data-element_type=\"widget\" data-widget_type=\"woocommerce-breadcrumb.default\">\n\t\t\t\t<div class=\"elementor-widget-container\">\n\t\t\t\t\t<nav class=\"woocommerce-breadcrumb\" aria-label=\"Breadcrumb\">In\u00edcio<\/nav>\t\t\t\t<\/div>\n\t\t\t\t<\/div>\n\t\t\t\t\t<\/div>\n\t\t<\/div>\n\t\t\t\t\t<\/div>\n\t\t<\/section>\n\t\t\t\t<\/div>\n\t\t","protected":false},"excerpt":{"rendered":"<p>nossos pendurada quadros GalleriaGAEKKO Pendurada quadros para Fotos em alum\u00ednio e metacrilato e madeira e cart\u00e3o pluma &nbsp; TelaGAEKKO Pendurada quadros para\u00a0 Impress\u00e3o em tela &nbsp; EmolduradasGAEKKO Pendurada quadros para Fotografias emolduradas e imagens de v\u00e1rias partes &nbsp; FotoGAEKKO Pendurada quadros para Fotos e Cart\u00f5es (autoadesivo) &nbsp; PosterGAEKKO Pendurada quadros para P\u00f3ster papel fotogr\u00e1fico (autoadesivo [&hellip;]<\/p>\n","protected":false},"author":1,"featured_media":0,"parent":0,"menu_order":0,"comment_status":"closed","ping_status":"closed","template":"elementor_header_footer","meta":{"site-sidebar-layout":"no-sidebar","site-content-layout":"page-builder","ast-site-content-layout":"full-width-container","site-content-style":"unboxed","site-sidebar-style":"unboxed","ast-global-header-display":"","ast-banner-title-visibility":"","ast-main-header-display":"","ast-hfb-above-header-display":"","ast-hfb-below-header-display":"","ast-hfb-mobile-header-display":"","site-post-title":"disabled","ast-breadcrumbs-content":"disabled","ast-featured-img":"disabled","footer-sml-layout":"","ast-disable-related-posts":"","theme-transparent-header-meta":"default","adv-header-id-meta":"","stick-header-meta":"","header-above-stick-meta":"","header-main-stick-meta":"","header-below-stick-meta":"","astra-migrate-meta-layouts":"set","ast-page-background-enabled":"default","ast-page-background-meta":{"desktop":{"background-color":"","background-image":"","background-repeat":"repeat","background-position":"center center","background-size":"auto","background-attachment":"scroll","background-type":"","background-media":"","overlay-type":"","overlay-color":"","overlay-opacity":"","overlay-gradient":""},"tablet":{"background-color":"","background-image":"","background-repeat":"repeat","background-position":"center center","background-size":"auto","background-attachment":"scroll","background-type":"","background-media":"","overlay-type":"","overlay-color":"","overlay-opacity":"","overlay-gradient":""},"mobile":{"background-color":"","background-image":"","background-repeat":"repeat","background-position":"center center","background-size":"auto","background-attachment":"scroll","background-type":"","background-media":"","overlay-type":"","overlay-color":"","overlay-opacity":"","overlay-gradient":""}},"ast-content-background-meta":{"desktop":{"background-color":"var(--ast-global-color-5)","background-image":"","background-repeat":"repeat","background-position":"center center","background-size":"auto","background-attachment":"scroll","background-type":"","background-media":"","overlay-type":"","overlay-color":"","overlay-opacity":"","overlay-gradient":""},"tablet":{"background-color":"var(--ast-global-color-5)","background-image":"","background-repeat":"repeat","background-position":"center center","background-size":"auto","background-attachment":"scroll","background-type":"","background-media":"","overlay-type":"","overlay-color":"","overlay-opacity":"","overlay-gradient":""},"mobile":{"background-color":"var(--ast-global-color-5)","background-image":"","background-repeat":"repeat","background-position":"center center","background-size":"auto","background-attachment":"scroll","background-type":"","background-media":"","overlay-type":"","overlay-color":"","overlay-opacity":"","overlay-gradient":""}},"footnotes":""},"class_list":["post-749","page","type-page","status-publish","hentry"],"yoast_head":"<!-- This site is optimized with the Yoast SEO Premium plugin v23.9 (Yoast SEO v26.1.1) - https:\/\/yoast.com\/wordpress\/plugins\/seo\/ -->\n<title>Pendurada quadros - GAEKKO Pendurada quadros - Para pendurar fotos<\/title>\n<meta name=\"robots\" content=\"index, follow, max-snippet:-1, max-image-preview:large, max-video-preview:-1\" \/>\n<link rel=\"canonical\" href=\"https:\/\/gaekko.de\/pt\/pendurar-fotografia\/\" \/>\n<meta property=\"og:locale\" content=\"pt_PT\" \/>\n<meta property=\"og:type\" content=\"article\" \/>\n<meta property=\"og:title\" content=\"Pendurada quadros\" \/>\n<meta property=\"og:description\" content=\"nossos pendurada quadros GalleriaGAEKKO Pendurada quadros para Fotos em alum\u00ednio e metacrilato e madeira e cart\u00e3o pluma &nbsp; TelaGAEKKO Pendurada quadros para\u00a0 Impress\u00e3o em tela &nbsp; EmolduradasGAEKKO Pendurada quadros para Fotografias emolduradas e imagens de v\u00e1rias partes &nbsp; FotoGAEKKO Pendurada quadros para Fotos e Cart\u00f5es (autoadesivo) &nbsp; PosterGAEKKO Pendurada quadros para P\u00f3ster papel fotogr\u00e1fico (autoadesivo [&hellip;]\" \/>\n<meta property=\"og:url\" content=\"https:\/\/gaekko.de\/pt\/pendurar-fotografia\/\" \/>\n<meta property=\"og:site_name\" content=\"GAEKKO Pendurada quadros - Para pendurar fotos\" \/>\n<meta property=\"article:publisher\" content=\"https:\/\/www.facebook.com\/GAEKKO.de\" \/>\n<meta property=\"article:modified_time\" content=\"2024-01-14T07:52:20+00:00\" \/>\n<meta property=\"og:image\" content=\"https:\/\/gaekko.de\/wp-content\/uploads\/2021\/04\/cabides-cola-pregos-parafusos-alu-dibond-acrilico-fotos-auto-adesivo-desktop-001.jpg\" \/>\n<meta name=\"twitter:card\" content=\"summary_large_image\" \/>\n<meta name=\"twitter:site\" content=\"@gaekko_de\" \/>\n<script type=\"application\/ld+json\" class=\"yoast-schema-graph\">{\"@context\":\"https:\/\/schema.org\",\"@graph\":[{\"@type\":\"WebPage\",\"@id\":\"https:\/\/gaekko.de\/pt\/pendurar-fotografia\/\",\"url\":\"https:\/\/gaekko.de\/pt\/pendurar-fotografia\/\",\"name\":\"Pendurada quadros - GAEKKO Pendurada quadros - Para pendurar fotos\",\"isPartOf\":{\"@id\":\"https:\/\/gaekko.de\/pt\/#website\"},\"primaryImageOfPage\":{\"@id\":\"https:\/\/gaekko.de\/pt\/pendurar-fotografia\/#primaryimage\"},\"image\":{\"@id\":\"https:\/\/gaekko.de\/pt\/pendurar-fotografia\/#primaryimage\"},\"thumbnailUrl\":\"https:\/\/gaekko.de\/wp-content\/uploads\/2021\/04\/cabides-cola-pregos-parafusos-alu-dibond-acrilico-fotos-auto-adesivo-desktop-001.jpg\",\"datePublished\":\"2021-04-08T16:23:21+00:00\",\"dateModified\":\"2024-01-14T07:52:20+00:00\",\"breadcrumb\":{\"@id\":\"https:\/\/gaekko.de\/pt\/pendurar-fotografia\/#breadcrumb\"},\"inLanguage\":\"pt-PT\",\"potentialAction\":[{\"@type\":\"ReadAction\",\"target\":[\"https:\/\/gaekko.de\/pt\/pendurar-fotografia\/\"]}]},{\"@type\":\"ImageObject\",\"inLanguage\":\"pt-PT\",\"@id\":\"https:\/\/gaekko.de\/pt\/pendurar-fotografia\/#primaryimage\",\"url\":\"https:\/\/gaekko.de\/wp-content\/uploads\/2021\/04\/cabides-cola-pregos-parafusos-alu-dibond-acrilico-fotos-auto-adesivo-desktop-001.jpg\",\"contentUrl\":\"https:\/\/gaekko.de\/wp-content\/uploads\/2021\/04\/cabides-cola-pregos-parafusos-alu-dibond-acrilico-fotos-auto-adesivo-desktop-001.jpg\"},{\"@type\":\"BreadcrumbList\",\"@id\":\"https:\/\/gaekko.de\/pt\/pendurar-fotografia\/#breadcrumb\",\"itemListElement\":[{\"@type\":\"ListItem\",\"position\":1,\"name\":\"Startseite\",\"item\":\"https:\/\/gaekko.de\/pt\/\"},{\"@type\":\"ListItem\",\"position\":2,\"name\":\"Pendurada quadros\"}]},{\"@type\":\"WebSite\",\"@id\":\"https:\/\/gaekko.de\/pt\/#website\",\"url\":\"https:\/\/gaekko.de\/pt\/\",\"name\":\"GAEKKO Pendurada quadros - Para pendurar fotos\",\"description\":\"Voc\u00ea gostaria de pendurar uma foto? Conhe\u00e7a os nossos produtos para colar, aparafusar ou pregar pinturas na parede. Para descobrir mais clique aqui!\",\"publisher\":{\"@id\":\"https:\/\/gaekko.de\/pt\/#organization\"},\"potentialAction\":[{\"@type\":\"SearchAction\",\"target\":{\"@type\":\"EntryPoint\",\"urlTemplate\":\"https:\/\/gaekko.de\/pt\/?s={search_term_string}\"},\"query-input\":{\"@type\":\"PropertyValueSpecification\",\"valueRequired\":true,\"valueName\":\"search_term_string\"}}],\"inLanguage\":\"pt-PT\"},{\"@type\":\"Organization\",\"@id\":\"https:\/\/gaekko.de\/pt\/#organization\",\"name\":\"GAEKKO Pendurada quadros - Para pendurar fotos\",\"url\":\"https:\/\/gaekko.de\/pt\/\",\"logo\":{\"@type\":\"ImageObject\",\"inLanguage\":\"pt-PT\",\"@id\":\"https:\/\/gaekko.de\/pt\/#\/schema\/logo\/image\/\",\"url\":\"https:\/\/gaekko.de\/pt\/wp-content\/uploads\/sites\/11\/2021\/07\/cropped-logo-fit-1.png\",\"contentUrl\":\"https:\/\/gaekko.de\/pt\/wp-content\/uploads\/sites\/11\/2021\/07\/cropped-logo-fit-1.png\",\"width\":300,\"height\":60,\"caption\":\"GAEKKO Pendurada quadros - Para pendurar fotos\"},\"image\":{\"@id\":\"https:\/\/gaekko.de\/pt\/#\/schema\/logo\/image\/\"},\"sameAs\":[\"https:\/\/www.facebook.com\/GAEKKO.de\",\"https:\/\/x.com\/gaekko_de\",\"https:\/\/www.instagram.com\/gaekko.de\"]}]}<\/script>\n<!-- \/ Yoast SEO Premium plugin. -->","yoast_head_json":{"title":"Pendurada quadros - GAEKKO Pendurada quadros - Para pendurar fotos","robots":{"index":"index","follow":"follow","max-snippet":"max-snippet:-1","max-image-preview":"max-image-preview:large","max-video-preview":"max-video-preview:-1"},"canonical":"https:\/\/gaekko.de\/pt\/pendurar-fotografia\/","og_locale":"pt_PT","og_type":"article","og_title":"Pendurada quadros","og_description":"nossos pendurada quadros GalleriaGAEKKO Pendurada quadros para Fotos em alum\u00ednio e metacrilato e madeira e cart\u00e3o pluma &nbsp; TelaGAEKKO Pendurada quadros para\u00a0 Impress\u00e3o em tela &nbsp; EmolduradasGAEKKO Pendurada quadros para Fotografias emolduradas e imagens de v\u00e1rias partes &nbsp; FotoGAEKKO Pendurada quadros para Fotos e Cart\u00f5es (autoadesivo) &nbsp; PosterGAEKKO Pendurada quadros para P\u00f3ster papel fotogr\u00e1fico (autoadesivo [&hellip;]","og_url":"https:\/\/gaekko.de\/pt\/pendurar-fotografia\/","og_site_name":"GAEKKO Pendurada quadros - Para pendurar fotos","article_publisher":"https:\/\/www.facebook.com\/GAEKKO.de","article_modified_time":"2024-01-14T07:52:20+00:00","og_image":[{"url":"https:\/\/gaekko.de\/wp-content\/uploads\/2021\/04\/cabides-cola-pregos-parafusos-alu-dibond-acrilico-fotos-auto-adesivo-desktop-001.jpg","type":"","width":"","height":""}],"twitter_card":"summary_large_image","twitter_site":"@gaekko_de","schema":{"@context":"https:\/\/schema.org","@graph":[{"@type":"WebPage","@id":"https:\/\/gaekko.de\/pt\/pendurar-fotografia\/","url":"https:\/\/gaekko.de\/pt\/pendurar-fotografia\/","name":"Pendurada quadros - GAEKKO Pendurada quadros - Para pendurar fotos","isPartOf":{"@id":"https:\/\/gaekko.de\/pt\/#website"},"primaryImageOfPage":{"@id":"https:\/\/gaekko.de\/pt\/pendurar-fotografia\/#primaryimage"},"image":{"@id":"https:\/\/gaekko.de\/pt\/pendurar-fotografia\/#primaryimage"},"thumbnailUrl":"https:\/\/gaekko.de\/wp-content\/uploads\/2021\/04\/cabides-cola-pregos-parafusos-alu-dibond-acrilico-fotos-auto-adesivo-desktop-001.jpg","datePublished":"2021-04-08T16:23:21+00:00","dateModified":"2024-01-14T07:52:20+00:00","breadcrumb":{"@id":"https:\/\/gaekko.de\/pt\/pendurar-fotografia\/#breadcrumb"},"inLanguage":"pt-PT","potentialAction":[{"@type":"ReadAction","target":["https:\/\/gaekko.de\/pt\/pendurar-fotografia\/"]}]},{"@type":"ImageObject","inLanguage":"pt-PT","@id":"https:\/\/gaekko.de\/pt\/pendurar-fotografia\/#primaryimage","url":"https:\/\/gaekko.de\/wp-content\/uploads\/2021\/04\/cabides-cola-pregos-parafusos-alu-dibond-acrilico-fotos-auto-adesivo-desktop-001.jpg","contentUrl":"https:\/\/gaekko.de\/wp-content\/uploads\/2021\/04\/cabides-cola-pregos-parafusos-alu-dibond-acrilico-fotos-auto-adesivo-desktop-001.jpg"},{"@type":"BreadcrumbList","@id":"https:\/\/gaekko.de\/pt\/pendurar-fotografia\/#breadcrumb","itemListElement":[{"@type":"ListItem","position":1,"name":"Startseite","item":"https:\/\/gaekko.de\/pt\/"},{"@type":"ListItem","position":2,"name":"Pendurada quadros"}]},{"@type":"WebSite","@id":"https:\/\/gaekko.de\/pt\/#website","url":"https:\/\/gaekko.de\/pt\/","name":"GAEKKO Pendurada quadros - Para pendurar fotos","description":"Voc\u00ea gostaria de pendurar uma foto? Conhe\u00e7a os nossos produtos para colar, aparafusar ou pregar pinturas na parede. Para descobrir mais clique aqui!","publisher":{"@id":"https:\/\/gaekko.de\/pt\/#organization"},"potentialAction":[{"@type":"SearchAction","target":{"@type":"EntryPoint","urlTemplate":"https:\/\/gaekko.de\/pt\/?s={search_term_string}"},"query-input":{"@type":"PropertyValueSpecification","valueRequired":true,"valueName":"search_term_string"}}],"inLanguage":"pt-PT"},{"@type":"Organization","@id":"https:\/\/gaekko.de\/pt\/#organization","name":"GAEKKO Pendurada quadros - Para pendurar fotos","url":"https:\/\/gaekko.de\/pt\/","logo":{"@type":"ImageObject","inLanguage":"pt-PT","@id":"https:\/\/gaekko.de\/pt\/#\/schema\/logo\/image\/","url":"https:\/\/gaekko.de\/pt\/wp-content\/uploads\/sites\/11\/2021\/07\/cropped-logo-fit-1.png","contentUrl":"https:\/\/gaekko.de\/pt\/wp-content\/uploads\/sites\/11\/2021\/07\/cropped-logo-fit-1.png","width":300,"height":60,"caption":"GAEKKO Pendurada quadros - Para pendurar fotos"},"image":{"@id":"https:\/\/gaekko.de\/pt\/#\/schema\/logo\/image\/"},"sameAs":["https:\/\/www.facebook.com\/GAEKKO.de","https:\/\/x.com\/gaekko_de","https:\/\/www.instagram.com\/gaekko.de"]}]}},"_links":{"self":[{"href":"https:\/\/gaekko.de\/pt\/wp-json\/wp\/v2\/pages\/749","targetHints":{"allow":["GET"]}}],"collection":[{"href":"https:\/\/gaekko.de\/pt\/wp-json\/wp\/v2\/pages"}],"about":[{"href":"https:\/\/gaekko.de\/pt\/wp-json\/wp\/v2\/types\/page"}],"author":[{"embeddable":true,"href":"https:\/\/gaekko.de\/pt\/wp-json\/wp\/v2\/users\/1"}],"replies":[{"embeddable":true,"href":"https:\/\/gaekko.de\/pt\/wp-json\/wp\/v2\/comments?post=749"}],"version-history":[{"count":10,"href":"https:\/\/gaekko.de\/pt\/wp-json\/wp\/v2\/pages\/749\/revisions"}],"predecessor-version":[{"id":16685,"href":"https:\/\/gaekko.de\/pt\/wp-json\/wp\/v2\/pages\/749\/revisions\/16685"}],"wp:attachment":[{"href":"https:\/\/gaekko.de\/pt\/wp-json\/wp\/v2\/media?parent=749"}],"curies":[{"name":"wp","href":"https:\/\/api.w.org\/{rel}","templated":true}]}}