{"id":52,"date":"2021-04-02T08:38:46","date_gmt":"2021-04-02T06:38:46","guid":{"rendered":"https:\/\/gaekko.de\/pt\/?post_type=product&#038;p=52"},"modified":"2025-01-14T14:56:02","modified_gmt":"2025-01-14T13:56:02","slug":"fotogaekko","status":"publish","type":"product","link":"https:\/\/gaekko.de\/pt\/pendurada-quadros\/fotogaekko\/","title":{"rendered":"FotoGAEKKO &#8211; Pendurar fotos e Cart\u00f5es"},"content":{"rendered":"<p>Previous<br \/>\nNext<\/p>\n<h2>Der Bildaufh\u00e4nger f\u00fcr deine Fotos &amp; Postkarten<\/h2>\n<div class=\"ast-oembed-container \" style=\"height: 100%;\"><iframe title=\"FotoGAEKKO - selbstklebender Fotoaufh\u00e4nger - Der Bildaufh\u00e4nger f\u00fcr Fotos &amp; Postkarten\" width=\"500\" height=\"281\" src=\"https:\/\/www.youtube.com\/embed\/8OYzHGQWB04?feature=oembed\" frameborder=\"0\" allow=\"accelerometer; autoplay; clipboard-write; encrypted-media; gyroscope; picture-in-picture; web-share\" referrerpolicy=\"strict-origin-when-cross-origin\" allowfullscreen><\/iframe><\/div>\n<h2>Sicher einkaufen in unserem verifizierten Online-Shop!<\/h2>\n<p>[trustindex no-registration=trustpilot]<\/p>\n<h2>Warum direkt bei GAEKKO kaufen?<\/h2>\n<h3>Hergestellt in Deutschland<\/h3>\n<p>Unsere Aufh\u00e4nger werden in Saarbr\u00fccken nach den neusten Sicherheitsstandards hergestellt.<\/p>\n<h3>Biologisch abbaubar<\/h3>\n<p>Unsere Aufh\u00e4nger sind aus biologisch abbaubarem Kunststoff und k\u00f6nnen wieder verwendet werden.<\/p>\n<h3>Kaufe 2 und spare<\/h3>\n<p>Wir gew\u00e4hren dir beim Kauf von zwei Aufh\u00e4nger und mehr einen Mengenrabatt von 5-10%.<\/p>\n<h3>14 t\u00e4giges R\u00fcckgaberecht<\/h3>\n<p>Wenn dir unsere Aufh\u00e4nger nicht gefallen, kannst Du sie innerhalb von 14 Tagen an uns zur\u00fcck schicken.<\/p>\n<h3>Kostenloser Versand<\/h3>\n<p>Unsere Aufh\u00e4nger kommen kostenlos zu dir nach Hause. Und das innerhalb von zwei bis drei Werktagen.<\/p>\n<h2>Das Bildaufh\u00e4nger-Set: Kleben, was denn sonst!<\/h2>\n<figure><img alt=\"\" \/><\/figure>\n<figure><img alt=\"\" \/><\/figure>\n<figure><img decoding=\"async\" src=\"https:\/\/gaekko.de\/pt\/wp-content\/uploads\/sites\/11\/2018\/12\/34591F1B-8B89-4EDA-89E0-4B49435ADDC1-300x225.jpeg\" alt=\"34591F1B-8B89-4EDA-89E0-4B49435ADDC1\" \/><figcaption>Hochwertige Klebepunkte.<\/figcaption><\/figure>\n<h2>Wieso eigentlich GAEKKO?<\/h2>\n<h2>Alle Fotos &amp; Postkarten<\/h2>\n<p>Unsere FotoGAEKKO sind die einfachste Art Fotos und Postkarten aufzuh\u00e4ngen und eine stylische und g\u00fcnstige Alternative zu herk\u00f6mmlichen Bilderrahmen.<\/p>\n<p><img fetchpriority=\"high\" decoding=\"async\" src=\"https:\/\/gaekko.de\/pt\/wp-content\/uploads\/sites\/11\/2018\/12\/bilderformate2-300x300.jpeg\" sizes=\"(max-width: 300px) 100vw, 300px\" srcset=\"https:\/\/gaekko.de\/pt\/wp-content\/uploads\/sites\/11\/2018\/12\/bilderformate2-300x300.jpeg 300w, https:\/\/gaekko.de\/pt\/wp-content\/uploads\/sites\/11\/2018\/12\/bilderformate2-100x100.jpeg 100w, https:\/\/gaekko.de\/pt\/wp-content\/uploads\/sites\/11\/2018\/12\/bilderformate2-150x150.jpeg 150w\" alt=\"\" width=\"300\" height=\"300\" \/><br \/>\n<img decoding=\"async\" src=\"https:\/\/gaekko.de\/pt\/wp-content\/uploads\/sites\/11\/2018\/12\/Wand-300x300.jpeg\" sizes=\"(max-width: 300px) 100vw, 300px\" srcset=\"https:\/\/gaekko.de\/pt\/wp-content\/uploads\/sites\/11\/2018\/12\/Wand-300x300.jpeg 300w, https:\/\/gaekko.de\/pt\/wp-content\/uploads\/sites\/11\/2018\/12\/Wand-100x100.jpeg 100w, https:\/\/gaekko.de\/pt\/wp-content\/uploads\/sites\/11\/2018\/12\/Wand-150x150.jpeg 150w\" alt=\"\" width=\"300\" height=\"300\" \/><\/p>\n<h2>Alle Wandoberfl\u00e4chen<\/h2>\n<p>Mit dem innovativen, selbstklebenden\u00a0Aufh\u00e4ngesystem von GAEKKO kann das gew\u00fcnschte Foto an jede Wand einfach und unkompliziert angebracht werden. Geeignet f\u00fcr: Tapete, Raufaser, Putz, Fliesen, Rigips, Beton, Kunststoff, Marmor, Metall, Glas oder Holz<\/p>\n<h2>Schnell und einfach aufgeh\u00e4ngt<\/h2>\n<p>Mit GAEKKO wird Bilder aufh\u00e4ngen kinderleicht. Mit nur zwei FotoGAEKKOs kannst du in 30 Sekunden dein gew\u00fcnschtes Bild an die Wand h\u00e4ngen. Einfach an zwei gegen\u00fcberliegende Ecken anbringen &#8211; fertig. Nie mehr verstaubte Bilderrahmen, komplizierte Aufh\u00e4ngeseile, oder Galerieleisten, die aufwendig an die Wand genagelt oder gebohrt werden m\u00fcssen.<br \/>\n<img decoding=\"async\" src=\"https:\/\/gaekko.de\/pt\/wp-content\/uploads\/sites\/11\/2018\/12\/Einfach-300x300.jpeg\" sizes=\"(max-width: 300px) 100vw, 300px\" srcset=\"https:\/\/gaekko.de\/pt\/wp-content\/uploads\/sites\/11\/2018\/12\/Einfach-300x300.jpeg 300w, https:\/\/gaekko.de\/pt\/wp-content\/uploads\/sites\/11\/2018\/12\/Einfach-100x100.jpeg 100w, https:\/\/gaekko.de\/pt\/wp-content\/uploads\/sites\/11\/2018\/12\/Einfach-150x150.jpeg 150w\" alt=\"\" width=\"300\" height=\"300\" \/><br \/>\n<img loading=\"lazy\" decoding=\"async\" src=\"https:\/\/gaekko.de\/pt\/wp-content\/uploads\/sites\/11\/2018\/12\/pexels-photo-1071878-300x300.jpeg\" sizes=\"(max-width: 300px) 100vw, 300px\" srcset=\"https:\/\/gaekko.de\/pt\/wp-content\/uploads\/sites\/11\/2018\/12\/pexels-photo-1071878-300x300.jpeg 300w, https:\/\/gaekko.de\/pt\/wp-content\/uploads\/sites\/11\/2018\/12\/pexels-photo-1071878-100x100.jpeg 100w, https:\/\/gaekko.de\/pt\/wp-content\/uploads\/sites\/11\/2018\/12\/pexels-photo-1071878-150x150.jpeg 150w\" alt=\"\" width=\"300\" height=\"300\" \/><\/p>\n<h2>R\u00fcckstandslos entfernbar und jederzeit wiederverwendbar<\/h2>\n<p>Das Foto kann schnell und einfach ausgetauscht werden und ein neues einfach in die Ecken gesteckt werden ohne die Aufh\u00e4nger von der Wand zu entfernen.<br \/>\nDie Fotoecken sind jederzeit wiederverwendbar: Einfach die Klebepunkte vorsichtig von der Wand entfernen und an einer anderen Wand platzieren.<\/p>\n<h2>Alles in einem Set enthalten<\/h2>\n<p>Wie ein Rund-um-Sorglos-Paket: Mit den GAEKKO Aufh\u00e4ngesystemen kannst Du in wenigen Schritten Dein\u00a0gew\u00fcnschtes Bild an die Wand h\u00e4ngen<\/p>\n<p><img loading=\"lazy\" decoding=\"async\" src=\"https:\/\/gaekko.de\/pt\/wp-content\/uploads\/sites\/11\/2018\/12\/einfach2-300x300.jpeg\" sizes=\"(max-width: 300px) 100vw, 300px\" srcset=\"https:\/\/gaekko.de\/pt\/wp-content\/uploads\/sites\/11\/2018\/12\/einfach2-300x300.jpeg 300w, https:\/\/gaekko.de\/pt\/wp-content\/uploads\/sites\/11\/2018\/12\/einfach2-100x100.jpeg 100w, https:\/\/gaekko.de\/pt\/wp-content\/uploads\/sites\/11\/2018\/12\/einfach2-150x150.jpeg 150w\" alt=\"\" width=\"300\" height=\"300\" \/><\/p>\n<h2>Unser Versprechen<\/h2>\n<ul>\n<li>Hergestellt in Deutschland (Saarland)<\/li>\n<li>pers\u00f6nlicher Kontakt<\/li>\n<li>100% Qualit\u00e4tsgarantie<\/li>\n<li>14 t\u00e4giges R\u00fcckgaberecht\u200b<\/li>\n<li>Sicher Einkaufen &amp; Bezahlen\u200b<\/li>\n<\/ul>\n<h4 style=\"margin-bottom: 0px; font-family: 'Segoe UI', 'Helvetica Neue', sans-serif, Arial;\" data-elementor-setting-key=\"title\" data-pen-placeholder=\"Eingabe hier...\">Hergestellt in Deutschland (Saarland)<\/h4>\n<h4>pers\u00f6nlicher Kontakt<\/h4>\n<h4>100% Qualit\u00e4tsgarantie<\/h4>\n<h4>14 t\u00e4giges R\u00fcckgaberecht<\/h4>\n<h4>Sicher Einkaufen &amp; Bezahlen<\/h4>\n<p><a href=\"https:\/\/www.instagram.com\/gaekko.de\/?hl=de\" target=\"_blank\" rel=\"noopener\"><br \/>\nInstagram<br \/>\n<\/a><br \/>\n<a href=\"https:\/\/www.youtube.com\/channel\/UCY2bNrr6jznZyg50ON4Dkog\" target=\"_blank\" rel=\"noopener\"><br \/>\nYoutube<br \/>\n<\/a><br \/>\n<a href=\"https:\/\/twitter.com\/gaekko_de?lang=de\" target=\"_blank\" rel=\"noopener\"><br \/>\nTwitter<br \/>\n<\/a><\/p>\n<h2>Kundenbewertungen<\/h2>\n","protected":false},"excerpt":{"rendered":"<p><span style=\"font-size: 8pt; font-family: arial, helvetica, sans-serif;\">Mit unseren selbstklebenden Aufh\u00e4ngern f\u00fcr Fotos &amp; Postkarten\u00a0hast Du die M\u00f6glichkeit\u00a0<strong>einfach und schnell Deine Bilder ohne L\u00f6cher an der\u00a0Wand anzubringen.<br \/>\n<\/strong><\/span><span style=\"font-size: 8pt; font-family: arial, helvetica, sans-serif;\"><img decoding=\"async\" src=\"https:\/\/gaekko.de\/wp-content\/uploads\/2018\/04\/gruenerhaken.gif\" alt=\"null\" \/>\u00a0Alle Fotos &amp; Postkarten<br \/>\n<\/span><span style=\"font-size: 8pt; font-family: arial, helvetica, sans-serif;\"><img decoding=\"async\" src=\"https:\/\/gaekko.de\/wp-content\/uploads\/2018\/04\/gruenerhaken.gif\" alt=\"null\" \/>\u00a0Alle Wandoberfl\u00e4chen<br \/>\n<\/span><span style=\"font-size: 8pt; font-family: arial, helvetica, sans-serif;\"><img decoding=\"async\" src=\"https:\/\/gaekko.de\/wp-content\/uploads\/2018\/04\/gruenerhaken.gif\" alt=\"null\" \/> R\u00fcckstandslos entfernbar und wiederverwendbar: Die Klebepunkte einfach drehen und nach unten hin abrollen! Fertig!<br \/>\n<\/span><span style=\"font-size: 8pt; font-family: arial, helvetica, sans-serif;\"><img decoding=\"async\" src=\"https:\/\/gaekko.de\/wp-content\/uploads\/2018\/04\/gruenerhaken.gif\" alt=\"null\" \/> Extra kleine Aufh\u00e4nger (Breite x L\u00e4nge): 1 x 1 cm<\/span><\/p>\n<p><span style=\"font-size: 8pt; font-family: arial, helvetica, sans-serif;\"><strong>Alles im 32er-Set enthalten:<br \/>\n<\/strong>32 Fotoecken inklusive Klebepunkte f\u00fcr bis zu 16 Fotos &amp; Postkarten<\/span><\/p>\n","protected":false},"featured_media":4383,"comment_status":"open","ping_status":"closed","template":"","meta":{"site-sidebar-layout":"default","site-content-layout":"default","ast-site-content-layout":"default","site-content-style":"default","site-sidebar-style":"default","ast-global-header-display":"","ast-banner-title-visibility":"","ast-main-header-display":"","ast-hfb-above-header-display":"","ast-hfb-below-header-display":"","ast-hfb-mobile-header-display":"","site-post-title":"","ast-breadcrumbs-content":"","ast-featured-img":"","footer-sml-layout":"","ast-disable-related-posts":"","theme-transparent-header-meta":"default","adv-header-id-meta":"","stick-header-meta":"","header-above-stick-meta":"","header-main-stick-meta":"","header-below-stick-meta":"","astra-migrate-meta-layouts":"set","ast-page-background-enabled":"default","ast-page-background-meta":{"desktop":{"background-color":"","background-image":"","background-repeat":"repeat","background-position":"center center","background-size":"auto","background-attachment":"scroll","background-type":"","background-media":"","overlay-type":"","overlay-color":"","overlay-opacity":"","overlay-gradient":""},"tablet":{"background-color":"","background-image":"","background-repeat":"repeat","background-position":"center center","background-size":"auto","background-attachment":"scroll","background-type":"","background-media":"","overlay-type":"","overlay-color":"","overlay-opacity":"","overlay-gradient":""},"mobile":{"background-color":"","background-image":"","background-repeat":"repeat","background-position":"center center","background-size":"auto","background-attachment":"scroll","background-type":"","background-media":"","overlay-type":"","overlay-color":"","overlay-opacity":"","overlay-gradient":""}},"ast-content-background-meta":{"desktop":{"background-color":"var(--ast-global-color-5)","background-image":"","background-repeat":"repeat","background-position":"center center","background-size":"auto","background-attachment":"scroll","background-type":"","background-media":"","overlay-type":"","overlay-color":"","overlay-opacity":"","overlay-gradient":""},"tablet":{"background-color":"var(--ast-global-color-5)","background-image":"","background-repeat":"repeat","background-position":"center center","background-size":"auto","background-attachment":"scroll","background-type":"","background-media":"","overlay-type":"","overlay-color":"","overlay-opacity":"","overlay-gradient":""},"mobile":{"background-color":"var(--ast-global-color-5)","background-image":"","background-repeat":"repeat","background-position":"center center","background-size":"auto","background-attachment":"scroll","background-type":"","background-media":"","overlay-type":"","overlay-color":"","overlay-opacity":"","overlay-gradient":""}}},"product_brand":[],"product_cat":[17],"product_tag":[70],"class_list":{"0":"post-52","1":"product","2":"type-product","3":"status-publish","4":"has-post-thumbnail","6":"product_cat-pendurada-quadros","7":"product_tag-fotogaekko","8":"desktop-align-left","9":"tablet-align-left","10":"mobile-align-left","12":"first","13":"instock","14":"sale","15":"taxable","16":"shipping-taxable","17":"purchasable","18":"product-type-variable"},"yoast_head":"<!-- This site is optimized with the Yoast SEO Premium plugin v23.9 (Yoast SEO v26.1.1) - https:\/\/yoast.com\/wordpress\/plugins\/seo\/ -->\n<title>FotoGAEKKO - Pendurar fotos e Cart\u00f5es - GAEKKO Pendurada quadros - Para pendurar fotos<\/title>\n<meta name=\"robots\" content=\"index, follow, max-snippet:-1, max-image-preview:large, max-video-preview:-1\" \/>\n<link rel=\"canonical\" href=\"https:\/\/gaekko.de\/pt\/pendurada-quadros\/fotogaekko\/\" \/>\n<meta property=\"og:locale\" content=\"pt_PT\" \/>\n<meta property=\"og:type\" content=\"article\" \/>\n<meta property=\"og:title\" content=\"FotoGAEKKO - Pendurar fotos e Cart\u00f5es\" \/>\n<meta property=\"og:description\" content=\"Mit unseren selbstklebenden Aufh\u00e4ngern f\u00fcr Fotos &amp; Postkarten\u00a0hast Du die M\u00f6glichkeit\u00a0einfach und schnell Deine Bilder ohne L\u00f6cher an der\u00a0Wand anzubringen. \u00a0Alle Fotos &amp; Postkarten \u00a0Alle Wandoberfl\u00e4chen  R\u00fcckstandslos entfernbar und wiederverwendbar: Die Klebepunkte einfach drehen und nach unten hin abrollen! Fertig!  Extra kleine Aufh\u00e4nger (Breite x L\u00e4nge): 1 x 1 cm  Alles im 32er-Set enthalten: 32 Fotoecken inklusive Klebepunkte f\u00fcr bis zu 16 Fotos &amp; Postkarten\" \/>\n<meta property=\"og:url\" content=\"https:\/\/gaekko.de\/pt\/pendurada-quadros\/fotogaekko\/\" \/>\n<meta property=\"og:site_name\" content=\"GAEKKO Pendurada quadros - Para pendurar fotos\" \/>\n<meta property=\"article:publisher\" content=\"https:\/\/www.facebook.com\/GAEKKO.de\" \/>\n<meta property=\"article:modified_time\" content=\"2025-01-14T13:56:02+00:00\" \/>\n<meta property=\"og:image\" content=\"https:\/\/gaekko.de\/pt\/wp-content\/uploads\/sites\/11\/2021\/04\/fotoaufhaenger_selbstklebend_postkartenhalter_fotoclip-fotoseil-desktop-002.jpg\" \/>\n\t<meta property=\"og:image:width\" content=\"1000\" \/>\n\t<meta property=\"og:image:height\" content=\"1000\" \/>\n\t<meta property=\"og:image:type\" content=\"image\/jpeg\" \/>\n<meta name=\"twitter:card\" content=\"summary_large_image\" \/>\n<meta name=\"twitter:site\" content=\"@gaekko_de\" \/>\n<meta name=\"twitter:label1\" content=\"Tempo estimado de leitura\" \/>\n\t<meta name=\"twitter:data1\" content=\"2 minutos\" \/>\n<script type=\"application\/ld+json\" class=\"yoast-schema-graph\">{\"@context\":\"https:\/\/schema.org\",\"@graph\":[{\"@type\":\"WebPage\",\"@id\":\"https:\/\/gaekko.de\/pt\/pendurada-quadros\/fotogaekko\/\",\"url\":\"https:\/\/gaekko.de\/pt\/pendurada-quadros\/fotogaekko\/\",\"name\":\"FotoGAEKKO - Pendurar fotos e Cart\u00f5es - GAEKKO Pendurada quadros - Para pendurar fotos\",\"isPartOf\":{\"@id\":\"https:\/\/gaekko.de\/pt\/#website\"},\"primaryImageOfPage\":{\"@id\":\"https:\/\/gaekko.de\/pt\/pendurada-quadros\/fotogaekko\/#primaryimage\"},\"image\":{\"@id\":\"https:\/\/gaekko.de\/pt\/pendurada-quadros\/fotogaekko\/#primaryimage\"},\"thumbnailUrl\":\"https:\/\/gaekko.de\/pt\/wp-content\/uploads\/sites\/11\/2021\/04\/fotoaufhaenger_selbstklebend_postkartenhalter_fotoclip-fotoseil-desktop-002.jpg\",\"datePublished\":\"2021-04-02T06:38:46+00:00\",\"dateModified\":\"2025-01-14T13:56:02+00:00\",\"breadcrumb\":{\"@id\":\"https:\/\/gaekko.de\/pt\/pendurada-quadros\/fotogaekko\/#breadcrumb\"},\"inLanguage\":\"pt-PT\",\"potentialAction\":[{\"@type\":\"ReadAction\",\"target\":[\"https:\/\/gaekko.de\/pt\/pendurada-quadros\/fotogaekko\/\"]}]},{\"@type\":\"ImageObject\",\"inLanguage\":\"pt-PT\",\"@id\":\"https:\/\/gaekko.de\/pt\/pendurada-quadros\/fotogaekko\/#primaryimage\",\"url\":\"https:\/\/gaekko.de\/pt\/wp-content\/uploads\/sites\/11\/2021\/04\/fotoaufhaenger_selbstklebend_postkartenhalter_fotoclip-fotoseil-desktop-002.jpg\",\"contentUrl\":\"https:\/\/gaekko.de\/pt\/wp-content\/uploads\/sites\/11\/2021\/04\/fotoaufhaenger_selbstklebend_postkartenhalter_fotoclip-fotoseil-desktop-002.jpg\",\"width\":1000,\"height\":1000},{\"@type\":\"BreadcrumbList\",\"@id\":\"https:\/\/gaekko.de\/pt\/pendurada-quadros\/fotogaekko\/#breadcrumb\",\"itemListElement\":[{\"@type\":\"ListItem\",\"position\":1,\"name\":\"Startseite\",\"item\":\"https:\/\/gaekko.de\/pt\/\"},{\"@type\":\"ListItem\",\"position\":2,\"name\":\"Privado: Shop\",\"item\":\"https:\/\/gaekko.de\/pt\/?page_id=729\"},{\"@type\":\"ListItem\",\"position\":3,\"name\":\"FotoGAEKKO &#8211; Pendurar fotos e Cart\u00f5es\"}]},{\"@type\":\"WebSite\",\"@id\":\"https:\/\/gaekko.de\/pt\/#website\",\"url\":\"https:\/\/gaekko.de\/pt\/\",\"name\":\"GAEKKO Pendurada quadros - Para pendurar fotos\",\"description\":\"Voc\u00ea gostaria de pendurar uma foto? Conhe\u00e7a os nossos produtos para colar, aparafusar ou pregar pinturas na parede. Para descobrir mais clique aqui!\",\"publisher\":{\"@id\":\"https:\/\/gaekko.de\/pt\/#organization\"},\"potentialAction\":[{\"@type\":\"SearchAction\",\"target\":{\"@type\":\"EntryPoint\",\"urlTemplate\":\"https:\/\/gaekko.de\/pt\/?s={search_term_string}\"},\"query-input\":{\"@type\":\"PropertyValueSpecification\",\"valueRequired\":true,\"valueName\":\"search_term_string\"}}],\"inLanguage\":\"pt-PT\"},{\"@type\":\"Organization\",\"@id\":\"https:\/\/gaekko.de\/pt\/#organization\",\"name\":\"GAEKKO Pendurada quadros - Para pendurar fotos\",\"url\":\"https:\/\/gaekko.de\/pt\/\",\"logo\":{\"@type\":\"ImageObject\",\"inLanguage\":\"pt-PT\",\"@id\":\"https:\/\/gaekko.de\/pt\/#\/schema\/logo\/image\/\",\"url\":\"https:\/\/gaekko.de\/pt\/wp-content\/uploads\/sites\/11\/2021\/07\/cropped-logo-fit-1.png\",\"contentUrl\":\"https:\/\/gaekko.de\/pt\/wp-content\/uploads\/sites\/11\/2021\/07\/cropped-logo-fit-1.png\",\"width\":300,\"height\":60,\"caption\":\"GAEKKO Pendurada quadros - Para pendurar fotos\"},\"image\":{\"@id\":\"https:\/\/gaekko.de\/pt\/#\/schema\/logo\/image\/\"},\"sameAs\":[\"https:\/\/www.facebook.com\/GAEKKO.de\",\"https:\/\/x.com\/gaekko_de\",\"https:\/\/www.instagram.com\/gaekko.de\"]}]}<\/script>\n<!-- \/ Yoast SEO Premium plugin. -->","yoast_head_json":{"title":"FotoGAEKKO - Pendurar fotos e Cart\u00f5es - GAEKKO Pendurada quadros - Para pendurar fotos","robots":{"index":"index","follow":"follow","max-snippet":"max-snippet:-1","max-image-preview":"max-image-preview:large","max-video-preview":"max-video-preview:-1"},"canonical":"https:\/\/gaekko.de\/pt\/pendurada-quadros\/fotogaekko\/","og_locale":"pt_PT","og_type":"article","og_title":"FotoGAEKKO - Pendurar fotos e Cart\u00f5es","og_description":"Mit unseren selbstklebenden Aufh\u00e4ngern f\u00fcr Fotos &amp; Postkarten\u00a0hast Du die M\u00f6glichkeit\u00a0einfach und schnell Deine Bilder ohne L\u00f6cher an der\u00a0Wand anzubringen. \u00a0Alle Fotos &amp; Postkarten \u00a0Alle Wandoberfl\u00e4chen  R\u00fcckstandslos entfernbar und wiederverwendbar: Die Klebepunkte einfach drehen und nach unten hin abrollen! Fertig!  Extra kleine Aufh\u00e4nger (Breite x L\u00e4nge): 1 x 1 cm  Alles im 32er-Set enthalten: 32 Fotoecken inklusive Klebepunkte f\u00fcr bis zu 16 Fotos &amp; Postkarten","og_url":"https:\/\/gaekko.de\/pt\/pendurada-quadros\/fotogaekko\/","og_site_name":"GAEKKO Pendurada quadros - Para pendurar fotos","article_publisher":"https:\/\/www.facebook.com\/GAEKKO.de","article_modified_time":"2025-01-14T13:56:02+00:00","og_image":[{"width":1000,"height":1000,"url":"https:\/\/gaekko.de\/pt\/wp-content\/uploads\/sites\/11\/2021\/04\/fotoaufhaenger_selbstklebend_postkartenhalter_fotoclip-fotoseil-desktop-002.jpg","type":"image\/jpeg"}],"twitter_card":"summary_large_image","twitter_site":"@gaekko_de","twitter_misc":{"Tempo estimado de leitura":"2 minutos"},"schema":{"@context":"https:\/\/schema.org","@graph":[{"@type":"WebPage","@id":"https:\/\/gaekko.de\/pt\/pendurada-quadros\/fotogaekko\/","url":"https:\/\/gaekko.de\/pt\/pendurada-quadros\/fotogaekko\/","name":"FotoGAEKKO - Pendurar fotos e Cart\u00f5es - GAEKKO Pendurada quadros - Para pendurar fotos","isPartOf":{"@id":"https:\/\/gaekko.de\/pt\/#website"},"primaryImageOfPage":{"@id":"https:\/\/gaekko.de\/pt\/pendurada-quadros\/fotogaekko\/#primaryimage"},"image":{"@id":"https:\/\/gaekko.de\/pt\/pendurada-quadros\/fotogaekko\/#primaryimage"},"thumbnailUrl":"https:\/\/gaekko.de\/pt\/wp-content\/uploads\/sites\/11\/2021\/04\/fotoaufhaenger_selbstklebend_postkartenhalter_fotoclip-fotoseil-desktop-002.jpg","datePublished":"2021-04-02T06:38:46+00:00","dateModified":"2025-01-14T13:56:02+00:00","breadcrumb":{"@id":"https:\/\/gaekko.de\/pt\/pendurada-quadros\/fotogaekko\/#breadcrumb"},"inLanguage":"pt-PT","potentialAction":[{"@type":"ReadAction","target":["https:\/\/gaekko.de\/pt\/pendurada-quadros\/fotogaekko\/"]}]},{"@type":"ImageObject","inLanguage":"pt-PT","@id":"https:\/\/gaekko.de\/pt\/pendurada-quadros\/fotogaekko\/#primaryimage","url":"https:\/\/gaekko.de\/pt\/wp-content\/uploads\/sites\/11\/2021\/04\/fotoaufhaenger_selbstklebend_postkartenhalter_fotoclip-fotoseil-desktop-002.jpg","contentUrl":"https:\/\/gaekko.de\/pt\/wp-content\/uploads\/sites\/11\/2021\/04\/fotoaufhaenger_selbstklebend_postkartenhalter_fotoclip-fotoseil-desktop-002.jpg","width":1000,"height":1000},{"@type":"BreadcrumbList","@id":"https:\/\/gaekko.de\/pt\/pendurada-quadros\/fotogaekko\/#breadcrumb","itemListElement":[{"@type":"ListItem","position":1,"name":"Startseite","item":"https:\/\/gaekko.de\/pt\/"},{"@type":"ListItem","position":2,"name":"Privado: Shop","item":"https:\/\/gaekko.de\/pt\/?page_id=729"},{"@type":"ListItem","position":3,"name":"FotoGAEKKO &#8211; Pendurar fotos e Cart\u00f5es"}]},{"@type":"WebSite","@id":"https:\/\/gaekko.de\/pt\/#website","url":"https:\/\/gaekko.de\/pt\/","name":"GAEKKO Pendurada quadros - Para pendurar fotos","description":"Voc\u00ea gostaria de pendurar uma foto? Conhe\u00e7a os nossos produtos para colar, aparafusar ou pregar pinturas na parede. Para descobrir mais clique aqui!","publisher":{"@id":"https:\/\/gaekko.de\/pt\/#organization"},"potentialAction":[{"@type":"SearchAction","target":{"@type":"EntryPoint","urlTemplate":"https:\/\/gaekko.de\/pt\/?s={search_term_string}"},"query-input":{"@type":"PropertyValueSpecification","valueRequired":true,"valueName":"search_term_string"}}],"inLanguage":"pt-PT"},{"@type":"Organization","@id":"https:\/\/gaekko.de\/pt\/#organization","name":"GAEKKO Pendurada quadros - Para pendurar fotos","url":"https:\/\/gaekko.de\/pt\/","logo":{"@type":"ImageObject","inLanguage":"pt-PT","@id":"https:\/\/gaekko.de\/pt\/#\/schema\/logo\/image\/","url":"https:\/\/gaekko.de\/pt\/wp-content\/uploads\/sites\/11\/2021\/07\/cropped-logo-fit-1.png","contentUrl":"https:\/\/gaekko.de\/pt\/wp-content\/uploads\/sites\/11\/2021\/07\/cropped-logo-fit-1.png","width":300,"height":60,"caption":"GAEKKO Pendurada quadros - Para pendurar fotos"},"image":{"@id":"https:\/\/gaekko.de\/pt\/#\/schema\/logo\/image\/"},"sameAs":["https:\/\/www.facebook.com\/GAEKKO.de","https:\/\/x.com\/gaekko_de","https:\/\/www.instagram.com\/gaekko.de"]}]}},"_links":{"self":[{"href":"https:\/\/gaekko.de\/pt\/wp-json\/wp\/v2\/product\/52","targetHints":{"allow":["GET"]}}],"collection":[{"href":"https:\/\/gaekko.de\/pt\/wp-json\/wp\/v2\/product"}],"about":[{"href":"https:\/\/gaekko.de\/pt\/wp-json\/wp\/v2\/types\/product"}],"replies":[{"embeddable":true,"href":"https:\/\/gaekko.de\/pt\/wp-json\/wp\/v2\/comments?post=52"}],"version-history":[{"count":3,"href":"https:\/\/gaekko.de\/pt\/wp-json\/wp\/v2\/product\/52\/revisions"}],"predecessor-version":[{"id":13378,"href":"https:\/\/gaekko.de\/pt\/wp-json\/wp\/v2\/product\/52\/revisions\/13378"}],"wp:featuredmedia":[{"embeddable":true,"href":"https:\/\/gaekko.de\/pt\/wp-json\/wp\/v2\/media\/4383"}],"wp:attachment":[{"href":"https:\/\/gaekko.de\/pt\/wp-json\/wp\/v2\/media?parent=52"}],"wp:term":[{"taxonomy":"product_brand","embeddable":true,"href":"https:\/\/gaekko.de\/pt\/wp-json\/wp\/v2\/product_brand?post=52"},{"taxonomy":"product_cat","embeddable":true,"href":"https:\/\/gaekko.de\/pt\/wp-json\/wp\/v2\/product_cat?post=52"},{"taxonomy":"product_tag","embeddable":true,"href":"https:\/\/gaekko.de\/pt\/wp-json\/wp\/v2\/product_tag?post=52"}],"curies":[{"name":"wp","href":"https:\/\/api.w.org\/{rel}","templated":true}]}}